{"id":10850,"date":"2017-09-06T19:04:07","date_gmt":"2017-09-06T18:04:07","guid":{"rendered":"http:\/\/hotelshkelzeni.com\/?page_id=10850"},"modified":"2017-09-06T19:04:07","modified_gmt":"2017-09-06T18:04:07","slug":"vendndodhja","status":"publish","type":"page","link":"https:\/\/hotelshkelzeni.com\/sq\/vendndodhja\/","title":{"rendered":"Vendndodhja"},"content":{"rendered":"<div class=\"wpb-content-wrapper\">[vc_row row_type=&#8221;3&#8243; blox_height=&#8221;493&#8243; blox_image=&#8221;10808&#8243; page_title=&#8221;page-title-x&#8221; blox_dark=&#8221;true&#8221; blox_class=&#8221;w-top-se&#8221; parallax_speed=&#8221;8&#8243;][vc_column]<hr class=\"vertical-space5\"><hr class=\"vertical-space5\"><hr class=\"vertical-space1\"><h2 class=\"big-title1\">Atraksione lokale<\/h2>[vc_column_text][\/vc_column_text]<hr class=\"vertical-space5\">[\/vc_column][\/vc_row][vc_row blox_class=&#8221;aligincenter&#8221;][vc_column]<hr class=\"vertical-space5\"><hr class=\"vertical-space2\">[vc_row_inner][vc_column_inner width=&#8221;1\/6&#8243;][\/vc_column_inner][vc_column_inner width=&#8221;2\/3&#8243;]<article class=\"title-plus-text type-1 center \" style=\"text-align:center\" ><h2 class=\"part-1\" style=\"color:#31312c\">Atraksione <\/h2><h2 class=\"part-2\" style=\"color:#de3068\">lokale<\/h2><\/article>[\/vc_column_inner][vc_column_inner width=&#8221;1\/6&#8243;][\/vc_column_inner][\/vc_row_inner]<hr class=\"vertical-space2\">[vc_row_inner el_class=&#8221;w-local-blog-more&#8221; css=&#8221;.vc_custom_1477294841669{margin-top: -9px !important;}&#8221;][vc_column_inner width=&#8221;1\/2&#8243;][vc_single_image image=&#8221;10706&#8243; img_size=&#8221;full&#8221;][vc_column_text]\n<h3 style=\"margin-top: 26px; font-size: 18px; font-weight: bold; text-transform: uppercase; color: #31312c;\">BAJRAM CURRI<\/h3>\n<p>U themelua dhe u nd\u00ebrtua gjat\u00eb koh\u00ebs se komunizmit n\u00eb vitin 1957. Emrir i qyteti vjen nga heroi kombetar Bajram Currit Komb\u00ebtar q\u00eb luftoi n\u00eb zon\u00ebn e Tropoj\u00ebs. N\u00eb Bajram Curri mund t\u00eb shihni arkitektur\u00ebn e ve\u00e7ant\u00eb t\u00eb muzeut t\u00eb vjet\u00ebr ose t\u00eb vizitoni me nj\u00eb makin\u00eb 10 minuta me larg n\u00eb fshatin Bujan Kull\u00ebn e Mic Sokolit, nj\u00eb kull\u00eb \/ sht\u00ebpi tipike e Veriut.[\/vc_column_text]<hr class=\"vertical-space5\">[\/vc_column_inner][vc_column_inner width=&#8221;1\/2&#8243;][vc_single_image image=&#8221;10705&#8243; img_size=&#8221;full&#8221;][vc_column_text]\n<h3 style=\"margin-top: 26px; font-size: 18px; font-weight: bold; text-transform: uppercase; color: #31312c;\">PARKU KOMB\u00cbTAR VALBONA<\/h3>\n<p>Lugina e Valbon\u00ebs \u00ebsht\u00eb nj\u00eb nga vendet m\u00eb t\u00eb bukura n\u00eb Shqip\u00ebri me nj\u00eb gjat\u00ebsi prej 27 km. \u00cbsht\u00eb e pasur me flor\u00ebn dhe faun\u00ebn dhe \u00ebsht\u00eb nj\u00eb vend i p\u00ebrkryer p\u00ebr t\u00eb bere ecje. Ka shtigje t\u00eb ndryshme nga t\u00eb lehtat poshte ne lugine deri te ato me sfidueset, sic eshte kalimi i qafes s\u00eb Valbon\u00ebs per n\u00eb Theth ose ngjitja e majes se Jezereces.[\/vc_column_text]<hr class=\"vertical-space5\">[\/vc_column_inner][\/vc_row_inner][vc_row_inner el_class=&#8221;w-local-blog-more&#8221; css=&#8221;.vc_custom_1477294841669{margin-top: -9px !important;}&#8221;][vc_column_inner width=&#8221;1\/2&#8243;][vc_single_image image=&#8221;10707&#8243; img_size=&#8221;full&#8221;][vc_column_text]\n<h3 style=\"margin-top: 26px; font-size: 18px; font-weight: bold; text-transform: uppercase; color: #31312c;\">Liqeni i FIERZes dhe KOMANint<\/h3>\n<p>N\u00ebse keni koh\u00eb mund te beni nj\u00eb udh\u00ebtim me tragetin n\u00eb Liqenin e Komanit dhe t\u00eb shijoni bukurine e natyres e cila eshte cilesuar edhe nga Bradt Guides si &#8220;Nj\u00eb nga udh\u00ebtimet e me bukura me anije n\u00eb bot\u00eb&#8221;. Liqeni u krijua gjat\u00eb viteve &#8217;70 nga hidrocentrali i Komanit dhe Fierz\u00ebs. Shum\u00eb i krahasojn\u00eb malet p\u00ebrreth me fjordet norvegjeze.[\/vc_column_text]<hr class=\"vertical-space5\">[\/vc_column_inner][vc_column_inner width=&#8221;1\/2&#8243;][vc_single_image image=&#8221;10708&#8243; img_size=&#8221;full&#8221;][vc_column_text]\n<h3 style=\"margin-top: 26px; font-size: 18px; font-weight: bold; text-transform: uppercase; color: #31312c;\">Bjeshket e tropojes<\/h3>\n<p>N\u00ebse jeni m\u00eb shum\u00eb tip aktiv dhe doni ecje t\u00eb gjata at\u00ebher\u00eb bjeshket e Tropojes jan\u00eb destinacioni juaj i ardhsh\u00ebm nga hoteli yn\u00eb. Ecni p\u00ebr rreth 6-7 or\u00eb n\u00eb natyre, ose p\u00ebrdorni makina offroad 4&#215;4 dhe beni nj\u00eb aventur\u00eb.[\/vc_column_text]<hr class=\"vertical-space5\">[\/vc_column_inner][\/vc_row_inner][\/vc_column][\/vc_row][vc_row][vc_column width=&#8221;1\/3&#8243;][\/vc_column][vc_column width=&#8221;1\/3&#8243;][vc_widget_sidebar sidebar_id=&#8221;footer-section-3&#8243;][\/vc_column][vc_column width=&#8221;1\/3&#8243;][\/vc_column][\/vc_row]\n<\/div>","protected":false},"excerpt":{"rendered":"<p>[vc_row row_type=&#8221;3&#8243; blox_height=&#8221;493&#8243; blox_image=&#8221;10808&#8243; page_title=&#8221;page-title-x&#8221; blox_dark=&#8221;true&#8221; blox_class=&#8221;w-top-se&#8221; parallax_speed=&#8221;8&#8243;][vc_column][vc_column_text][\/vc_column_text][\/vc_column][\/vc_row][vc_row blox_class=&#8221;aligincenter&#8221;][vc_column][vc_row_inner][vc_column_inner width=&#8221;1\/6&#8243;][\/vc_column_inner][vc_column_inner width=&#8221;2\/3&#8243;][\/vc_column_inner][vc_column_inner width=&#8221;1\/6&#8243;][\/vc_column_inner][\/vc_row_inner][vc_row_inner el_class=&#8221;w-local-blog-more&#8221; css=&#8221;.vc_custom_1477294841669{margin-top: -9px !important;}&#8221;][vc_column_inner width=&#8221;1\/2&#8243;][vc_single_image image=&#8221;10706&#8243; img_size=&#8221;full&#8221;][vc_column_text] BAJRAM CURRI U themelua dhe u nd\u00ebrtua gjat\u00eb koh\u00ebs se komunizmit n\u00eb vitin 1957. Emrir i qyteti vjen nga heroi kombetar Bajram Currit Komb\u00ebtar q\u00eb luftoi n\u00eb zon\u00ebn e Tropoj\u00ebs. N\u00eb Bajram Curri mund t\u00eb shihni arkitektur\u00ebn e ve\u00e7ant\u00eb t\u00eb muzeut t\u00eb vjet\u00ebr ose t\u00eb vizitoni me nj\u00eb makin\u00eb 10 minuta me larg n\u00eb fshatin Bujan Kull\u00ebn e Mic Sokolit, nj\u00eb kull\u00eb \/ sht\u00ebpi tipike e Veriut.[\/vc_column_text][\/vc_column_inner][vc_column_inner width=&#8221;1\/2&#8243;][vc_single_image image=&#8221;10705&#8243; img_size=&#8221;full&#8221;][vc_column_text] PARKU KOMB\u00cbTAR VALBONA Lugina e Valbon\u00ebs \u00ebsht\u00eb nj\u00eb nga vendet m\u00eb t\u00eb bukura n\u00eb Shqip\u00ebri me nj\u00eb gjat\u00ebsi prej 27 km. \u00cbsht\u00eb e pasur me flor\u00ebn dhe faun\u00ebn dhe \u00ebsht\u00eb nj\u00eb vend i p\u00ebrkryer p\u00ebr t\u00eb bere ecje. Ka shtigje t\u00eb ndryshme nga t\u00eb lehtat poshte ne lugine deri te ato me sfidueset, sic eshte kalimi i qafes s\u00eb Valbon\u00ebs per n\u00eb Theth ose ngjitja e majes se Jezereces.[\/vc_column_text][\/vc_column_inner][\/vc_row_inner][vc_row_inner el_class=&#8221;w-local-blog-more&#8221; css=&#8221;.vc_custom_1477294841669{margin-top: -9px !important;}&#8221;][vc_column_inner width=&#8221;1\/2&#8243;][vc_single_image image=&#8221;10707&#8243; img_size=&#8221;full&#8221;][vc_column_text] Liqeni i FIERZes dhe KOMANint N\u00ebse keni koh\u00eb mund te beni nj\u00eb udh\u00ebtim me tragetin n\u00eb Liqenin e Komanit dhe t\u00eb shijoni bukurine e natyres e cila eshte cilesuar edhe nga Bradt Guides si &#8220;Nj\u00eb nga udh\u00ebtimet e me bukura me anije n\u00eb bot\u00eb&#8221;. Liqeni u krijua gjat\u00eb viteve &#8217;70 nga hidrocentrali i Komanit dhe Fierz\u00ebs. Shum\u00eb i krahasojn\u00eb malet p\u00ebrreth me fjordet norvegjeze.[\/vc_column_text][\/vc_column_inner][vc_column_inner width=&#8221;1\/2&#8243;][vc_single_image image=&#8221;10708&#8243; img_size=&#8221;full&#8221;][vc_column_text] Bjeshket e tropojes N\u00ebse jeni m\u00eb shum\u00eb tip aktiv dhe doni ecje t\u00eb gjata at\u00ebher\u00eb bjeshket e Tropojes jan\u00eb destinacioni juaj i ardhsh\u00ebm nga hoteli yn\u00eb. Ecni p\u00ebr rreth 6-7 or\u00eb n\u00eb natyre, ose p\u00ebrdorni makina offroad 4&#215;4 dhe beni nj\u00eb aventur\u00eb.[\/vc_column_text][\/vc_column_inner][\/vc_row_inner][\/vc_column][\/vc_row][vc_row][vc_column width=&#8221;1\/3&#8243;][\/vc_column][vc_column width=&#8221;1\/3&#8243;][vc_widget_sidebar sidebar_id=&#8221;footer-section-3&#8243;][\/vc_column][vc_column width=&#8221;1\/3&#8243;][\/vc_column][\/vc_row]<\/p>\n","protected":false},"author":1,"featured_media":0,"parent":0,"menu_order":0,"comment_status":"closed","ping_status":"closed","template":"","meta":{"footnotes":""},"class_list":["post-10850","page","type-page","status-publish","hentry"],"yoast_head":"<!-- This site is optimized with the Yoast SEO plugin v25.3.1 - https:\/\/yoast.com\/wordpress\/plugins\/seo\/ -->\n<title>Vendndodhja - Hotel Shkelzeni<\/title>\n<meta name=\"robots\" content=\"index, follow, max-snippet:-1, max-image-preview:large, max-video-preview:-1\" \/>\n<link rel=\"canonical\" href=\"https:\/\/hotelshkelzeni.com\/local\/\" \/>\n<meta property=\"og:locale\" content=\"en_US\" \/>\n<meta property=\"og:type\" content=\"article\" \/>\n<meta property=\"og:title\" content=\"Vendndodhja - Hotel Shkelzeni\" \/>\n<meta property=\"og:description\" content=\"[vc_row row_type=&#8221;3&#8243; blox_height=&#8221;493&#8243; blox_image=&#8221;10808&#8243; page_title=&#8221;page-title-x&#8221; blox_dark=&#8221;true&#8221; blox_class=&#8221;w-top-se&#8221; parallax_speed=&#8221;8&#8243;][vc_column][vc_column_text][\/vc_column_text][\/vc_column][\/vc_row][vc_row blox_class=&#8221;aligincenter&#8221;][vc_column][vc_row_inner][vc_column_inner width=&#8221;1\/6&#8243;][\/vc_column_inner][vc_column_inner width=&#8221;2\/3&#8243;][\/vc_column_inner][vc_column_inner width=&#8221;1\/6&#8243;][\/vc_column_inner][\/vc_row_inner][vc_row_inner el_class=&#8221;w-local-blog-more&#8221; css=&#8221;.vc_custom_1477294841669{margin-top: -9px !important;}&#8221;][vc_column_inner width=&#8221;1\/2&#8243;][vc_single_image image=&#8221;10706&#8243; img_size=&#8221;full&#8221;][vc_column_text] BAJRAM CURRI U themelua dhe u nd\u00ebrtua gjat\u00eb koh\u00ebs se komunizmit n\u00eb vitin 1957. Emrir i qyteti vjen nga heroi kombetar Bajram Currit Komb\u00ebtar q\u00eb luftoi n\u00eb zon\u00ebn e Tropoj\u00ebs. N\u00eb Bajram Curri mund t\u00eb shihni arkitektur\u00ebn e ve\u00e7ant\u00eb t\u00eb muzeut t\u00eb vjet\u00ebr ose t\u00eb vizitoni me nj\u00eb makin\u00eb 10 minuta me larg n\u00eb fshatin Bujan Kull\u00ebn e Mic Sokolit, nj\u00eb kull\u00eb \/ sht\u00ebpi tipike e Veriut.[\/vc_column_text][\/vc_column_inner][vc_column_inner width=&#8221;1\/2&#8243;][vc_single_image image=&#8221;10705&#8243; img_size=&#8221;full&#8221;][vc_column_text] PARKU KOMB\u00cbTAR VALBONA Lugina e Valbon\u00ebs \u00ebsht\u00eb nj\u00eb nga vendet m\u00eb t\u00eb bukura n\u00eb Shqip\u00ebri me nj\u00eb gjat\u00ebsi prej 27 km. \u00cbsht\u00eb e pasur me flor\u00ebn dhe faun\u00ebn dhe \u00ebsht\u00eb nj\u00eb vend i p\u00ebrkryer p\u00ebr t\u00eb bere ecje. Ka shtigje t\u00eb ndryshme nga t\u00eb lehtat poshte ne lugine deri te ato me sfidueset, sic eshte kalimi i qafes s\u00eb Valbon\u00ebs per n\u00eb Theth ose ngjitja e majes se Jezereces.[\/vc_column_text][\/vc_column_inner][\/vc_row_inner][vc_row_inner el_class=&#8221;w-local-blog-more&#8221; css=&#8221;.vc_custom_1477294841669{margin-top: -9px !important;}&#8221;][vc_column_inner width=&#8221;1\/2&#8243;][vc_single_image image=&#8221;10707&#8243; img_size=&#8221;full&#8221;][vc_column_text] Liqeni i FIERZes dhe KOMANint N\u00ebse keni koh\u00eb mund te beni nj\u00eb udh\u00ebtim me tragetin n\u00eb Liqenin e Komanit dhe t\u00eb shijoni bukurine e natyres e cila eshte cilesuar edhe nga Bradt Guides si &#8220;Nj\u00eb nga udh\u00ebtimet e me bukura me anije n\u00eb bot\u00eb&#8221;. Liqeni u krijua gjat\u00eb viteve &#8217;70 nga hidrocentrali i Komanit dhe Fierz\u00ebs. Shum\u00eb i krahasojn\u00eb malet p\u00ebrreth me fjordet norvegjeze.[\/vc_column_text][\/vc_column_inner][vc_column_inner width=&#8221;1\/2&#8243;][vc_single_image image=&#8221;10708&#8243; img_size=&#8221;full&#8221;][vc_column_text] Bjeshket e tropojes N\u00ebse jeni m\u00eb shum\u00eb tip aktiv dhe doni ecje t\u00eb gjata at\u00ebher\u00eb bjeshket e Tropojes jan\u00eb destinacioni juaj i ardhsh\u00ebm nga hoteli yn\u00eb. Ecni p\u00ebr rreth 6-7 or\u00eb n\u00eb natyre, ose p\u00ebrdorni makina offroad 4&#215;4 dhe beni nj\u00eb aventur\u00eb.[\/vc_column_text][\/vc_column_inner][\/vc_row_inner][\/vc_column][\/vc_row][vc_row][vc_column width=&#8221;1\/3&#8243;][\/vc_column][vc_column width=&#8221;1\/3&#8243;][vc_widget_sidebar sidebar_id=&#8221;footer-section-3&#8243;][\/vc_column][vc_column width=&#8221;1\/3&#8243;][\/vc_column][\/vc_row]\" \/>\n<meta property=\"og:url\" content=\"https:\/\/hotelshkelzeni.com\/local\/\" \/>\n<meta property=\"og:site_name\" content=\"Hotel Shkelzeni\" \/>\n<meta name=\"twitter:card\" content=\"summary_large_image\" \/>\n<meta name=\"twitter:label1\" content=\"Est. reading time\" \/>\n\t<meta name=\"twitter:data1\" content=\"3 minutes\" \/>\n<script type=\"application\/ld+json\" class=\"yoast-schema-graph\">{\"@context\":\"https:\/\/schema.org\",\"@graph\":[{\"@type\":\"WebPage\",\"@id\":\"https:\/\/hotelshkelzeni.com\/local\/\",\"url\":\"https:\/\/hotelshkelzeni.com\/local\/\",\"name\":\"Vendndodhja - Hotel Shkelzeni\",\"isPartOf\":{\"@id\":\"https:\/\/hotelshkelzeni.com\/#website\"},\"datePublished\":\"2017-09-06T18:04:07+00:00\",\"breadcrumb\":{\"@id\":\"https:\/\/hotelshkelzeni.com\/local\/#breadcrumb\"},\"inLanguage\":\"\",\"potentialAction\":[{\"@type\":\"ReadAction\",\"target\":[\"https:\/\/hotelshkelzeni.com\/local\/\"]}]},{\"@type\":\"BreadcrumbList\",\"@id\":\"https:\/\/hotelshkelzeni.com\/local\/#breadcrumb\",\"itemListElement\":[{\"@type\":\"ListItem\",\"position\":1,\"name\":\"Home\",\"item\":\"https:\/\/hotelshkelzeni.com\/\"},{\"@type\":\"ListItem\",\"position\":2,\"name\":\"Vendndodhja\"}]},{\"@type\":\"WebSite\",\"@id\":\"https:\/\/hotelshkelzeni.com\/#website\",\"url\":\"https:\/\/hotelshkelzeni.com\/\",\"name\":\"Hotel Shkelzeni\",\"description\":\"Hotel in Bajram Curri, Tropoje\",\"potentialAction\":[{\"@type\":\"SearchAction\",\"target\":{\"@type\":\"EntryPoint\",\"urlTemplate\":\"https:\/\/hotelshkelzeni.com\/?s={search_term_string}\"},\"query-input\":{\"@type\":\"PropertyValueSpecification\",\"valueRequired\":true,\"valueName\":\"search_term_string\"}}],\"inLanguage\":\"\"}]}<\/script>\n<!-- \/ Yoast SEO plugin. -->","yoast_head_json":{"title":"Vendndodhja - Hotel Shkelzeni","robots":{"index":"index","follow":"follow","max-snippet":"max-snippet:-1","max-image-preview":"max-image-preview:large","max-video-preview":"max-video-preview:-1"},"canonical":"https:\/\/hotelshkelzeni.com\/local\/","og_locale":"en_US","og_type":"article","og_title":"Vendndodhja - Hotel Shkelzeni","og_description":"[vc_row row_type=&#8221;3&#8243; blox_height=&#8221;493&#8243; blox_image=&#8221;10808&#8243; page_title=&#8221;page-title-x&#8221; blox_dark=&#8221;true&#8221; blox_class=&#8221;w-top-se&#8221; parallax_speed=&#8221;8&#8243;][vc_column][vc_column_text][\/vc_column_text][\/vc_column][\/vc_row][vc_row blox_class=&#8221;aligincenter&#8221;][vc_column][vc_row_inner][vc_column_inner width=&#8221;1\/6&#8243;][\/vc_column_inner][vc_column_inner width=&#8221;2\/3&#8243;][\/vc_column_inner][vc_column_inner width=&#8221;1\/6&#8243;][\/vc_column_inner][\/vc_row_inner][vc_row_inner el_class=&#8221;w-local-blog-more&#8221; css=&#8221;.vc_custom_1477294841669{margin-top: -9px !important;}&#8221;][vc_column_inner width=&#8221;1\/2&#8243;][vc_single_image image=&#8221;10706&#8243; img_size=&#8221;full&#8221;][vc_column_text] BAJRAM CURRI U themelua dhe u nd\u00ebrtua gjat\u00eb koh\u00ebs se komunizmit n\u00eb vitin 1957. Emrir i qyteti vjen nga heroi kombetar Bajram Currit Komb\u00ebtar q\u00eb luftoi n\u00eb zon\u00ebn e Tropoj\u00ebs. N\u00eb Bajram Curri mund t\u00eb shihni arkitektur\u00ebn e ve\u00e7ant\u00eb t\u00eb muzeut t\u00eb vjet\u00ebr ose t\u00eb vizitoni me nj\u00eb makin\u00eb 10 minuta me larg n\u00eb fshatin Bujan Kull\u00ebn e Mic Sokolit, nj\u00eb kull\u00eb \/ sht\u00ebpi tipike e Veriut.[\/vc_column_text][\/vc_column_inner][vc_column_inner width=&#8221;1\/2&#8243;][vc_single_image image=&#8221;10705&#8243; img_size=&#8221;full&#8221;][vc_column_text] PARKU KOMB\u00cbTAR VALBONA Lugina e Valbon\u00ebs \u00ebsht\u00eb nj\u00eb nga vendet m\u00eb t\u00eb bukura n\u00eb Shqip\u00ebri me nj\u00eb gjat\u00ebsi prej 27 km. \u00cbsht\u00eb e pasur me flor\u00ebn dhe faun\u00ebn dhe \u00ebsht\u00eb nj\u00eb vend i p\u00ebrkryer p\u00ebr t\u00eb bere ecje. Ka shtigje t\u00eb ndryshme nga t\u00eb lehtat poshte ne lugine deri te ato me sfidueset, sic eshte kalimi i qafes s\u00eb Valbon\u00ebs per n\u00eb Theth ose ngjitja e majes se Jezereces.[\/vc_column_text][\/vc_column_inner][\/vc_row_inner][vc_row_inner el_class=&#8221;w-local-blog-more&#8221; css=&#8221;.vc_custom_1477294841669{margin-top: -9px !important;}&#8221;][vc_column_inner width=&#8221;1\/2&#8243;][vc_single_image image=&#8221;10707&#8243; img_size=&#8221;full&#8221;][vc_column_text] Liqeni i FIERZes dhe KOMANint N\u00ebse keni koh\u00eb mund te beni nj\u00eb udh\u00ebtim me tragetin n\u00eb Liqenin e Komanit dhe t\u00eb shijoni bukurine e natyres e cila eshte cilesuar edhe nga Bradt Guides si &#8220;Nj\u00eb nga udh\u00ebtimet e me bukura me anije n\u00eb bot\u00eb&#8221;. Liqeni u krijua gjat\u00eb viteve &#8217;70 nga hidrocentrali i Komanit dhe Fierz\u00ebs. Shum\u00eb i krahasojn\u00eb malet p\u00ebrreth me fjordet norvegjeze.[\/vc_column_text][\/vc_column_inner][vc_column_inner width=&#8221;1\/2&#8243;][vc_single_image image=&#8221;10708&#8243; img_size=&#8221;full&#8221;][vc_column_text] Bjeshket e tropojes N\u00ebse jeni m\u00eb shum\u00eb tip aktiv dhe doni ecje t\u00eb gjata at\u00ebher\u00eb bjeshket e Tropojes jan\u00eb destinacioni juaj i ardhsh\u00ebm nga hoteli yn\u00eb. Ecni p\u00ebr rreth 6-7 or\u00eb n\u00eb natyre, ose p\u00ebrdorni makina offroad 4&#215;4 dhe beni nj\u00eb aventur\u00eb.[\/vc_column_text][\/vc_column_inner][\/vc_row_inner][\/vc_column][\/vc_row][vc_row][vc_column width=&#8221;1\/3&#8243;][\/vc_column][vc_column width=&#8221;1\/3&#8243;][vc_widget_sidebar sidebar_id=&#8221;footer-section-3&#8243;][\/vc_column][vc_column width=&#8221;1\/3&#8243;][\/vc_column][\/vc_row]","og_url":"https:\/\/hotelshkelzeni.com\/local\/","og_site_name":"Hotel Shkelzeni","twitter_card":"summary_large_image","twitter_misc":{"Est. reading time":"3 minutes"},"schema":{"@context":"https:\/\/schema.org","@graph":[{"@type":"WebPage","@id":"https:\/\/hotelshkelzeni.com\/local\/","url":"https:\/\/hotelshkelzeni.com\/local\/","name":"Vendndodhja - Hotel Shkelzeni","isPartOf":{"@id":"https:\/\/hotelshkelzeni.com\/#website"},"datePublished":"2017-09-06T18:04:07+00:00","breadcrumb":{"@id":"https:\/\/hotelshkelzeni.com\/local\/#breadcrumb"},"inLanguage":"","potentialAction":[{"@type":"ReadAction","target":["https:\/\/hotelshkelzeni.com\/local\/"]}]},{"@type":"BreadcrumbList","@id":"https:\/\/hotelshkelzeni.com\/local\/#breadcrumb","itemListElement":[{"@type":"ListItem","position":1,"name":"Home","item":"https:\/\/hotelshkelzeni.com\/"},{"@type":"ListItem","position":2,"name":"Vendndodhja"}]},{"@type":"WebSite","@id":"https:\/\/hotelshkelzeni.com\/#website","url":"https:\/\/hotelshkelzeni.com\/","name":"Hotel Shkelzeni","description":"Hotel in Bajram Curri, Tropoje","potentialAction":[{"@type":"SearchAction","target":{"@type":"EntryPoint","urlTemplate":"https:\/\/hotelshkelzeni.com\/?s={search_term_string}"},"query-input":{"@type":"PropertyValueSpecification","valueRequired":true,"valueName":"search_term_string"}}],"inLanguage":""}]}},"_links":{"self":[{"href":"https:\/\/hotelshkelzeni.com\/sq\/wp-json\/wp\/v2\/pages\/10850","targetHints":{"allow":["GET"]}}],"collection":[{"href":"https:\/\/hotelshkelzeni.com\/sq\/wp-json\/wp\/v2\/pages"}],"about":[{"href":"https:\/\/hotelshkelzeni.com\/sq\/wp-json\/wp\/v2\/types\/page"}],"author":[{"embeddable":true,"href":"https:\/\/hotelshkelzeni.com\/sq\/wp-json\/wp\/v2\/users\/1"}],"replies":[{"embeddable":true,"href":"https:\/\/hotelshkelzeni.com\/sq\/wp-json\/wp\/v2\/comments?post=10850"}],"version-history":[{"count":0,"href":"https:\/\/hotelshkelzeni.com\/sq\/wp-json\/wp\/v2\/pages\/10850\/revisions"}],"wp:attachment":[{"href":"https:\/\/hotelshkelzeni.com\/sq\/wp-json\/wp\/v2\/media?parent=10850"}],"curies":[{"name":"wp","href":"https:\/\/api.w.org\/{rel}","templated":true}]}}