{"id":10841,"date":"2017-09-06T18:49:42","date_gmt":"2017-09-06T17:49:42","guid":{"rendered":"http:\/\/hotelshkelzeni.com\/?page_id=10841"},"modified":"2017-09-06T18:49:42","modified_gmt":"2017-09-06T17:49:42","slug":"dhomat","status":"publish","type":"page","link":"https:\/\/hotelshkelzeni.com\/sq\/dhomat\/","title":{"rendered":"Dhomat"},"content":{"rendered":"<div class=\"wpb-content-wrapper\">[vc_row][vc_column]\r\n\t\t\t<div class=\"row\">\r\n\t\t\t\t<div class=\"wrap-room-grid\">\r\n\r\n\t\t\t\t\r\n\t\t\t\t\t<article class=\"room-grid-item rg-1 col-sm-4\">\r\n\t\t\t\t\t\t<figure class=\"room-grid-item-figure\">\r\n\t\t\t\t\t\t\t<a href=\"https:\/\/hotelshkelzeni.com\/sq\/room_type\/junior-suite\/\" title=\"Junior Suite\"><img loading=\"lazy\" decoding=\"async\" src=\"https:\/\/hotelshkelzeni.com\/wp-content\/uploads\/2017\/08\/junior-suite-hotel-tropoje-shkelzeni-420x330.jpg\" alt=\"Junior Suite\" class=\"landscape thumbnail hotella_webnus_blog2_thumb\" width=\"420\" height=\"330\" \/><\/a>\t\t\t\t\t\t\t<div class=\"entry-roomgrid-content\">\r\n\t\t\t\t\t\t\t\t<h2 class=\"entry-roomgrid-title\"><a href=\"https:\/\/hotelshkelzeni.com\/sq\/room_type\/junior-suite\/\" rel=\"bookmark\">Junior Suite<\/a><\/h2>\r\n\t\t\t\t\t\t\t\t<p class=\"entry-roomgrid-ex\">Ky \u00ebsht\u00eb tipi yn\u00eb i dhomes m\u00eb i madh dhe m\u00eb i mir\u00eb. P\u00ebrve\u00e7 shtratit komod ju keni hap\u00ebsir\u00eb shtes\u00eb, dhe kolltuk\u00eb p\u00ebr t\u2019u \u00e7lodhur dhe t\u00eb shijoni pamjen malore jasht\u00eb. Me k\u00ebrkes\u00ebn tuaj kolltuk\u00ebt mund t\u00eb p\u00ebrdoren p\u00ebr t\u00eb fjetur 2 persona ose p\u00ebr ta p\u00ebrdorur at\u00eb p\u00ebr f\u00ebmij\u00ebt.<\/p>\r\n\t\t\t\t\t\t\t\t<a class=\"readmore\" href=\"https:\/\/hotelshkelzeni.com\/sq\/room_type\/junior-suite\/\">full details<\/a>\r\n\r\n\t\t\t\t\t\t\t\t\t<p class=\"awebooking-room-type__price\">Start from <span>Lek8,000<\/span>\/night<\/p>\n\t\t\t\t\t\t\t<\/div>\r\n\t\t\t\t\t\t<\/figure>\r\n\t\t\t\t\t<\/article>\r\n\r\n\t\t\t\t\r\n\t\t\t\t\t<article class=\"room-grid-item rg-1 col-sm-4\">\r\n\t\t\t\t\t\t<figure class=\"room-grid-item-figure\">\r\n\t\t\t\t\t\t\t<a href=\"https:\/\/hotelshkelzeni.com\/sq\/room_type\/dhoma-dyshe\/\" title=\"Dhoma Dyshe\"><img loading=\"lazy\" decoding=\"async\" src=\"https:\/\/hotelshkelzeni.com\/wp-content\/uploads\/2017\/08\/double-room-hotel-shkelzeni-bed-420x330.jpg\" alt=\"Dhoma Dyshe\" class=\"landscape thumbnail hotella_webnus_blog2_thumb\" width=\"420\" height=\"330\" \/><\/a>\t\t\t\t\t\t\t<div class=\"entry-roomgrid-content\">\r\n\t\t\t\t\t\t\t\t<h2 class=\"entry-roomgrid-title\"><a href=\"https:\/\/hotelshkelzeni.com\/sq\/room_type\/dhoma-dyshe\/\" rel=\"bookmark\">Dhoma Dyshe<\/a><\/h2>\r\n\t\t\t\t\t\t\t\t<p class=\"entry-roomgrid-ex\">Dhom\u00eb e rehatshme e dizenjuar mir\u00eb n\u00eb \u00e7do detaj. Ajo ka nj\u00eb krevat dopjo dhe \u00ebsht\u00eb e pershtatshme p\u00ebr t\u00eb \u00e7ifte.<\/p>\r\n\t\t\t\t\t\t\t\t<a class=\"readmore\" href=\"https:\/\/hotelshkelzeni.com\/sq\/room_type\/dhoma-dyshe\/\">full details<\/a>\r\n\r\n\t\t\t\t\t\t\t\t\t<p class=\"awebooking-room-type__price\">Start from <span>Lek6,000<\/span>\/night<\/p>\n\t\t\t\t\t\t\t<\/div>\r\n\t\t\t\t\t\t<\/figure>\r\n\t\t\t\t\t<\/article>\r\n\r\n\t\t\t\t\r\n\t\t\t\t\t<article class=\"room-grid-item rg-1 col-sm-4\">\r\n\t\t\t\t\t\t<figure class=\"room-grid-item-figure\">\r\n\t\t\t\t\t\t\t<a href=\"https:\/\/hotelshkelzeni.com\/sq\/room_type\/dhoma-dyshetek\/\" title=\"Dhoma Dyshe\/tek\"><img loading=\"lazy\" decoding=\"async\" src=\"https:\/\/hotelshkelzeni.com\/wp-content\/uploads\/2017\/09\/twin-room-hotel-shkelzeni-tropoje-420x330.jpg\" alt=\"Dhoma Dyshe\/tek\" class=\"landscape thumbnail hotella_webnus_blog2_thumb\" width=\"420\" height=\"330\" \/><\/a>\t\t\t\t\t\t\t<div class=\"entry-roomgrid-content\">\r\n\t\t\t\t\t\t\t\t<h2 class=\"entry-roomgrid-title\"><a href=\"https:\/\/hotelshkelzeni.com\/sq\/room_type\/dhoma-dyshetek\/\" rel=\"bookmark\">Dhoma Dyshe\/tek<\/a><\/h2>\r\n\t\t\t\t\t\t\t\t<p class=\"entry-roomgrid-ex\">K\u00ebto jan\u00eb dhomat tona normale me nj\u00eb dekorim t\u00eb mir\u00eb, t\u00eb pajisur mir\u00eb me dollap, karrige dhe tavolin\u00eb. E pershtatshme p\u00ebr t\u00eb fjetur dy persona n\u00eb shtret\u00ebr tek.<\/p>\r\n\t\t\t\t\t\t\t\t<a class=\"readmore\" href=\"https:\/\/hotelshkelzeni.com\/sq\/room_type\/dhoma-dyshetek\/\">full details<\/a>\r\n\r\n\t\t\t\t\t\t\t\t\t<p class=\"awebooking-room-type__price\">Start from <span>Lek5,000<\/span>\/night<\/p>\n\t\t\t\t\t\t\t<\/div>\r\n\t\t\t\t\t\t<\/figure>\r\n\t\t\t\t\t<\/article>\r\n\r\n\t\t\t\t\r\n\t\t\t\t<\/div> <!-- end .wrap-room-grid -->\r\n\t\t\t<\/div> <!-- end .row -->\r\n\r\n\t\t\t[\/vc_column][\/vc_row]\n<\/div>","protected":false},"excerpt":{"rendered":"<p>[vc_row][vc_column][\/vc_column][\/vc_row]<\/p>\n","protected":false},"author":1,"featured_media":0,"parent":0,"menu_order":0,"comment_status":"closed","ping_status":"closed","template":"","meta":{"footnotes":""},"class_list":["post-10841","page","type-page","status-publish","hentry"],"yoast_head":"<!-- This site is optimized with the Yoast SEO plugin v25.3.1 - https:\/\/yoast.com\/wordpress\/plugins\/seo\/ -->\n<title>Dhomat - Hotel Shkelzeni<\/title>\n<meta name=\"robots\" content=\"index, follow, max-snippet:-1, max-image-preview:large, max-video-preview:-1\" \/>\n<link rel=\"canonical\" href=\"https:\/\/hotelshkelzeni.com\/room-list\/\" \/>\n<meta property=\"og:locale\" content=\"en_US\" \/>\n<meta property=\"og:type\" content=\"article\" \/>\n<meta property=\"og:title\" content=\"Dhomat - Hotel Shkelzeni\" \/>\n<meta property=\"og:description\" content=\"[vc_row][vc_column][\/vc_column][\/vc_row]\" \/>\n<meta property=\"og:url\" content=\"https:\/\/hotelshkelzeni.com\/room-list\/\" \/>\n<meta property=\"og:site_name\" content=\"Hotel Shkelzeni\" \/>\n<meta name=\"twitter:card\" content=\"summary_large_image\" \/>\n<script type=\"application\/ld+json\" class=\"yoast-schema-graph\">{\"@context\":\"https:\/\/schema.org\",\"@graph\":[{\"@type\":\"WebPage\",\"@id\":\"https:\/\/hotelshkelzeni.com\/room-list\/\",\"url\":\"https:\/\/hotelshkelzeni.com\/room-list\/\",\"name\":\"Dhomat - Hotel Shkelzeni\",\"isPartOf\":{\"@id\":\"https:\/\/hotelshkelzeni.com\/#website\"},\"datePublished\":\"2017-09-06T17:49:42+00:00\",\"breadcrumb\":{\"@id\":\"https:\/\/hotelshkelzeni.com\/room-list\/#breadcrumb\"},\"inLanguage\":\"\",\"potentialAction\":[{\"@type\":\"ReadAction\",\"target\":[\"https:\/\/hotelshkelzeni.com\/room-list\/\"]}]},{\"@type\":\"BreadcrumbList\",\"@id\":\"https:\/\/hotelshkelzeni.com\/room-list\/#breadcrumb\",\"itemListElement\":[{\"@type\":\"ListItem\",\"position\":1,\"name\":\"Home\",\"item\":\"https:\/\/hotelshkelzeni.com\/\"},{\"@type\":\"ListItem\",\"position\":2,\"name\":\"Dhomat\"}]},{\"@type\":\"WebSite\",\"@id\":\"https:\/\/hotelshkelzeni.com\/#website\",\"url\":\"https:\/\/hotelshkelzeni.com\/\",\"name\":\"Hotel Shkelzeni\",\"description\":\"Hotel in Bajram Curri, Tropoje\",\"potentialAction\":[{\"@type\":\"SearchAction\",\"target\":{\"@type\":\"EntryPoint\",\"urlTemplate\":\"https:\/\/hotelshkelzeni.com\/?s={search_term_string}\"},\"query-input\":{\"@type\":\"PropertyValueSpecification\",\"valueRequired\":true,\"valueName\":\"search_term_string\"}}],\"inLanguage\":\"\"}]}<\/script>\n<!-- \/ Yoast SEO plugin. -->","yoast_head_json":{"title":"Dhomat - Hotel Shkelzeni","robots":{"index":"index","follow":"follow","max-snippet":"max-snippet:-1","max-image-preview":"max-image-preview:large","max-video-preview":"max-video-preview:-1"},"canonical":"https:\/\/hotelshkelzeni.com\/room-list\/","og_locale":"en_US","og_type":"article","og_title":"Dhomat - Hotel Shkelzeni","og_description":"[vc_row][vc_column][\/vc_column][\/vc_row]","og_url":"https:\/\/hotelshkelzeni.com\/room-list\/","og_site_name":"Hotel Shkelzeni","twitter_card":"summary_large_image","schema":{"@context":"https:\/\/schema.org","@graph":[{"@type":"WebPage","@id":"https:\/\/hotelshkelzeni.com\/room-list\/","url":"https:\/\/hotelshkelzeni.com\/room-list\/","name":"Dhomat - Hotel Shkelzeni","isPartOf":{"@id":"https:\/\/hotelshkelzeni.com\/#website"},"datePublished":"2017-09-06T17:49:42+00:00","breadcrumb":{"@id":"https:\/\/hotelshkelzeni.com\/room-list\/#breadcrumb"},"inLanguage":"","potentialAction":[{"@type":"ReadAction","target":["https:\/\/hotelshkelzeni.com\/room-list\/"]}]},{"@type":"BreadcrumbList","@id":"https:\/\/hotelshkelzeni.com\/room-list\/#breadcrumb","itemListElement":[{"@type":"ListItem","position":1,"name":"Home","item":"https:\/\/hotelshkelzeni.com\/"},{"@type":"ListItem","position":2,"name":"Dhomat"}]},{"@type":"WebSite","@id":"https:\/\/hotelshkelzeni.com\/#website","url":"https:\/\/hotelshkelzeni.com\/","name":"Hotel Shkelzeni","description":"Hotel in Bajram Curri, Tropoje","potentialAction":[{"@type":"SearchAction","target":{"@type":"EntryPoint","urlTemplate":"https:\/\/hotelshkelzeni.com\/?s={search_term_string}"},"query-input":{"@type":"PropertyValueSpecification","valueRequired":true,"valueName":"search_term_string"}}],"inLanguage":""}]}},"_links":{"self":[{"href":"https:\/\/hotelshkelzeni.com\/sq\/wp-json\/wp\/v2\/pages\/10841","targetHints":{"allow":["GET"]}}],"collection":[{"href":"https:\/\/hotelshkelzeni.com\/sq\/wp-json\/wp\/v2\/pages"}],"about":[{"href":"https:\/\/hotelshkelzeni.com\/sq\/wp-json\/wp\/v2\/types\/page"}],"author":[{"embeddable":true,"href":"https:\/\/hotelshkelzeni.com\/sq\/wp-json\/wp\/v2\/users\/1"}],"replies":[{"embeddable":true,"href":"https:\/\/hotelshkelzeni.com\/sq\/wp-json\/wp\/v2\/comments?post=10841"}],"version-history":[{"count":0,"href":"https:\/\/hotelshkelzeni.com\/sq\/wp-json\/wp\/v2\/pages\/10841\/revisions"}],"wp:attachment":[{"href":"https:\/\/hotelshkelzeni.com\/sq\/wp-json\/wp\/v2\/media?parent=10841"}],"curies":[{"name":"wp","href":"https:\/\/api.w.org\/{rel}","templated":true}]}}