{"id":10840,"date":"2017-09-06T18:54:47","date_gmt":"2017-09-06T17:54:47","guid":{"rendered":"http:\/\/hotelshkelzeni.com\/?page_id=10840"},"modified":"2017-09-06T18:54:47","modified_gmt":"2017-09-06T17:54:47","slug":"restaurant-bar-3","status":"publish","type":"page","link":"https:\/\/hotelshkelzeni.com\/sq\/restaurant-bar-3\/","title":{"rendered":"Restaurant &#038; Bar"},"content":{"rendered":"<div class=\"wpb-content-wrapper\">[vc_row row_type=&#8221;3&#8243; animate=&#8221;&#8221; blox_height=&#8221;493&#8243; blox_image=&#8221;10570&#8243; page_title=&#8221;page-title-x&#8221; blox_dark=&#8221;true&#8221; blox_class=&#8221;w-top-se&#8221; parallax_speed=&#8221;8&#8243;][vc_column]<hr class=\"vertical-space5\"><hr class=\"vertical-space5\"><hr class=\"vertical-space1\"><h2 class=\"big-title1\">Restaurant &amp; Bar<\/h2><hr class=\"vertical-space5\">[\/vc_column][\/vc_row][vc_row][vc_column]<hr class=\"vertical-space5\"><hr class=\"vertical-space2\">[vc_row_inner][vc_column_inner width=&#8221;1\/6&#8243;][\/vc_column_inner][vc_column_inner width=&#8221;2\/3&#8243;]<article class=\"title-plus-text type-1 center \" style=\"text-align:center\" ><h3 style=\"color:#73736b\">Kuzhina bashk\u00ebkohore<\/h3><h2 class=\"part-1\" style=\"color:#31312c\">Shijoni menun\u00eb e <\/h2><h2 class=\"part-2\" style=\"color:#5aa300\">Restorantit<\/h2><p>Restoranti n\u00eb Hotel Shkelzeni \u00ebsht\u00eb e hapur p\u00ebr m\u00ebngjes, drek\u00eb dhe dark\u00eb p\u00ebr mysafir\u00ebt si dhe gjithashtu per t\u00eb gjith\u00eb vizitor\u00ebt e tjer\u00eb.<\/p><\/article>[\/vc_column_inner][vc_column_inner width=&#8221;1\/6&#8243;][\/vc_column_inner][\/vc_row_inner][\/vc_column][\/vc_row][vc_row][vc_column css=&#8221;.vc_custom_1476344765291{margin-bottom: 4px !important;}&#8221;][vc_row_inner][vc_column_inner width=&#8221;1\/2&#8243;][vc_single_image image=&#8221;10721&#8243; img_size=&#8221;full&#8221; alignment=&#8221;center&#8221;][\/vc_column_inner][vc_column_inner width=&#8221;1\/2&#8243;]<hr class=\"vertical-space1\">[vc_column_text]\n<h4 style=\"letter-spacing: -1px; font-weight: 600; font-size: 18px;\">Tradicionale ose moderne<\/h4>\n<p>Mir\u00eb se vini n\u00eb restorantin ton\u00eb. K\u00ebtu p\u00ebrpiqemi t\u00eb ndajm\u00eb vizionin ton\u00eb n\u00eb lidhje me cil\u00ebsin\u00eb e ushqimit, misionin ton\u00eb n\u00eb lidhje me k\u00ebnaq\u00ebsin\u00eb e klientit dhe prezantimin e sh\u00ebrbimeve q\u00eb ne ofrojm\u00eb p\u00ebr secilin prej jush. Krijimi i nj\u00eb vendi p\u00ebr ju dhe miqt\u00eb tuaj p\u00ebr t\u00eb kaluar nj\u00eb koh\u00eb dhe p\u00ebr t\u00eb kujtuar \u00ebsht\u00eb nj\u00eb q\u00ebllim par\u00ebsor. Zgjidhni duke nisur nga ushqimet tradicionale shqiptare deri tek gatimet italiane dhe mesdhetare si dhe gjithashtu q\u00eb nuk \u00ebsht\u00eb e zakonshme n\u00eb rreth ne i ofrojme gatime t\u00eb fresk\u00ebta t\u00eb detit.[\/vc_column_text][\/vc_column_inner][\/vc_row_inner][vc_row_inner][vc_column_inner width=&#8221;1\/2&#8243;]<hr class=\"vertical-space3\">[vc_column_text]\n<h4 style=\"letter-spacing: -1px; font-weight: 600; font-size: 18px;\">Cfare ne b\u00ebjm\u00eb n\u00eb restorantin ton\u00eb<\/h4>\n<p>T\u00eb gjith\u00eb p\u00ebrb\u00ebr\u00ebsit e ushqimit jan\u00eb p\u00ebrzgjedhur nga tregu ditor. Ne jemi te fokusuar n\u00eb ushqim t\u00eb fresk\u00ebt dhe t\u00eb sh\u00ebndetsh\u00ebm p\u00ebr klientet tan\u00eb, k\u00ebshtu q\u00eb ju do t\u00eb shijoni nj\u00eb shije t\u00eb v\u00ebrtet\u00eb. Do t\u00eb ket\u00eb gjithnj\u00eb nj\u00eb atmosfer\u00eb t\u00eb relaksuar, sh\u00ebrbim miq\u00ebsor dhe ushqim t\u00eb shijsh\u00ebm! Ne shpresojm\u00eb q\u00eb ju t\u00eb kenaqeni &#8230;[\/vc_column_text][vc_empty_space height=&#8221;10px&#8221;][vc_column_text]<strong>M\u00ebngjesi<\/strong>: 8:00 deri n\u00eb 10:30<br \/>\n<strong>Dreka<\/strong>: 11:30 deri n\u00eb 14:30<br \/>\n<strong>Darka:<\/strong> 6:00 deri n\u00eb 10:00<\/p>\n<p><span style=\"color: #31312c; font-size: 14px; font-weight: 400;\"><span style=\"color: #31312c; font-size: 14px; font-weight: 400;\"><span style=\"color: #31312c; font-size: 14px; font-weight: 400;\">\u00a0<\/span><\/span><\/span>[\/vc_column_text]<hr class=\"vertical-space3\">[\/vc_column_inner][vc_column_inner width=&#8221;1\/2&#8243; css=&#8221;.vc_custom_1476345153379{margin-bottom: 6px !important;}&#8221;]<hr class=\"vertical-space1\">[vc_single_image image=&#8221;10811&#8243; img_size=&#8221;full&#8221; alignment=&#8221;center&#8221;]<hr class=\"vertical-space4\">[\/vc_column_inner][\/vc_row_inner][\/vc_column][\/vc_row][vc_row row_type=&#8221;2&#8243; blox_height=&#8221;500&#8243; blox_image=&#8221;9536&#8243; blox_dark=&#8221;true&#8221; blox_class=&#8221;aligncenter w-information-se w-local-ba-ne&#8221;][vc_column]<hr class=\"vertical-space4\"><hr class=\"vertical-space2\">[vc_row_inner][vc_column_inner width=&#8221;1\/12&#8243;][\/vc_column_inner][vc_column_inner width=&#8221;10\/12&#8243;][vc_column_text]\n<h4 class=\"w-local-h\" style=\"text-align: center;\">Telefononi +355 67 50 000 93 P\u00ebr Rezervime<\/h4>\n<p style=\"text-align: center;\">Ne organizojme p\u00ebr ju evente t\u00eb ndryshme si takime, bankete apo raste familjare. Vet\u00ebm na telefononi dhe ne garantojm\u00eb q\u00eb do t\u00eb jeni t\u00eb k\u00ebnaqur.<\/p>\n[\/vc_column_text][\/vc_column_inner][vc_column_inner width=&#8221;1\/12&#8243;][\/vc_column_inner][\/vc_row_inner][\/vc_column][\/vc_row]\n<\/div>","protected":false},"excerpt":{"rendered":"<p>[vc_row row_type=&#8221;3&#8243; animate=&#8221;&#8221; blox_height=&#8221;493&#8243; blox_image=&#8221;10570&#8243; page_title=&#8221;page-title-x&#8221; blox_dark=&#8221;true&#8221; blox_class=&#8221;w-top-se&#8221; parallax_speed=&#8221;8&#8243;][vc_column][\/vc_column][\/vc_row][vc_row][vc_column][vc_row_inner][vc_column_inner width=&#8221;1\/6&#8243;][\/vc_column_inner][vc_column_inner width=&#8221;2\/3&#8243;][\/vc_column_inner][vc_column_inner width=&#8221;1\/6&#8243;][\/vc_column_inner][\/vc_row_inner][\/vc_column][\/vc_row][vc_row][vc_column css=&#8221;.vc_custom_1476344765291{margin-bottom: 4px !important;}&#8221;][vc_row_inner][vc_column_inner width=&#8221;1\/2&#8243;][vc_single_image image=&#8221;10721&#8243; img_size=&#8221;full&#8221; alignment=&#8221;center&#8221;][\/vc_column_inner][vc_column_inner width=&#8221;1\/2&#8243;][vc_column_text] Tradicionale ose moderne Mir\u00eb se vini n\u00eb restorantin ton\u00eb. K\u00ebtu p\u00ebrpiqemi t\u00eb ndajm\u00eb vizionin ton\u00eb n\u00eb lidhje me cil\u00ebsin\u00eb e ushqimit, misionin ton\u00eb n\u00eb lidhje me k\u00ebnaq\u00ebsin\u00eb e klientit dhe prezantimin e sh\u00ebrbimeve q\u00eb ne ofrojm\u00eb p\u00ebr secilin prej jush. Krijimi i nj\u00eb vendi p\u00ebr ju dhe miqt\u00eb tuaj p\u00ebr t\u00eb kaluar nj\u00eb koh\u00eb dhe p\u00ebr t\u00eb kujtuar \u00ebsht\u00eb nj\u00eb q\u00ebllim par\u00ebsor. Zgjidhni duke nisur nga ushqimet tradicionale shqiptare deri tek gatimet italiane dhe mesdhetare si dhe gjithashtu q\u00eb nuk \u00ebsht\u00eb e zakonshme n\u00eb rreth ne i ofrojme gatime t\u00eb fresk\u00ebta t\u00eb detit.[\/vc_column_text][\/vc_column_inner][\/vc_row_inner][vc_row_inner][vc_column_inner width=&#8221;1\/2&#8243;][vc_column_text] Cfare ne b\u00ebjm\u00eb n\u00eb restorantin ton\u00eb T\u00eb gjith\u00eb p\u00ebrb\u00ebr\u00ebsit e ushqimit jan\u00eb p\u00ebrzgjedhur nga tregu ditor. Ne jemi te fokusuar n\u00eb ushqim t\u00eb fresk\u00ebt dhe t\u00eb sh\u00ebndetsh\u00ebm p\u00ebr klientet tan\u00eb, k\u00ebshtu q\u00eb ju do t\u00eb shijoni nj\u00eb shije t\u00eb v\u00ebrtet\u00eb. Do t\u00eb ket\u00eb gjithnj\u00eb nj\u00eb atmosfer\u00eb t\u00eb relaksuar, sh\u00ebrbim miq\u00ebsor dhe ushqim t\u00eb shijsh\u00ebm! Ne shpresojm\u00eb q\u00eb ju t\u00eb kenaqeni &#8230;[\/vc_column_text][vc_empty_space height=&#8221;10px&#8221;][vc_column_text]M\u00ebngjesi: 8:00 deri n\u00eb 10:30 Dreka: 11:30 deri n\u00eb 14:30 Darka: 6:00 deri n\u00eb 10:00 \u00a0[\/vc_column_text][\/vc_column_inner][vc_column_inner width=&#8221;1\/2&#8243; css=&#8221;.vc_custom_1476345153379{margin-bottom: 6px !important;}&#8221;][vc_single_image image=&#8221;10811&#8243; img_size=&#8221;full&#8221; alignment=&#8221;center&#8221;][\/vc_column_inner][\/vc_row_inner][\/vc_column][\/vc_row][vc_row row_type=&#8221;2&#8243; blox_height=&#8221;500&#8243; blox_image=&#8221;9536&#8243; blox_dark=&#8221;true&#8221; blox_class=&#8221;aligncenter w-information-se w-local-ba-ne&#8221;][vc_column][vc_row_inner][vc_column_inner width=&#8221;1\/12&#8243;][\/vc_column_inner][vc_column_inner width=&#8221;10\/12&#8243;][vc_column_text] Telefononi +355 67 50 000 93 P\u00ebr Rezervime Ne organizojme p\u00ebr ju evente t\u00eb ndryshme si takime, bankete apo raste familjare. Vet\u00ebm na telefononi dhe ne garantojm\u00eb q\u00eb do t\u00eb jeni t\u00eb k\u00ebnaqur. [\/vc_column_text][\/vc_column_inner][vc_column_inner width=&#8221;1\/12&#8243;][\/vc_column_inner][\/vc_row_inner][\/vc_column][\/vc_row]<\/p>\n","protected":false},"author":1,"featured_media":0,"parent":0,"menu_order":0,"comment_status":"closed","ping_status":"closed","template":"","meta":{"footnotes":""},"class_list":["post-10840","page","type-page","status-publish","hentry"],"yoast_head":"<!-- This site is optimized with the Yoast SEO plugin v25.3.1 - https:\/\/yoast.com\/wordpress\/plugins\/seo\/ -->\n<title>Restaurant &amp; Bar - Hotel Shkelzeni<\/title>\n<meta name=\"robots\" content=\"index, follow, max-snippet:-1, max-image-preview:large, max-video-preview:-1\" \/>\n<link rel=\"canonical\" href=\"https:\/\/hotelshkelzeni.com\/restaurant-bar-2\/\" \/>\n<meta property=\"og:locale\" content=\"en_US\" \/>\n<meta property=\"og:type\" content=\"article\" \/>\n<meta property=\"og:title\" content=\"Restaurant &amp; Bar - Hotel Shkelzeni\" \/>\n<meta property=\"og:description\" content=\"[vc_row row_type=&#8221;3&#8243; animate=&#8221;&#8221; blox_height=&#8221;493&#8243; blox_image=&#8221;10570&#8243; page_title=&#8221;page-title-x&#8221; blox_dark=&#8221;true&#8221; blox_class=&#8221;w-top-se&#8221; parallax_speed=&#8221;8&#8243;][vc_column][\/vc_column][\/vc_row][vc_row][vc_column][vc_row_inner][vc_column_inner width=&#8221;1\/6&#8243;][\/vc_column_inner][vc_column_inner width=&#8221;2\/3&#8243;][\/vc_column_inner][vc_column_inner width=&#8221;1\/6&#8243;][\/vc_column_inner][\/vc_row_inner][\/vc_column][\/vc_row][vc_row][vc_column css=&#8221;.vc_custom_1476344765291{margin-bottom: 4px !important;}&#8221;][vc_row_inner][vc_column_inner width=&#8221;1\/2&#8243;][vc_single_image image=&#8221;10721&#8243; img_size=&#8221;full&#8221; alignment=&#8221;center&#8221;][\/vc_column_inner][vc_column_inner width=&#8221;1\/2&#8243;][vc_column_text] Tradicionale ose moderne Mir\u00eb se vini n\u00eb restorantin ton\u00eb. K\u00ebtu p\u00ebrpiqemi t\u00eb ndajm\u00eb vizionin ton\u00eb n\u00eb lidhje me cil\u00ebsin\u00eb e ushqimit, misionin ton\u00eb n\u00eb lidhje me k\u00ebnaq\u00ebsin\u00eb e klientit dhe prezantimin e sh\u00ebrbimeve q\u00eb ne ofrojm\u00eb p\u00ebr secilin prej jush. Krijimi i nj\u00eb vendi p\u00ebr ju dhe miqt\u00eb tuaj p\u00ebr t\u00eb kaluar nj\u00eb koh\u00eb dhe p\u00ebr t\u00eb kujtuar \u00ebsht\u00eb nj\u00eb q\u00ebllim par\u00ebsor. Zgjidhni duke nisur nga ushqimet tradicionale shqiptare deri tek gatimet italiane dhe mesdhetare si dhe gjithashtu q\u00eb nuk \u00ebsht\u00eb e zakonshme n\u00eb rreth ne i ofrojme gatime t\u00eb fresk\u00ebta t\u00eb detit.[\/vc_column_text][\/vc_column_inner][\/vc_row_inner][vc_row_inner][vc_column_inner width=&#8221;1\/2&#8243;][vc_column_text] Cfare ne b\u00ebjm\u00eb n\u00eb restorantin ton\u00eb T\u00eb gjith\u00eb p\u00ebrb\u00ebr\u00ebsit e ushqimit jan\u00eb p\u00ebrzgjedhur nga tregu ditor. Ne jemi te fokusuar n\u00eb ushqim t\u00eb fresk\u00ebt dhe t\u00eb sh\u00ebndetsh\u00ebm p\u00ebr klientet tan\u00eb, k\u00ebshtu q\u00eb ju do t\u00eb shijoni nj\u00eb shije t\u00eb v\u00ebrtet\u00eb. Do t\u00eb ket\u00eb gjithnj\u00eb nj\u00eb atmosfer\u00eb t\u00eb relaksuar, sh\u00ebrbim miq\u00ebsor dhe ushqim t\u00eb shijsh\u00ebm! Ne shpresojm\u00eb q\u00eb ju t\u00eb kenaqeni &#8230;[\/vc_column_text][vc_empty_space height=&#8221;10px&#8221;][vc_column_text]M\u00ebngjesi: 8:00 deri n\u00eb 10:30 Dreka: 11:30 deri n\u00eb 14:30 Darka: 6:00 deri n\u00eb 10:00 \u00a0[\/vc_column_text][\/vc_column_inner][vc_column_inner width=&#8221;1\/2&#8243; css=&#8221;.vc_custom_1476345153379{margin-bottom: 6px !important;}&#8221;][vc_single_image image=&#8221;10811&#8243; img_size=&#8221;full&#8221; alignment=&#8221;center&#8221;][\/vc_column_inner][\/vc_row_inner][\/vc_column][\/vc_row][vc_row row_type=&#8221;2&#8243; blox_height=&#8221;500&#8243; blox_image=&#8221;9536&#8243; blox_dark=&#8221;true&#8221; blox_class=&#8221;aligncenter w-information-se w-local-ba-ne&#8221;][vc_column][vc_row_inner][vc_column_inner width=&#8221;1\/12&#8243;][\/vc_column_inner][vc_column_inner width=&#8221;10\/12&#8243;][vc_column_text] Telefononi +355 67 50 000 93 P\u00ebr Rezervime Ne organizojme p\u00ebr ju evente t\u00eb ndryshme si takime, bankete apo raste familjare. Vet\u00ebm na telefononi dhe ne garantojm\u00eb q\u00eb do t\u00eb jeni t\u00eb k\u00ebnaqur. [\/vc_column_text][\/vc_column_inner][vc_column_inner width=&#8221;1\/12&#8243;][\/vc_column_inner][\/vc_row_inner][\/vc_column][\/vc_row]\" \/>\n<meta property=\"og:url\" content=\"https:\/\/hotelshkelzeni.com\/restaurant-bar-2\/\" \/>\n<meta property=\"og:site_name\" content=\"Hotel Shkelzeni\" \/>\n<meta name=\"twitter:card\" content=\"summary_large_image\" \/>\n<meta name=\"twitter:label1\" content=\"Est. reading time\" \/>\n\t<meta name=\"twitter:data1\" content=\"3 minutes\" \/>\n<script type=\"application\/ld+json\" class=\"yoast-schema-graph\">{\"@context\":\"https:\/\/schema.org\",\"@graph\":[{\"@type\":\"WebPage\",\"@id\":\"https:\/\/hotelshkelzeni.com\/restaurant-bar-2\/\",\"url\":\"https:\/\/hotelshkelzeni.com\/restaurant-bar-2\/\",\"name\":\"Restaurant & Bar - Hotel Shkelzeni\",\"isPartOf\":{\"@id\":\"https:\/\/hotelshkelzeni.com\/#website\"},\"datePublished\":\"2017-09-06T17:54:47+00:00\",\"breadcrumb\":{\"@id\":\"https:\/\/hotelshkelzeni.com\/restaurant-bar-2\/#breadcrumb\"},\"inLanguage\":\"\",\"potentialAction\":[{\"@type\":\"ReadAction\",\"target\":[\"https:\/\/hotelshkelzeni.com\/restaurant-bar-2\/\"]}]},{\"@type\":\"BreadcrumbList\",\"@id\":\"https:\/\/hotelshkelzeni.com\/restaurant-bar-2\/#breadcrumb\",\"itemListElement\":[{\"@type\":\"ListItem\",\"position\":1,\"name\":\"Home\",\"item\":\"https:\/\/hotelshkelzeni.com\/\"},{\"@type\":\"ListItem\",\"position\":2,\"name\":\"Restaurant &#038; Bar\"}]},{\"@type\":\"WebSite\",\"@id\":\"https:\/\/hotelshkelzeni.com\/#website\",\"url\":\"https:\/\/hotelshkelzeni.com\/\",\"name\":\"Hotel Shkelzeni\",\"description\":\"Hotel in Bajram Curri, Tropoje\",\"potentialAction\":[{\"@type\":\"SearchAction\",\"target\":{\"@type\":\"EntryPoint\",\"urlTemplate\":\"https:\/\/hotelshkelzeni.com\/?s={search_term_string}\"},\"query-input\":{\"@type\":\"PropertyValueSpecification\",\"valueRequired\":true,\"valueName\":\"search_term_string\"}}],\"inLanguage\":\"\"}]}<\/script>\n<!-- \/ Yoast SEO plugin. -->","yoast_head_json":{"title":"Restaurant & Bar - Hotel Shkelzeni","robots":{"index":"index","follow":"follow","max-snippet":"max-snippet:-1","max-image-preview":"max-image-preview:large","max-video-preview":"max-video-preview:-1"},"canonical":"https:\/\/hotelshkelzeni.com\/restaurant-bar-2\/","og_locale":"en_US","og_type":"article","og_title":"Restaurant & Bar - Hotel Shkelzeni","og_description":"[vc_row row_type=&#8221;3&#8243; animate=&#8221;&#8221; blox_height=&#8221;493&#8243; blox_image=&#8221;10570&#8243; page_title=&#8221;page-title-x&#8221; blox_dark=&#8221;true&#8221; blox_class=&#8221;w-top-se&#8221; parallax_speed=&#8221;8&#8243;][vc_column][\/vc_column][\/vc_row][vc_row][vc_column][vc_row_inner][vc_column_inner width=&#8221;1\/6&#8243;][\/vc_column_inner][vc_column_inner width=&#8221;2\/3&#8243;][\/vc_column_inner][vc_column_inner width=&#8221;1\/6&#8243;][\/vc_column_inner][\/vc_row_inner][\/vc_column][\/vc_row][vc_row][vc_column css=&#8221;.vc_custom_1476344765291{margin-bottom: 4px !important;}&#8221;][vc_row_inner][vc_column_inner width=&#8221;1\/2&#8243;][vc_single_image image=&#8221;10721&#8243; img_size=&#8221;full&#8221; alignment=&#8221;center&#8221;][\/vc_column_inner][vc_column_inner width=&#8221;1\/2&#8243;][vc_column_text] Tradicionale ose moderne Mir\u00eb se vini n\u00eb restorantin ton\u00eb. K\u00ebtu p\u00ebrpiqemi t\u00eb ndajm\u00eb vizionin ton\u00eb n\u00eb lidhje me cil\u00ebsin\u00eb e ushqimit, misionin ton\u00eb n\u00eb lidhje me k\u00ebnaq\u00ebsin\u00eb e klientit dhe prezantimin e sh\u00ebrbimeve q\u00eb ne ofrojm\u00eb p\u00ebr secilin prej jush. Krijimi i nj\u00eb vendi p\u00ebr ju dhe miqt\u00eb tuaj p\u00ebr t\u00eb kaluar nj\u00eb koh\u00eb dhe p\u00ebr t\u00eb kujtuar \u00ebsht\u00eb nj\u00eb q\u00ebllim par\u00ebsor. Zgjidhni duke nisur nga ushqimet tradicionale shqiptare deri tek gatimet italiane dhe mesdhetare si dhe gjithashtu q\u00eb nuk \u00ebsht\u00eb e zakonshme n\u00eb rreth ne i ofrojme gatime t\u00eb fresk\u00ebta t\u00eb detit.[\/vc_column_text][\/vc_column_inner][\/vc_row_inner][vc_row_inner][vc_column_inner width=&#8221;1\/2&#8243;][vc_column_text] Cfare ne b\u00ebjm\u00eb n\u00eb restorantin ton\u00eb T\u00eb gjith\u00eb p\u00ebrb\u00ebr\u00ebsit e ushqimit jan\u00eb p\u00ebrzgjedhur nga tregu ditor. Ne jemi te fokusuar n\u00eb ushqim t\u00eb fresk\u00ebt dhe t\u00eb sh\u00ebndetsh\u00ebm p\u00ebr klientet tan\u00eb, k\u00ebshtu q\u00eb ju do t\u00eb shijoni nj\u00eb shije t\u00eb v\u00ebrtet\u00eb. Do t\u00eb ket\u00eb gjithnj\u00eb nj\u00eb atmosfer\u00eb t\u00eb relaksuar, sh\u00ebrbim miq\u00ebsor dhe ushqim t\u00eb shijsh\u00ebm! Ne shpresojm\u00eb q\u00eb ju t\u00eb kenaqeni &#8230;[\/vc_column_text][vc_empty_space height=&#8221;10px&#8221;][vc_column_text]M\u00ebngjesi: 8:00 deri n\u00eb 10:30 Dreka: 11:30 deri n\u00eb 14:30 Darka: 6:00 deri n\u00eb 10:00 \u00a0[\/vc_column_text][\/vc_column_inner][vc_column_inner width=&#8221;1\/2&#8243; css=&#8221;.vc_custom_1476345153379{margin-bottom: 6px !important;}&#8221;][vc_single_image image=&#8221;10811&#8243; img_size=&#8221;full&#8221; alignment=&#8221;center&#8221;][\/vc_column_inner][\/vc_row_inner][\/vc_column][\/vc_row][vc_row row_type=&#8221;2&#8243; blox_height=&#8221;500&#8243; blox_image=&#8221;9536&#8243; blox_dark=&#8221;true&#8221; blox_class=&#8221;aligncenter w-information-se w-local-ba-ne&#8221;][vc_column][vc_row_inner][vc_column_inner width=&#8221;1\/12&#8243;][\/vc_column_inner][vc_column_inner width=&#8221;10\/12&#8243;][vc_column_text] Telefononi +355 67 50 000 93 P\u00ebr Rezervime Ne organizojme p\u00ebr ju evente t\u00eb ndryshme si takime, bankete apo raste familjare. Vet\u00ebm na telefononi dhe ne garantojm\u00eb q\u00eb do t\u00eb jeni t\u00eb k\u00ebnaqur. [\/vc_column_text][\/vc_column_inner][vc_column_inner width=&#8221;1\/12&#8243;][\/vc_column_inner][\/vc_row_inner][\/vc_column][\/vc_row]","og_url":"https:\/\/hotelshkelzeni.com\/restaurant-bar-2\/","og_site_name":"Hotel Shkelzeni","twitter_card":"summary_large_image","twitter_misc":{"Est. reading time":"3 minutes"},"schema":{"@context":"https:\/\/schema.org","@graph":[{"@type":"WebPage","@id":"https:\/\/hotelshkelzeni.com\/restaurant-bar-2\/","url":"https:\/\/hotelshkelzeni.com\/restaurant-bar-2\/","name":"Restaurant & Bar - Hotel Shkelzeni","isPartOf":{"@id":"https:\/\/hotelshkelzeni.com\/#website"},"datePublished":"2017-09-06T17:54:47+00:00","breadcrumb":{"@id":"https:\/\/hotelshkelzeni.com\/restaurant-bar-2\/#breadcrumb"},"inLanguage":"","potentialAction":[{"@type":"ReadAction","target":["https:\/\/hotelshkelzeni.com\/restaurant-bar-2\/"]}]},{"@type":"BreadcrumbList","@id":"https:\/\/hotelshkelzeni.com\/restaurant-bar-2\/#breadcrumb","itemListElement":[{"@type":"ListItem","position":1,"name":"Home","item":"https:\/\/hotelshkelzeni.com\/"},{"@type":"ListItem","position":2,"name":"Restaurant &#038; Bar"}]},{"@type":"WebSite","@id":"https:\/\/hotelshkelzeni.com\/#website","url":"https:\/\/hotelshkelzeni.com\/","name":"Hotel Shkelzeni","description":"Hotel in Bajram Curri, Tropoje","potentialAction":[{"@type":"SearchAction","target":{"@type":"EntryPoint","urlTemplate":"https:\/\/hotelshkelzeni.com\/?s={search_term_string}"},"query-input":{"@type":"PropertyValueSpecification","valueRequired":true,"valueName":"search_term_string"}}],"inLanguage":""}]}},"_links":{"self":[{"href":"https:\/\/hotelshkelzeni.com\/sq\/wp-json\/wp\/v2\/pages\/10840","targetHints":{"allow":["GET"]}}],"collection":[{"href":"https:\/\/hotelshkelzeni.com\/sq\/wp-json\/wp\/v2\/pages"}],"about":[{"href":"https:\/\/hotelshkelzeni.com\/sq\/wp-json\/wp\/v2\/types\/page"}],"author":[{"embeddable":true,"href":"https:\/\/hotelshkelzeni.com\/sq\/wp-json\/wp\/v2\/users\/1"}],"replies":[{"embeddable":true,"href":"https:\/\/hotelshkelzeni.com\/sq\/wp-json\/wp\/v2\/comments?post=10840"}],"version-history":[{"count":0,"href":"https:\/\/hotelshkelzeni.com\/sq\/wp-json\/wp\/v2\/pages\/10840\/revisions"}],"wp:attachment":[{"href":"https:\/\/hotelshkelzeni.com\/sq\/wp-json\/wp\/v2\/media?parent=10840"}],"curies":[{"name":"wp","href":"https:\/\/api.w.org\/{rel}","templated":true}]}}