{"id":10833,"date":"2017-09-06T18:19:49","date_gmt":"2017-09-06T17:19:49","guid":{"rendered":"http:\/\/hotelshkelzeni.com\/?page_id=10833"},"modified":"2017-09-06T18:19:49","modified_gmt":"2017-09-06T17:19:49","slug":"kontakt-2","status":"publish","type":"page","link":"https:\/\/hotelshkelzeni.com\/sq\/kontakt-2\/","title":{"rendered":"Kontakt"},"content":{"rendered":"<div class=\"wpb-content-wrapper\">[vc_row row_type=&#8221;3&#8243; blox_height=&#8221;495&#8243; blox_image=&#8221;10693&#8243; page_title=&#8221;page-title-x&#8221; blox_dark=&#8221;true&#8221; blox_class=&#8221;w-top-se&#8221; parallax_speed=&#8221;8&#8243;][vc_column css=&#8221;.vc_custom_1473163800849{margin-bottom: 11px !important;}&#8221;]<hr class=\"vertical-space5\"><hr class=\"vertical-space5\"><hr class=\"vertical-space1\"><h2 class=\"big-title1\">Na Kontaktoni<\/h2>[vc_column_text]Gjeni informacionin<br \/>\nQe ju nevojitet n\u00ebse<br \/>\nKeni ndonj\u00eb pyetje.[\/vc_column_text]<hr class=\"vertical-space5\"><hr class=\"vertical-space5\">[\/vc_column][\/vc_row][vc_row][vc_column]<hr class=\"vertical-space5\"><hr class=\"vertical-space2\">[vc_row_inner][vc_column_inner width=&#8221;1\/6&#8243;][\/vc_column_inner][vc_column_inner width=&#8221;4\/6&#8243;]<article class=\"title-plus-text type-1 center \" style=\"text-align:center\" ><h3 style=\"color:#73736b\">Shiko hart\u00ebn e m\u00ebposhtme <\/h3><h2 class=\"part-1\" style=\"color:#31312c\">Gjeni vendndodhjen <\/h2><h2 class=\"part-2\" style=\"color:#5aa300\">ton\u00eb<\/h2><p>I gjith\u00eb ekipi n\u00eb Hotel Shkelzeni \u00ebsht\u00eb n\u00eb dispozicion p\u00ebr t'iu p\u00ebrgjigjur pyetjeve tuaja. <\/p><\/article>[\/vc_column_inner][vc_column_inner width=&#8221;1\/6&#8243;][\/vc_column_inner][\/vc_row_inner]<hr class=\"vertical-space1\">[vc_row_inner][vc_column_inner css=&#8221;.vc_custom_1473243202982{padding-top: 12px !important;padding-bottom: 5px !important;}&#8221;][vc_gmaps link=&#8221;#E-8_JTNDaWZyYW1lJTIwc3JjJTNEJTIyaHR0cHMlM0ElMkYlMkZ3d3cuZ29vZ2xlLmNvbSUyRm1hcHMlMkZlbWJlZCUzRnBiJTNEJTIxMW0xOCUyMTFtMTIlMjExbTMlMjExZDI5NDguMzk0MzQwMzU4NDQ4NSUyMTJkMjAuMDcyNTg2MzUwNjUyMTM0JTIxM2Q0Mi4zNTU0MzQ1ODc2NDkxOCUyMTJtMyUyMTFmMCUyMTJmMCUyMTNmMCUyMTNtMiUyMTFpMTAyNCUyMTJpNzY4JTIxNGYxMy4xJTIxM20zJTIxMW0yJTIxMXMweDAlMjUzQTB4NThhOWQwYmQ2M2E3ZmIyOSUyMTJzSG90ZWwlMkJUdXJpem1pJTIxNWUwJTIxM20yJTIxMXNlbiUyMTJzJTIxNHYxNTAxNjA2MjIxNzgzJTIyJTIwd2lkdGglM0QlMjI4MDAlMjIlMjBoZWlnaHQlM0QlMjI2MDAlMjIlMjBmcmFtZWJvcmRlciUzRCUyMjAlMjIlMjBzdHlsZSUzRCUyMmJvcmRlciUzQTAlMjIlMjBhbGxvd2Z1bGxzY3JlZW4lM0UlM0MlMkZpZnJhbWUlM0U=&#8221;][\/vc_column_inner][\/vc_row_inner][\/vc_column][\/vc_row][vc_row][vc_column]<hr class=\"vertical-space5\">[vc_row_inner][vc_column_inner width=&#8221;1\/6&#8243;][\/vc_column_inner][vc_column_inner width=&#8221;4\/6&#8243;]<article class=\"title-plus-text type-1 center \" style=\"text-align:center\" ><h3 style=\"color:#73736b\">Keni nj\u00eb pyetje?<\/h3><h2 class=\"part-1\" style=\"color:#31312c\">P\u00ebrdorni Formularin p\u00ebr t\u00eb na<\/h2><h2 class=\"part-2\" style=\"color:#5aa300\">kontaktuar<\/h2><p>A keni ndonj\u00eb pyetje, koment apo sugjerim? Na tregoni p\u00ebrmes formularit t\u00eb kontaktit, ne do t'i lexojm\u00eb dhe do t'u p\u00ebrgjigjemi t\u00eb gjith\u00ebve.<\/p><\/article>[\/vc_column_inner][vc_column_inner width=&#8221;1\/6&#8243;][\/vc_column_inner][\/vc_row_inner]<hr class=\"vertical-space3\">[vc_row_inner][vc_column_inner el_class=&#8221;w-contact-info&#8221; width=&#8221;1\/2&#8243; css=&#8221;.vc_custom_1473576674637{margin-top: 15px !important;}&#8221;]<article class=\"icon-box5\" ><i class=\"sl-phone\" style=\" color:#00b1cd;\"><\/i><h4 style=\"color:#353530\">Telefon<\/h4><p style=\"color:#73736b\">+355 21 322 859<br \/>\n+355 67 50 000 93<br \/>\n+355 67 50 000 91<\/p>\n<\/article><article class=\"icon-box5\" ><i class=\"sl-cursor\" style=\" color:#00b1cd;\"><\/i><h4 style=\"color:#353530\">Adresa<\/h4><p style=\"color:#73736b\">Rruga Fatmir Hasadandoci, Bajram Curri, Tropoje<br \/>\n<\/p><\/article><article class=\"icon-box5\" ><a href=\"mailto:info@hotelshkelzeni.com\"><i class=\"li_mail\" style=\" color:#00b1cd;\"><\/i><\/a><h4 style=\"color:#353530\">Email<\/h4><p style=\"color:#73736b\">info@hotelshkelzeni.com<br \/>\n<\/p><\/article>[\/vc_column_inner][vc_column_inner el_class=&#8221;aligncenter&#8221; width=&#8221;1\/2&#8243; css=&#8221;.vc_custom_1473243722623{margin-top: -2px !important;}&#8221;]\n<div class=\"wpcf7 no-js\" id=\"wpcf7-f156-o1\" lang=\"en-US\" dir=\"ltr\" data-wpcf7-id=\"156\">\n<div class=\"screen-reader-response\"><p role=\"status\" aria-live=\"polite\" aria-atomic=\"true\"><\/p> <ul><\/ul><\/div>\n<form action=\"\/sq\/wp-json\/wp\/v2\/pages\/10833#wpcf7-f156-o1\" method=\"post\" class=\"wpcf7-form init\" aria-label=\"Contact form\" novalidate=\"novalidate\" data-status=\"init\">\n<fieldset class=\"hidden-fields-container\"><input type=\"hidden\" name=\"_wpcf7\" value=\"156\" \/><input type=\"hidden\" name=\"_wpcf7_version\" value=\"6.1.5\" \/><input type=\"hidden\" name=\"_wpcf7_locale\" value=\"en_US\" \/><input type=\"hidden\" name=\"_wpcf7_unit_tag\" value=\"wpcf7-f156-o1\" \/><input type=\"hidden\" name=\"_wpcf7_container_post\" value=\"0\" \/><input type=\"hidden\" name=\"_wpcf7_posted_data_hash\" value=\"\" \/><input type=\"hidden\" name=\"_wpcf7_recaptcha_response\" value=\"\" \/>\n<\/fieldset>\n<div class=\"hotella-contact\">\n\t<div class=\"row\">\n\t\t<div class=\"col-md-12\">\n\t\t\t<p><label><span class=\"wpcf7-form-control-wrap\" data-name=\"your-name\"><input size=\"40\" maxlength=\"400\" class=\"wpcf7-form-control wpcf7-text wpcf7-validates-as-required\" aria-required=\"true\" aria-invalid=\"false\" placeholder=\"Your name\" value=\"\" type=\"text\" name=\"your-name\" \/><\/span><\/label>\n\t\t\t<\/p>\n\t\t<\/div>\n\t<\/div>\n\t<div class=\"row\">\n\t\t<div class=\"col-md-6\">\n\t\t\t<p><label><span class=\"wpcf7-form-control-wrap\" data-name=\"your-email\"><input size=\"40\" maxlength=\"400\" class=\"wpcf7-form-control wpcf7-email wpcf7-validates-as-required wpcf7-text wpcf7-validates-as-email\" aria-required=\"true\" aria-invalid=\"false\" placeholder=\"Email\" value=\"\" type=\"email\" name=\"your-email\" \/><\/span><\/label>\n\t\t\t<\/p>\n\t\t<\/div>\n\t\t<div class=\"col-md-6\">\n\t\t\t<p><label><span class=\"wpcf7-form-control-wrap\" data-name=\"your-subject\"><input size=\"40\" maxlength=\"400\" class=\"wpcf7-form-control wpcf7-text\" aria-invalid=\"false\" placeholder=\"Subject\" value=\"\" type=\"text\" name=\"your-subject\" \/><\/span><\/label>\n\t\t\t<\/p>\n\t\t<\/div>\n\t<\/div>\n\t<div class=\"row\">\n\t\t<div class=\"w-contact-txt col-md-12\">\n\t\t\t<p><label><span class=\"wpcf7-form-control-wrap\" data-name=\"your-message\"><textarea cols=\"40\" rows=\"10\" maxlength=\"2000\" class=\"wpcf7-form-control wpcf7-textarea\" aria-invalid=\"false\" placeholder=\"Your Message\" name=\"your-message\"><\/textarea><\/span> <\/label>\n\t\t\t<\/p>\n\t\t<\/div>\n\t<\/div>\n\t<div class=\"row\">\n\t\t<div class=\"w-contact-submit\">\n\t\t\t<p><input class=\"wpcf7-form-control wpcf7-submit has-spinner\" type=\"submit\" value=\"SEND MESSAGE\" \/>\n\t\t\t<\/p>\n\t\t<\/div>\n\t<\/div>\n<\/div><div class=\"wpcf7-response-output\" aria-hidden=\"true\"><\/div>\n<\/form>\n<\/div>\n[\/vc_column_inner][\/vc_row_inner][\/vc_column][\/vc_row][vc_row][vc_column css=&#8221;.vc_custom_1473245247959{margin-top: 8px !important;}&#8221;]<hr class=\"vertical-space3\">[vc_row_inner][vc_column_inner width=&#8221;1\/6&#8243;][\/vc_column_inner][vc_column_inner width=&#8221;4\/6&#8243;]<article class=\"title-plus-text type-1 center \" style=\"text-align:center\" ><h3 style=\"color:#73736b\">Duhet te dini<\/h3><h2 class=\"part-1\" style=\"color:#31312c\">Si t\u00eb arrini<\/h2><h2 class=\"part-2\" style=\"color:#5aa300\">?<\/h2><p>N\u00ebse nuk jeni t\u00eb sigurt se cila \u00ebsht\u00eb m\u00ebnyra m\u00eb e mir\u00eb p\u00ebr ju q\u00eb t\u00eb arrini n\u00eb Hotel Shkelzeni at\u00ebher\u00eb ne propozojm\u00eb k\u00ebto.<\/p><\/article>[\/vc_column_inner][vc_column_inner width=&#8221;1\/6&#8243;][\/vc_column_inner][\/vc_row_inner]<hr class=\"vertical-space2\">[vc_row_inner css=&#8221;.vc_custom_1473246146001{margin-top: -12px !important;margin-bottom: 5px !important;}&#8221;][vc_column_inner width=&#8221;1\/4&#8243;]<div class=\"teaser-box8\"><a href=\"#\"><img decoding=\"async\" class=\"teaser-image \" src=\"https:\/\/hotelshkelzeni.com\/wp-content\/uploads\/2016\/09\/car-to-hotel-tropoje.jpg\" alt=\"\"><h4 class=\"teaser-title has-image\">ME MAKINE<\/h4><div class=\"border-bottom\" style = \"background-color: #00b1cd;\"><\/div><\/a><p>N\u00ebse po vini me makin\u00eb nga Tirana apo Jugu, m\u00ebnyra m\u00eb e mir\u00eb \u00ebsht\u00eb t\u00eb kalosh Kuk\u00ebs - Prizren (KOS) - Gjakov\u00eb (KOS) dhe pastaj k\u00ebtu.<\/p><\/div><hr class=\"vertical-space2\">[\/vc_column_inner][vc_column_inner width=&#8221;1\/4&#8243;]<div class=\"teaser-box8\"><a href=\"#\"><img decoding=\"async\" class=\"teaser-image \" src=\"https:\/\/hotelshkelzeni.com\/wp-content\/uploads\/2016\/09\/ferry-koman.jpg\" alt=\"\"><h4 class=\"teaser-title has-image\">TRAGETI<\/h4><div class=\"border-bottom\" style = \"background-color: #00b1cd;\"><\/div><\/a><p>\u00cbsht\u00eb m\u00ebnyra m\u00eb e bukur p\u00ebr t\u00eb arritur n\u00eb Bajram Curri. Merrni tragetin n\u00eb Koman n\u00eb Fierz\u00eb dhe pastaj shkoni n\u00eb hotel. Lundrimi me target zgjat 2 or\u00eb nga Komani.<\/p><\/div><hr class=\"vertical-space2\">[\/vc_column_inner][vc_column_inner width=&#8221;1\/4&#8243;]<div class=\"teaser-box8\"><a href=\"#\"><img decoding=\"async\" class=\"teaser-image \" src=\"https:\/\/hotelshkelzeni.com\/wp-content\/uploads\/2016\/09\/taxi-tirana-airport-albania-merrtaxi.jpg\" alt=\"\"><h4 class=\"teaser-title has-image\">TAKSI<\/h4><div class=\"border-bottom\" style = \"background-color: #00b1cd;\"><\/div><\/a><p>Kjo \u00ebsht\u00eb nj\u00eb m\u00ebnyr\u00eb e leht\u00eb p\u00ebr t\u00eb ardhur por \u00ebsht\u00eb m\u00eb e shtrenjt\u00eb k\u00ebshtu q\u00eb nuk rekomandohet.<\/p><\/div><hr class=\"vertical-space2\">[\/vc_column_inner][vc_column_inner width=&#8221;1\/4&#8243;]<div class=\"teaser-box8\"><a href=\"#\"><img decoding=\"async\" class=\"teaser-image \" src=\"https:\/\/hotelshkelzeni.com\/wp-content\/uploads\/2016\/09\/c002.jpg\" alt=\"\"><h4 class=\"teaser-title has-image\">LINJA AUTOBUSIT<\/h4><div class=\"border-bottom\" style = \"background-color: #00b1cd;\"><\/div><\/a><p>Ka linja t\u00eb autobus\u00ebve publik\u00eb nga kudo. K\u00ebshtu q\u00eb mund t\u00eb kombinoni dhe t\u00eb merrni nga \u00e7do qytet i Shqip\u00ebris\u00eb n\u00eb Bajram Curri. M\u00eb s\u00eb miri \u00ebsht\u00eb t\u00eb shkosh n\u00eb Tiran\u00eb dhe pastaj nga Tirana n\u00eb hotel.<\/p><\/div><hr class=\"vertical-space2\">[\/vc_column_inner][\/vc_row_inner][\/vc_column][\/vc_row]\n<\/div>","protected":false},"excerpt":{"rendered":"<p>[vc_row row_type=&#8221;3&#8243; blox_height=&#8221;495&#8243; blox_image=&#8221;10693&#8243; page_title=&#8221;page-title-x&#8221; blox_dark=&#8221;true&#8221; blox_class=&#8221;w-top-se&#8221; parallax_speed=&#8221;8&#8243;][vc_column css=&#8221;.vc_custom_1473163800849{margin-bottom: 11px !important;}&#8221;][vc_column_text]Gjeni informacionin Qe ju nevojitet n\u00ebse Keni ndonj\u00eb pyetje.[\/vc_column_text][\/vc_column][\/vc_row][vc_row][vc_column][vc_row_inner][vc_column_inner width=&#8221;1\/6&#8243;][\/vc_column_inner][vc_column_inner width=&#8221;4\/6&#8243;][\/vc_column_inner][vc_column_inner width=&#8221;1\/6&#8243;][\/vc_column_inner][\/vc_row_inner][vc_row_inner][vc_column_inner css=&#8221;.vc_custom_1473243202982{padding-top: 12px !important;padding-bottom: 5px !important;}&#8221;][vc_gmaps link=&#8221;#E-8_JTNDaWZyYW1lJTIwc3JjJTNEJTIyaHR0cHMlM0ElMkYlMkZ3d3cuZ29vZ2xlLmNvbSUyRm1hcHMlMkZlbWJlZCUzRnBiJTNEJTIxMW0xOCUyMTFtMTIlMjExbTMlMjExZDI5NDguMzk0MzQwMzU4NDQ4NSUyMTJkMjAuMDcyNTg2MzUwNjUyMTM0JTIxM2Q0Mi4zNTU0MzQ1ODc2NDkxOCUyMTJtMyUyMTFmMCUyMTJmMCUyMTNmMCUyMTNtMiUyMTFpMTAyNCUyMTJpNzY4JTIxNGYxMy4xJTIxM20zJTIxMW0yJTIxMXMweDAlMjUzQTB4NThhOWQwYmQ2M2E3ZmIyOSUyMTJzSG90ZWwlMkJUdXJpem1pJTIxNWUwJTIxM20yJTIxMXNlbiUyMTJzJTIxNHYxNTAxNjA2MjIxNzgzJTIyJTIwd2lkdGglM0QlMjI4MDAlMjIlMjBoZWlnaHQlM0QlMjI2MDAlMjIlMjBmcmFtZWJvcmRlciUzRCUyMjAlMjIlMjBzdHlsZSUzRCUyMmJvcmRlciUzQTAlMjIlMjBhbGxvd2Z1bGxzY3JlZW4lM0UlM0MlMkZpZnJhbWUlM0U=&#8221;][\/vc_column_inner][\/vc_row_inner][\/vc_column][\/vc_row][vc_row][vc_column][vc_row_inner][vc_column_inner width=&#8221;1\/6&#8243;][\/vc_column_inner][vc_column_inner width=&#8221;4\/6&#8243;][\/vc_column_inner][vc_column_inner width=&#8221;1\/6&#8243;][\/vc_column_inner][\/vc_row_inner][vc_row_inner][vc_column_inner el_class=&#8221;w-contact-info&#8221; width=&#8221;1\/2&#8243; css=&#8221;.vc_custom_1473576674637{margin-top: 15px !important;}&#8221;][\/vc_column_inner][vc_column_inner el_class=&#8221;aligncenter&#8221; width=&#8221;1\/2&#8243; css=&#8221;.vc_custom_1473243722623{margin-top: -2px !important;}&#8221;][\/vc_column_inner][\/vc_row_inner][\/vc_column][\/vc_row][vc_row][vc_column css=&#8221;.vc_custom_1473245247959{margin-top: 8px !important;}&#8221;][vc_row_inner][vc_column_inner width=&#8221;1\/6&#8243;][\/vc_column_inner][vc_column_inner width=&#8221;4\/6&#8243;][\/vc_column_inner][vc_column_inner width=&#8221;1\/6&#8243;][\/vc_column_inner][\/vc_row_inner][vc_row_inner css=&#8221;.vc_custom_1473246146001{margin-top: -12px !important;margin-bottom: 5px !important;}&#8221;][vc_column_inner width=&#8221;1\/4&#8243;][\/vc_column_inner][vc_column_inner width=&#8221;1\/4&#8243;][\/vc_column_inner][vc_column_inner width=&#8221;1\/4&#8243;][\/vc_column_inner][vc_column_inner width=&#8221;1\/4&#8243;][\/vc_column_inner][\/vc_row_inner][\/vc_column][\/vc_row]<\/p>\n","protected":false},"author":1,"featured_media":0,"parent":0,"menu_order":0,"comment_status":"closed","ping_status":"closed","template":"","meta":{"footnotes":""},"class_list":["post-10833","page","type-page","status-publish","hentry"],"yoast_head":"<!-- This site is optimized with the Yoast SEO plugin v25.3.1 - https:\/\/yoast.com\/wordpress\/plugins\/seo\/ -->\n<title>Kontakt - Hotel Shkelzeni<\/title>\n<meta name=\"robots\" content=\"index, follow, max-snippet:-1, max-image-preview:large, max-video-preview:-1\" \/>\n<link rel=\"canonical\" href=\"https:\/\/hotelshkelzeni.com\/contact\/\" \/>\n<meta property=\"og:locale\" content=\"en_US\" \/>\n<meta property=\"og:type\" content=\"article\" \/>\n<meta property=\"og:title\" content=\"Kontakt - Hotel Shkelzeni\" \/>\n<meta property=\"og:description\" content=\"[vc_row row_type=&#8221;3&#8243; blox_height=&#8221;495&#8243; blox_image=&#8221;10693&#8243; page_title=&#8221;page-title-x&#8221; blox_dark=&#8221;true&#8221; blox_class=&#8221;w-top-se&#8221; parallax_speed=&#8221;8&#8243;][vc_column css=&#8221;.vc_custom_1473163800849{margin-bottom: 11px !important;}&#8221;][vc_column_text]Gjeni informacionin Qe ju nevojitet n\u00ebse Keni ndonj\u00eb pyetje.[\/vc_column_text][\/vc_column][\/vc_row][vc_row][vc_column][vc_row_inner][vc_column_inner width=&#8221;1\/6&#8243;][\/vc_column_inner][vc_column_inner width=&#8221;4\/6&#8243;][\/vc_column_inner][vc_column_inner width=&#8221;1\/6&#8243;][\/vc_column_inner][\/vc_row_inner][vc_row_inner][vc_column_inner css=&#8221;.vc_custom_1473243202982{padding-top: 12px !important;padding-bottom: 5px !important;}&#8221;][vc_gmaps link=&#8221;#E-8_JTNDaWZyYW1lJTIwc3JjJTNEJTIyaHR0cHMlM0ElMkYlMkZ3d3cuZ29vZ2xlLmNvbSUyRm1hcHMlMkZlbWJlZCUzRnBiJTNEJTIxMW0xOCUyMTFtMTIlMjExbTMlMjExZDI5NDguMzk0MzQwMzU4NDQ4NSUyMTJkMjAuMDcyNTg2MzUwNjUyMTM0JTIxM2Q0Mi4zNTU0MzQ1ODc2NDkxOCUyMTJtMyUyMTFmMCUyMTJmMCUyMTNmMCUyMTNtMiUyMTFpMTAyNCUyMTJpNzY4JTIxNGYxMy4xJTIxM20zJTIxMW0yJTIxMXMweDAlMjUzQTB4NThhOWQwYmQ2M2E3ZmIyOSUyMTJzSG90ZWwlMkJUdXJpem1pJTIxNWUwJTIxM20yJTIxMXNlbiUyMTJzJTIxNHYxNTAxNjA2MjIxNzgzJTIyJTIwd2lkdGglM0QlMjI4MDAlMjIlMjBoZWlnaHQlM0QlMjI2MDAlMjIlMjBmcmFtZWJvcmRlciUzRCUyMjAlMjIlMjBzdHlsZSUzRCUyMmJvcmRlciUzQTAlMjIlMjBhbGxvd2Z1bGxzY3JlZW4lM0UlM0MlMkZpZnJhbWUlM0U=&#8221;][\/vc_column_inner][\/vc_row_inner][\/vc_column][\/vc_row][vc_row][vc_column][vc_row_inner][vc_column_inner width=&#8221;1\/6&#8243;][\/vc_column_inner][vc_column_inner width=&#8221;4\/6&#8243;][\/vc_column_inner][vc_column_inner width=&#8221;1\/6&#8243;][\/vc_column_inner][\/vc_row_inner][vc_row_inner][vc_column_inner el_class=&#8221;w-contact-info&#8221; width=&#8221;1\/2&#8243; css=&#8221;.vc_custom_1473576674637{margin-top: 15px !important;}&#8221;][\/vc_column_inner][vc_column_inner el_class=&#8221;aligncenter&#8221; width=&#8221;1\/2&#8243; css=&#8221;.vc_custom_1473243722623{margin-top: -2px !important;}&#8221;][\/vc_column_inner][\/vc_row_inner][\/vc_column][\/vc_row][vc_row][vc_column css=&#8221;.vc_custom_1473245247959{margin-top: 8px !important;}&#8221;][vc_row_inner][vc_column_inner width=&#8221;1\/6&#8243;][\/vc_column_inner][vc_column_inner width=&#8221;4\/6&#8243;][\/vc_column_inner][vc_column_inner width=&#8221;1\/6&#8243;][\/vc_column_inner][\/vc_row_inner][vc_row_inner css=&#8221;.vc_custom_1473246146001{margin-top: -12px !important;margin-bottom: 5px !important;}&#8221;][vc_column_inner width=&#8221;1\/4&#8243;][\/vc_column_inner][vc_column_inner width=&#8221;1\/4&#8243;][\/vc_column_inner][vc_column_inner width=&#8221;1\/4&#8243;][\/vc_column_inner][vc_column_inner width=&#8221;1\/4&#8243;][\/vc_column_inner][\/vc_row_inner][\/vc_column][\/vc_row]\" \/>\n<meta property=\"og:url\" content=\"https:\/\/hotelshkelzeni.com\/contact\/\" \/>\n<meta property=\"og:site_name\" content=\"Hotel Shkelzeni\" \/>\n<meta name=\"twitter:card\" content=\"summary_large_image\" \/>\n<meta name=\"twitter:label1\" content=\"Est. reading time\" \/>\n\t<meta name=\"twitter:data1\" content=\"4 minutes\" \/>\n<script type=\"application\/ld+json\" class=\"yoast-schema-graph\">{\"@context\":\"https:\/\/schema.org\",\"@graph\":[{\"@type\":\"WebPage\",\"@id\":\"https:\/\/hotelshkelzeni.com\/contact\/\",\"url\":\"https:\/\/hotelshkelzeni.com\/contact\/\",\"name\":\"Kontakt - Hotel Shkelzeni\",\"isPartOf\":{\"@id\":\"https:\/\/hotelshkelzeni.com\/#website\"},\"datePublished\":\"2017-09-06T17:19:49+00:00\",\"breadcrumb\":{\"@id\":\"https:\/\/hotelshkelzeni.com\/contact\/#breadcrumb\"},\"inLanguage\":\"\",\"potentialAction\":[{\"@type\":\"ReadAction\",\"target\":[\"https:\/\/hotelshkelzeni.com\/contact\/\"]}]},{\"@type\":\"BreadcrumbList\",\"@id\":\"https:\/\/hotelshkelzeni.com\/contact\/#breadcrumb\",\"itemListElement\":[{\"@type\":\"ListItem\",\"position\":1,\"name\":\"Home\",\"item\":\"https:\/\/hotelshkelzeni.com\/\"},{\"@type\":\"ListItem\",\"position\":2,\"name\":\"Kontakt\"}]},{\"@type\":\"WebSite\",\"@id\":\"https:\/\/hotelshkelzeni.com\/#website\",\"url\":\"https:\/\/hotelshkelzeni.com\/\",\"name\":\"Hotel Shkelzeni\",\"description\":\"Hotel in Bajram Curri, Tropoje\",\"potentialAction\":[{\"@type\":\"SearchAction\",\"target\":{\"@type\":\"EntryPoint\",\"urlTemplate\":\"https:\/\/hotelshkelzeni.com\/?s={search_term_string}\"},\"query-input\":{\"@type\":\"PropertyValueSpecification\",\"valueRequired\":true,\"valueName\":\"search_term_string\"}}],\"inLanguage\":\"\"}]}<\/script>\n<!-- \/ Yoast SEO plugin. -->","yoast_head_json":{"title":"Kontakt - Hotel Shkelzeni","robots":{"index":"index","follow":"follow","max-snippet":"max-snippet:-1","max-image-preview":"max-image-preview:large","max-video-preview":"max-video-preview:-1"},"canonical":"https:\/\/hotelshkelzeni.com\/contact\/","og_locale":"en_US","og_type":"article","og_title":"Kontakt - Hotel Shkelzeni","og_description":"[vc_row row_type=&#8221;3&#8243; blox_height=&#8221;495&#8243; blox_image=&#8221;10693&#8243; page_title=&#8221;page-title-x&#8221; blox_dark=&#8221;true&#8221; blox_class=&#8221;w-top-se&#8221; parallax_speed=&#8221;8&#8243;][vc_column css=&#8221;.vc_custom_1473163800849{margin-bottom: 11px !important;}&#8221;][vc_column_text]Gjeni informacionin Qe ju nevojitet n\u00ebse Keni ndonj\u00eb pyetje.[\/vc_column_text][\/vc_column][\/vc_row][vc_row][vc_column][vc_row_inner][vc_column_inner width=&#8221;1\/6&#8243;][\/vc_column_inner][vc_column_inner width=&#8221;4\/6&#8243;][\/vc_column_inner][vc_column_inner width=&#8221;1\/6&#8243;][\/vc_column_inner][\/vc_row_inner][vc_row_inner][vc_column_inner css=&#8221;.vc_custom_1473243202982{padding-top: 12px !important;padding-bottom: 5px !important;}&#8221;][vc_gmaps link=&#8221;#E-8_JTNDaWZyYW1lJTIwc3JjJTNEJTIyaHR0cHMlM0ElMkYlMkZ3d3cuZ29vZ2xlLmNvbSUyRm1hcHMlMkZlbWJlZCUzRnBiJTNEJTIxMW0xOCUyMTFtMTIlMjExbTMlMjExZDI5NDguMzk0MzQwMzU4NDQ4NSUyMTJkMjAuMDcyNTg2MzUwNjUyMTM0JTIxM2Q0Mi4zNTU0MzQ1ODc2NDkxOCUyMTJtMyUyMTFmMCUyMTJmMCUyMTNmMCUyMTNtMiUyMTFpMTAyNCUyMTJpNzY4JTIxNGYxMy4xJTIxM20zJTIxMW0yJTIxMXMweDAlMjUzQTB4NThhOWQwYmQ2M2E3ZmIyOSUyMTJzSG90ZWwlMkJUdXJpem1pJTIxNWUwJTIxM20yJTIxMXNlbiUyMTJzJTIxNHYxNTAxNjA2MjIxNzgzJTIyJTIwd2lkdGglM0QlMjI4MDAlMjIlMjBoZWlnaHQlM0QlMjI2MDAlMjIlMjBmcmFtZWJvcmRlciUzRCUyMjAlMjIlMjBzdHlsZSUzRCUyMmJvcmRlciUzQTAlMjIlMjBhbGxvd2Z1bGxzY3JlZW4lM0UlM0MlMkZpZnJhbWUlM0U=&#8221;][\/vc_column_inner][\/vc_row_inner][\/vc_column][\/vc_row][vc_row][vc_column][vc_row_inner][vc_column_inner width=&#8221;1\/6&#8243;][\/vc_column_inner][vc_column_inner width=&#8221;4\/6&#8243;][\/vc_column_inner][vc_column_inner width=&#8221;1\/6&#8243;][\/vc_column_inner][\/vc_row_inner][vc_row_inner][vc_column_inner el_class=&#8221;w-contact-info&#8221; width=&#8221;1\/2&#8243; css=&#8221;.vc_custom_1473576674637{margin-top: 15px !important;}&#8221;][\/vc_column_inner][vc_column_inner el_class=&#8221;aligncenter&#8221; width=&#8221;1\/2&#8243; css=&#8221;.vc_custom_1473243722623{margin-top: -2px !important;}&#8221;][\/vc_column_inner][\/vc_row_inner][\/vc_column][\/vc_row][vc_row][vc_column css=&#8221;.vc_custom_1473245247959{margin-top: 8px !important;}&#8221;][vc_row_inner][vc_column_inner width=&#8221;1\/6&#8243;][\/vc_column_inner][vc_column_inner width=&#8221;4\/6&#8243;][\/vc_column_inner][vc_column_inner width=&#8221;1\/6&#8243;][\/vc_column_inner][\/vc_row_inner][vc_row_inner css=&#8221;.vc_custom_1473246146001{margin-top: -12px !important;margin-bottom: 5px !important;}&#8221;][vc_column_inner width=&#8221;1\/4&#8243;][\/vc_column_inner][vc_column_inner width=&#8221;1\/4&#8243;][\/vc_column_inner][vc_column_inner width=&#8221;1\/4&#8243;][\/vc_column_inner][vc_column_inner width=&#8221;1\/4&#8243;][\/vc_column_inner][\/vc_row_inner][\/vc_column][\/vc_row]","og_url":"https:\/\/hotelshkelzeni.com\/contact\/","og_site_name":"Hotel Shkelzeni","twitter_card":"summary_large_image","twitter_misc":{"Est. reading time":"4 minutes"},"schema":{"@context":"https:\/\/schema.org","@graph":[{"@type":"WebPage","@id":"https:\/\/hotelshkelzeni.com\/contact\/","url":"https:\/\/hotelshkelzeni.com\/contact\/","name":"Kontakt - Hotel Shkelzeni","isPartOf":{"@id":"https:\/\/hotelshkelzeni.com\/#website"},"datePublished":"2017-09-06T17:19:49+00:00","breadcrumb":{"@id":"https:\/\/hotelshkelzeni.com\/contact\/#breadcrumb"},"inLanguage":"","potentialAction":[{"@type":"ReadAction","target":["https:\/\/hotelshkelzeni.com\/contact\/"]}]},{"@type":"BreadcrumbList","@id":"https:\/\/hotelshkelzeni.com\/contact\/#breadcrumb","itemListElement":[{"@type":"ListItem","position":1,"name":"Home","item":"https:\/\/hotelshkelzeni.com\/"},{"@type":"ListItem","position":2,"name":"Kontakt"}]},{"@type":"WebSite","@id":"https:\/\/hotelshkelzeni.com\/#website","url":"https:\/\/hotelshkelzeni.com\/","name":"Hotel Shkelzeni","description":"Hotel in Bajram Curri, Tropoje","potentialAction":[{"@type":"SearchAction","target":{"@type":"EntryPoint","urlTemplate":"https:\/\/hotelshkelzeni.com\/?s={search_term_string}"},"query-input":{"@type":"PropertyValueSpecification","valueRequired":true,"valueName":"search_term_string"}}],"inLanguage":""}]}},"_links":{"self":[{"href":"https:\/\/hotelshkelzeni.com\/sq\/wp-json\/wp\/v2\/pages\/10833","targetHints":{"allow":["GET"]}}],"collection":[{"href":"https:\/\/hotelshkelzeni.com\/sq\/wp-json\/wp\/v2\/pages"}],"about":[{"href":"https:\/\/hotelshkelzeni.com\/sq\/wp-json\/wp\/v2\/types\/page"}],"author":[{"embeddable":true,"href":"https:\/\/hotelshkelzeni.com\/sq\/wp-json\/wp\/v2\/users\/1"}],"replies":[{"embeddable":true,"href":"https:\/\/hotelshkelzeni.com\/sq\/wp-json\/wp\/v2\/comments?post=10833"}],"version-history":[{"count":0,"href":"https:\/\/hotelshkelzeni.com\/sq\/wp-json\/wp\/v2\/pages\/10833\/revisions"}],"wp:attachment":[{"href":"https:\/\/hotelshkelzeni.com\/sq\/wp-json\/wp\/v2\/media?parent=10833"}],"curies":[{"name":"wp","href":"https:\/\/api.w.org\/{rel}","templated":true}]}}