{"id":10801,"date":"2017-09-02T14:10:15","date_gmt":"2017-09-02T13:10:15","guid":{"rendered":"http:\/\/hotelshkelzeni.com\/?page_id=10801"},"modified":"2017-09-02T14:10:15","modified_gmt":"2017-09-02T13:10:15","slug":"zimmer","status":"publish","type":"page","link":"https:\/\/hotelshkelzeni.com\/de\/zimmer\/","title":{"rendered":"Zimmer"},"content":{"rendered":"<div class=\"wpb-content-wrapper\">[vc_row][vc_column]\r\n\t\t\t<div class=\"row\">\r\n\t\t\t\t<div class=\"wrap-room-grid\">\r\n\r\n\t\t\t\t\r\n\t\t\t\t\t<article class=\"room-grid-item rg-1 col-sm-4\">\r\n\t\t\t\t\t\t<figure class=\"room-grid-item-figure\">\r\n\t\t\t\t\t\t\t<a href=\"https:\/\/hotelshkelzeni.com\/de\/room_type\/junior-suite\/\" title=\"Junior Suite\"><img loading=\"lazy\" decoding=\"async\" src=\"https:\/\/hotelshkelzeni.com\/wp-content\/uploads\/2017\/08\/junior-suite-hotel-tropoje-shkelzeni-420x330.jpg\" alt=\"Junior Suite\" class=\"landscape thumbnail hotella_webnus_blog2_thumb\" width=\"420\" height=\"330\" \/><\/a>\t\t\t\t\t\t\t<div class=\"entry-roomgrid-content\">\r\n\t\t\t\t\t\t\t\t<h2 class=\"entry-roomgrid-title\"><a href=\"https:\/\/hotelshkelzeni.com\/de\/room_type\/junior-suite\/\" rel=\"bookmark\">Junior Suite<\/a><\/h2>\r\n\t\t\t\t\t\t\t\t<p class=\"entry-roomgrid-ex\">Dies ist unsere gr\u00f6\u00dfte und beste Zimmerart. Neben dem gem\u00fctlichen Bett haben Sie extra Platz in der Couch zum Entspannen und genie\u00dfen die Aussicht auf die Berge. Auf Wunsch k\u00f6nnen die Liegen f\u00fcr 2 Personen genutzt oder f\u00fcr Kinder genutzt werden.<\/p>\r\n\t\t\t\t\t\t\t\t<a class=\"readmore\" href=\"https:\/\/hotelshkelzeni.com\/de\/room_type\/junior-suite\/\">full details<\/a>\r\n\r\n\t\t\t\t\t\t\t\t\t<p class=\"awebooking-room-type__price\">Start from <span>Lek8,000<\/span>\/night<\/p>\n\t\t\t\t\t\t\t<\/div>\r\n\t\t\t\t\t\t<\/figure>\r\n\t\t\t\t\t<\/article>\r\n\r\n\t\t\t\t\r\n\t\t\t\t\t<article class=\"room-grid-item rg-1 col-sm-4\">\r\n\t\t\t\t\t\t<figure class=\"room-grid-item-figure\">\r\n\t\t\t\t\t\t\t<a href=\"https:\/\/hotelshkelzeni.com\/de\/room_type\/doppelzimmer\/\" title=\"Doppelzimmer\"><img loading=\"lazy\" decoding=\"async\" src=\"https:\/\/hotelshkelzeni.com\/wp-content\/uploads\/2017\/08\/double-room-hotel-shkelzeni-bed-420x330.jpg\" alt=\"Doppelzimmer\" class=\"landscape thumbnail hotella_webnus_blog2_thumb\" width=\"420\" height=\"330\" \/><\/a>\t\t\t\t\t\t\t<div class=\"entry-roomgrid-content\">\r\n\t\t\t\t\t\t\t\t<h2 class=\"entry-roomgrid-title\"><a href=\"https:\/\/hotelshkelzeni.com\/de\/room_type\/doppelzimmer\/\" rel=\"bookmark\">Doppelzimmer<\/a><\/h2>\r\n\t\t\t\t\t\t\t\t<p class=\"entry-roomgrid-ex\">Gut gestaltete Hotelzimmer in jedem Detail. Es hat ein Doppelbett und es ist perfekt f\u00fcr Paaren.<\/p>\r\n\t\t\t\t\t\t\t\t<a class=\"readmore\" href=\"https:\/\/hotelshkelzeni.com\/de\/room_type\/doppelzimmer\/\">full details<\/a>\r\n\r\n\t\t\t\t\t\t\t\t\t<p class=\"awebooking-room-type__price\">Start from <span>Lek6,000<\/span>\/night<\/p>\n\t\t\t\t\t\t\t<\/div>\r\n\t\t\t\t\t\t<\/figure>\r\n\t\t\t\t\t<\/article>\r\n\r\n\t\t\t\t\r\n\t\t\t\t\t<article class=\"room-grid-item rg-1 col-sm-4\">\r\n\t\t\t\t\t\t<figure class=\"room-grid-item-figure\">\r\n\t\t\t\t\t\t\t<a href=\"https:\/\/hotelshkelzeni.com\/de\/room_type\/doppelzimmer-mit-einzelbett\/\" title=\"Doppelzimmer mit einzelbett\"><img loading=\"lazy\" decoding=\"async\" src=\"https:\/\/hotelshkelzeni.com\/wp-content\/uploads\/2017\/09\/twin-room-hotel-shkelzeni-tropoje-420x330.jpg\" alt=\"Doppelzimmer mit einzelbett\" class=\"landscape thumbnail hotella_webnus_blog2_thumb\" width=\"420\" height=\"330\" \/><\/a>\t\t\t\t\t\t\t<div class=\"entry-roomgrid-content\">\r\n\t\t\t\t\t\t\t\t<h2 class=\"entry-roomgrid-title\"><a href=\"https:\/\/hotelshkelzeni.com\/de\/room_type\/doppelzimmer-mit-einzelbett\/\" rel=\"bookmark\">Doppelzimmer mit einzelbett<\/a><\/h2>\r\n\t\t\t\t\t\t\t\t<p class=\"entry-roomgrid-ex\">Dies sind unsere normalen Zimmer mit einer guten Dekoration, gut ausgestattet mit Schrank, St\u00fchlen und Schreibtisch. Perfekt zum Schlafen von zwei Personen auf getrennten Betten.<\/p>\r\n\t\t\t\t\t\t\t\t<a class=\"readmore\" href=\"https:\/\/hotelshkelzeni.com\/de\/room_type\/doppelzimmer-mit-einzelbett\/\">full details<\/a>\r\n\r\n\t\t\t\t\t\t\t\t\t<p class=\"awebooking-room-type__price\">Start from <span>Lek5,000<\/span>\/night<\/p>\n\t\t\t\t\t\t\t<\/div>\r\n\t\t\t\t\t\t<\/figure>\r\n\t\t\t\t\t<\/article>\r\n\r\n\t\t\t\t\r\n\t\t\t\t<\/div> <!-- end .wrap-room-grid -->\r\n\t\t\t<\/div> <!-- end .row -->\r\n\r\n\t\t\t[\/vc_column][\/vc_row]\n<\/div>","protected":false},"excerpt":{"rendered":"<p>[vc_row][vc_column][\/vc_column][\/vc_row]<\/p>\n","protected":false},"author":1,"featured_media":0,"parent":0,"menu_order":0,"comment_status":"closed","ping_status":"closed","template":"","meta":{"footnotes":""},"class_list":["post-10801","page","type-page","status-publish","hentry"],"yoast_head":"<!-- This site is optimized with the Yoast SEO plugin v25.3.1 - https:\/\/yoast.com\/wordpress\/plugins\/seo\/ -->\n<title>Zimmer - Hotel Shkelzeni<\/title>\n<meta name=\"robots\" content=\"index, follow, max-snippet:-1, max-image-preview:large, max-video-preview:-1\" \/>\n<link rel=\"canonical\" href=\"https:\/\/hotelshkelzeni.com\/room-list\/\" \/>\n<meta property=\"og:locale\" content=\"de_DE\" \/>\n<meta property=\"og:type\" content=\"article\" \/>\n<meta property=\"og:title\" content=\"Zimmer - Hotel Shkelzeni\" \/>\n<meta property=\"og:description\" content=\"[vc_row][vc_column][\/vc_column][\/vc_row]\" \/>\n<meta property=\"og:url\" content=\"https:\/\/hotelshkelzeni.com\/room-list\/\" \/>\n<meta property=\"og:site_name\" content=\"Hotel Shkelzeni\" \/>\n<meta name=\"twitter:card\" content=\"summary_large_image\" \/>\n<script type=\"application\/ld+json\" class=\"yoast-schema-graph\">{\"@context\":\"https:\/\/schema.org\",\"@graph\":[{\"@type\":\"WebPage\",\"@id\":\"https:\/\/hotelshkelzeni.com\/room-list\/\",\"url\":\"https:\/\/hotelshkelzeni.com\/room-list\/\",\"name\":\"Zimmer - Hotel Shkelzeni\",\"isPartOf\":{\"@id\":\"https:\/\/hotelshkelzeni.com\/#website\"},\"datePublished\":\"2017-09-02T13:10:15+00:00\",\"breadcrumb\":{\"@id\":\"https:\/\/hotelshkelzeni.com\/room-list\/#breadcrumb\"},\"inLanguage\":\"de-DE\",\"potentialAction\":[{\"@type\":\"ReadAction\",\"target\":[\"https:\/\/hotelshkelzeni.com\/room-list\/\"]}]},{\"@type\":\"BreadcrumbList\",\"@id\":\"https:\/\/hotelshkelzeni.com\/room-list\/#breadcrumb\",\"itemListElement\":[{\"@type\":\"ListItem\",\"position\":1,\"name\":\"Home\",\"item\":\"https:\/\/hotelshkelzeni.com\/\"},{\"@type\":\"ListItem\",\"position\":2,\"name\":\"Zimmer\"}]},{\"@type\":\"WebSite\",\"@id\":\"https:\/\/hotelshkelzeni.com\/#website\",\"url\":\"https:\/\/hotelshkelzeni.com\/\",\"name\":\"Hotel Shkelzeni\",\"description\":\"Hotel in Bajram Curri, Tropoje\",\"potentialAction\":[{\"@type\":\"SearchAction\",\"target\":{\"@type\":\"EntryPoint\",\"urlTemplate\":\"https:\/\/hotelshkelzeni.com\/?s={search_term_string}\"},\"query-input\":{\"@type\":\"PropertyValueSpecification\",\"valueRequired\":true,\"valueName\":\"search_term_string\"}}],\"inLanguage\":\"de-DE\"}]}<\/script>\n<!-- \/ Yoast SEO plugin. -->","yoast_head_json":{"title":"Zimmer - Hotel Shkelzeni","robots":{"index":"index","follow":"follow","max-snippet":"max-snippet:-1","max-image-preview":"max-image-preview:large","max-video-preview":"max-video-preview:-1"},"canonical":"https:\/\/hotelshkelzeni.com\/room-list\/","og_locale":"de_DE","og_type":"article","og_title":"Zimmer - Hotel Shkelzeni","og_description":"[vc_row][vc_column][\/vc_column][\/vc_row]","og_url":"https:\/\/hotelshkelzeni.com\/room-list\/","og_site_name":"Hotel Shkelzeni","twitter_card":"summary_large_image","schema":{"@context":"https:\/\/schema.org","@graph":[{"@type":"WebPage","@id":"https:\/\/hotelshkelzeni.com\/room-list\/","url":"https:\/\/hotelshkelzeni.com\/room-list\/","name":"Zimmer - Hotel Shkelzeni","isPartOf":{"@id":"https:\/\/hotelshkelzeni.com\/#website"},"datePublished":"2017-09-02T13:10:15+00:00","breadcrumb":{"@id":"https:\/\/hotelshkelzeni.com\/room-list\/#breadcrumb"},"inLanguage":"de-DE","potentialAction":[{"@type":"ReadAction","target":["https:\/\/hotelshkelzeni.com\/room-list\/"]}]},{"@type":"BreadcrumbList","@id":"https:\/\/hotelshkelzeni.com\/room-list\/#breadcrumb","itemListElement":[{"@type":"ListItem","position":1,"name":"Home","item":"https:\/\/hotelshkelzeni.com\/"},{"@type":"ListItem","position":2,"name":"Zimmer"}]},{"@type":"WebSite","@id":"https:\/\/hotelshkelzeni.com\/#website","url":"https:\/\/hotelshkelzeni.com\/","name":"Hotel Shkelzeni","description":"Hotel in Bajram Curri, Tropoje","potentialAction":[{"@type":"SearchAction","target":{"@type":"EntryPoint","urlTemplate":"https:\/\/hotelshkelzeni.com\/?s={search_term_string}"},"query-input":{"@type":"PropertyValueSpecification","valueRequired":true,"valueName":"search_term_string"}}],"inLanguage":"de-DE"}]}},"_links":{"self":[{"href":"https:\/\/hotelshkelzeni.com\/de\/wp-json\/wp\/v2\/pages\/10801","targetHints":{"allow":["GET"]}}],"collection":[{"href":"https:\/\/hotelshkelzeni.com\/de\/wp-json\/wp\/v2\/pages"}],"about":[{"href":"https:\/\/hotelshkelzeni.com\/de\/wp-json\/wp\/v2\/types\/page"}],"author":[{"embeddable":true,"href":"https:\/\/hotelshkelzeni.com\/de\/wp-json\/wp\/v2\/users\/1"}],"replies":[{"embeddable":true,"href":"https:\/\/hotelshkelzeni.com\/de\/wp-json\/wp\/v2\/comments?post=10801"}],"version-history":[{"count":0,"href":"https:\/\/hotelshkelzeni.com\/de\/wp-json\/wp\/v2\/pages\/10801\/revisions"}],"wp:attachment":[{"href":"https:\/\/hotelshkelzeni.com\/de\/wp-json\/wp\/v2\/media?parent=10801"}],"curies":[{"name":"wp","href":"https:\/\/api.w.org\/{rel}","templated":true}]}}