{"id":10756,"date":"2017-08-27T17:46:39","date_gmt":"2017-08-27T16:46:39","guid":{"rendered":"http:\/\/hotelshkelzeni.com\/?page_id=10756\/"},"modified":"2017-08-27T17:46:39","modified_gmt":"2017-08-27T16:46:39","slug":"lokal","status":"publish","type":"page","link":"https:\/\/hotelshkelzeni.com\/de\/lokal\/","title":{"rendered":"Lokal"},"content":{"rendered":"<div class=\"wpb-content-wrapper\">[vc_row row_type=&#8221;3&#8243; blox_height=&#8221;493&#8243; blox_image=&#8221;10709&#8243; page_title=&#8221;page-title-x&#8221; blox_dark=&#8221;true&#8221; blox_class=&#8221;w-top-se&#8221; parallax_speed=&#8221;8&#8243;][vc_column]<hr class=\"vertical-space5\"><hr class=\"vertical-space5\"><hr class=\"vertical-space1\"><h2 class=\"big-title1\">Lokale Sehensw\u00fcrdigkeiten<\/h2>[vc_column_text][\/vc_column_text]<hr class=\"vertical-space5\">[\/vc_column][\/vc_row][vc_row blox_class=&#8221;aligincenter&#8221;][vc_column]<hr class=\"vertical-space5\"><hr class=\"vertical-space2\">[vc_row_inner][vc_column_inner width=&#8221;1\/6&#8243;][\/vc_column_inner][vc_column_inner width=&#8221;2\/3&#8243;]<article class=\"title-plus-text type-1 center \" style=\"text-align:center\" ><h2 class=\"part-1\" style=\"color:#31312c\">Lokale <\/h2><h2 class=\"part-2\" style=\"color:#de3068\">Sehensw\u00fcrdigkeiten<\/h2><\/article>[\/vc_column_inner][vc_column_inner width=&#8221;1\/6&#8243;][\/vc_column_inner][\/vc_row_inner]<hr class=\"vertical-space2\">[vc_row_inner el_class=&#8221;w-local-blog-more&#8221; css=&#8221;.vc_custom_1477294841669{margin-top: -9px !important;}&#8221;][vc_column_inner width=&#8221;1\/2&#8243;][vc_single_image image=&#8221;10706&#8243; img_size=&#8221;full&#8221;][vc_column_text]\n<h3 style=\"margin-top: 26px; font-size: 18px; font-weight: bold; text-transform: uppercase; color: #31312c;\">BAJRAM CURRI<\/h3>\n<p>Wurde w\u00e4hrend der kommunistischen Zeit im Jahre 1957 gegr\u00fcndet und gebaut. Die Stadt hei\u00dft nach dem Nationalen Helden Bajram Curri, der im Gebiet von Tropoja gek\u00e4mpft hat. In Bajram Curri k\u00f6nnen Sie die besondere Architektur des alten Museums sehen oder eine 10-min\u00fctige Fahrt zum Dorf Bujan nehmen und den Turm von Mic Sokoli besuchen, einem typisch nordalbanischen Turm \/ Haus.[\/vc_column_text]<hr class=\"vertical-space5\">[\/vc_column_inner][vc_column_inner width=&#8221;1\/2&#8243;][vc_single_image image=&#8221;10705&#8243; img_size=&#8221;full&#8221;][vc_column_text]\n<h3 style=\"margin-top: 26px; font-size: 18px; font-weight: bold; text-transform: uppercase; color: #31312c;\">VAlbona National Park<\/h3>\n<p>Valbona Tal ist einer der sch\u00f6nsten Orte in Albanien und eine gro\u00dfe touristische Attraktion mit einer L\u00e4nge von 27 km. Es ist reich an Flora und Fauna und es ist ein perfekter Ort zum Wandern. Es gibt verschiedene Routen von einfach wie ein sch\u00f6ner Spaziergang, zu den anspruchsvollen wie von Valbona durch den Valbona Pass nach Theth oder Klettern Mt. Jezereca.[\/vc_column_text]<hr class=\"vertical-space5\">[\/vc_column_inner][\/vc_row_inner][vc_row_inner][vc_column_inner width=&#8221;1\/2&#8243;][vc_single_image image=&#8221;10707&#8243; img_size=&#8221;full&#8221;][vc_column_text]\n<h3 style=\"margin-top: 26px; font-size: 18px; font-weight: bold; text-transform: uppercase; color: #31312c;\">FIERZA &amp; KOMAN SEE<\/h3>\n<p>Wenn Sie Zeit haben k\u00f6nnen sie mit der F\u00e4hre auf dem Koman See fahren und genie\u00dfen, was von Bradt Guides als &#8220;Einer der weltgr\u00f6\u00dften Bootsfahrten&#8221; angesehen wird. Der See wurde w\u00e4hrend der &#8217;70 aus dem Kraftwerk von Koman und Fierza geschaffen. Viele vergleichen die umliegenden Berge mit den norwegischen Fjorden.[\/vc_column_text]<hr class=\"vertical-space5\">[\/vc_column_inner][vc_column_inner width=&#8221;1\/2&#8243;][vc_single_image image=&#8221;10708&#8243; img_size=&#8221;full&#8221;][vc_column_text]\n<h3 style=\"margin-top: 26px; font-size: 18px; font-weight: bold; text-transform: uppercase; color: #31312c;\">ALBANISCHE ALPINEN<\/h3>\n<p>Wenn Sie mehr aktiv sind und lange Wanderungen machen wollen, dann sind die Alpen Almweiden Ihr n\u00e4chstes Ziel von unserem Hotel. Wanderung f\u00fcr ca. 6-7 Stunden auf dem so genannten &#8220;Peaks of the Balkan&#8221; Trail, oder nutzen sie ein Offroad 4 \u00d7 4 Fahrzeug und machen ein Abenteuer in den Bergen.[\/vc_column_text]<hr class=\"vertical-space5\">[\/vc_column_inner][\/vc_row_inner][\/vc_column][\/vc_row][vc_row][vc_column width=&#8221;1\/3&#8243;][\/vc_column][vc_column width=&#8221;1\/3&#8243;][vc_widget_sidebar sidebar_id=&#8221;footer-section-3&#8243; title=&#8221;Wetter&#8221;][\/vc_column][vc_column width=&#8221;1\/3&#8243;][\/vc_column][\/vc_row]\n<\/div>","protected":false},"excerpt":{"rendered":"<p>[vc_row row_type=&#8221;3&#8243; blox_height=&#8221;493&#8243; blox_image=&#8221;10709&#8243; page_title=&#8221;page-title-x&#8221; blox_dark=&#8221;true&#8221; blox_class=&#8221;w-top-se&#8221; parallax_speed=&#8221;8&#8243;][vc_column][vc_column_text][\/vc_column_text][\/vc_column][\/vc_row][vc_row blox_class=&#8221;aligincenter&#8221;][vc_column][vc_row_inner][vc_column_inner width=&#8221;1\/6&#8243;][\/vc_column_inner][vc_column_inner width=&#8221;2\/3&#8243;][\/vc_column_inner][vc_column_inner width=&#8221;1\/6&#8243;][\/vc_column_inner][\/vc_row_inner][vc_row_inner el_class=&#8221;w-local-blog-more&#8221; css=&#8221;.vc_custom_1477294841669{margin-top: -9px !important;}&#8221;][vc_column_inner width=&#8221;1\/2&#8243;][vc_single_image image=&#8221;10706&#8243; img_size=&#8221;full&#8221;][vc_column_text] BAJRAM CURRI Wurde w\u00e4hrend der kommunistischen Zeit im Jahre 1957 gegr\u00fcndet und gebaut. Die Stadt hei\u00dft nach dem Nationalen Helden Bajram Curri, der im Gebiet von Tropoja gek\u00e4mpft hat. In Bajram Curri k\u00f6nnen Sie die besondere Architektur des alten Museums sehen oder eine 10-min\u00fctige Fahrt zum Dorf Bujan nehmen und den Turm von Mic Sokoli besuchen, einem typisch nordalbanischen Turm \/ Haus.[\/vc_column_text][\/vc_column_inner][vc_column_inner width=&#8221;1\/2&#8243;][vc_single_image image=&#8221;10705&#8243; img_size=&#8221;full&#8221;][vc_column_text] VAlbona National Park Valbona Tal ist einer der sch\u00f6nsten Orte in Albanien und eine gro\u00dfe touristische Attraktion mit einer L\u00e4nge von 27 km. Es ist reich an Flora und Fauna und es ist ein perfekter Ort zum Wandern. Es gibt verschiedene Routen von einfach wie ein sch\u00f6ner Spaziergang, zu den anspruchsvollen wie von Valbona durch den Valbona Pass nach Theth oder Klettern Mt. Jezereca.[\/vc_column_text][\/vc_column_inner][\/vc_row_inner][vc_row_inner][vc_column_inner width=&#8221;1\/2&#8243;][vc_single_image image=&#8221;10707&#8243; img_size=&#8221;full&#8221;][vc_column_text] FIERZA &amp; KOMAN SEE Wenn Sie Zeit haben k\u00f6nnen sie mit der F\u00e4hre auf dem Koman See fahren und genie\u00dfen, was von Bradt Guides als &#8220;Einer der weltgr\u00f6\u00dften Bootsfahrten&#8221; angesehen wird. Der See wurde w\u00e4hrend der &#8217;70 aus dem Kraftwerk von Koman und Fierza geschaffen. Viele vergleichen die umliegenden Berge mit den norwegischen Fjorden.[\/vc_column_text][\/vc_column_inner][vc_column_inner width=&#8221;1\/2&#8243;][vc_single_image image=&#8221;10708&#8243; img_size=&#8221;full&#8221;][vc_column_text] ALBANISCHE ALPINEN Wenn Sie mehr aktiv sind und lange Wanderungen machen wollen, dann sind die Alpen Almweiden Ihr n\u00e4chstes Ziel von unserem Hotel. Wanderung f\u00fcr ca. 6-7 Stunden auf dem so genannten &#8220;Peaks of the Balkan&#8221; Trail, oder nutzen sie ein Offroad 4 \u00d7 4 Fahrzeug und machen ein Abenteuer in den Bergen.[\/vc_column_text][\/vc_column_inner][\/vc_row_inner][\/vc_column][\/vc_row][vc_row][vc_column width=&#8221;1\/3&#8243;][\/vc_column][vc_column width=&#8221;1\/3&#8243;][vc_widget_sidebar sidebar_id=&#8221;footer-section-3&#8243; title=&#8221;Wetter&#8221;][\/vc_column][vc_column width=&#8221;1\/3&#8243;][\/vc_column][\/vc_row]<\/p>\n","protected":false},"author":1,"featured_media":0,"parent":0,"menu_order":0,"comment_status":"closed","ping_status":"closed","template":"","meta":{"footnotes":""},"class_list":["post-10756","page","type-page","status-publish","hentry"],"yoast_head":"<!-- This site is optimized with the Yoast SEO plugin v25.3.1 - https:\/\/yoast.com\/wordpress\/plugins\/seo\/ -->\n<title>Lokal - Hotel Shkelzeni<\/title>\n<meta name=\"robots\" content=\"index, follow, max-snippet:-1, max-image-preview:large, max-video-preview:-1\" \/>\n<link rel=\"canonical\" href=\"https:\/\/hotelshkelzeni.com\/local\/\" \/>\n<meta property=\"og:locale\" content=\"de_DE\" \/>\n<meta property=\"og:type\" content=\"article\" \/>\n<meta property=\"og:title\" content=\"Lokal - Hotel Shkelzeni\" \/>\n<meta property=\"og:description\" content=\"[vc_row row_type=&#8221;3&#8243; blox_height=&#8221;493&#8243; blox_image=&#8221;10709&#8243; page_title=&#8221;page-title-x&#8221; blox_dark=&#8221;true&#8221; blox_class=&#8221;w-top-se&#8221; parallax_speed=&#8221;8&#8243;][vc_column][vc_column_text][\/vc_column_text][\/vc_column][\/vc_row][vc_row blox_class=&#8221;aligincenter&#8221;][vc_column][vc_row_inner][vc_column_inner width=&#8221;1\/6&#8243;][\/vc_column_inner][vc_column_inner width=&#8221;2\/3&#8243;][\/vc_column_inner][vc_column_inner width=&#8221;1\/6&#8243;][\/vc_column_inner][\/vc_row_inner][vc_row_inner el_class=&#8221;w-local-blog-more&#8221; css=&#8221;.vc_custom_1477294841669{margin-top: -9px !important;}&#8221;][vc_column_inner width=&#8221;1\/2&#8243;][vc_single_image image=&#8221;10706&#8243; img_size=&#8221;full&#8221;][vc_column_text] BAJRAM CURRI Wurde w\u00e4hrend der kommunistischen Zeit im Jahre 1957 gegr\u00fcndet und gebaut. Die Stadt hei\u00dft nach dem Nationalen Helden Bajram Curri, der im Gebiet von Tropoja gek\u00e4mpft hat. In Bajram Curri k\u00f6nnen Sie die besondere Architektur des alten Museums sehen oder eine 10-min\u00fctige Fahrt zum Dorf Bujan nehmen und den Turm von Mic Sokoli besuchen, einem typisch nordalbanischen Turm \/ Haus.[\/vc_column_text][\/vc_column_inner][vc_column_inner width=&#8221;1\/2&#8243;][vc_single_image image=&#8221;10705&#8243; img_size=&#8221;full&#8221;][vc_column_text] VAlbona National Park Valbona Tal ist einer der sch\u00f6nsten Orte in Albanien und eine gro\u00dfe touristische Attraktion mit einer L\u00e4nge von 27 km. Es ist reich an Flora und Fauna und es ist ein perfekter Ort zum Wandern. Es gibt verschiedene Routen von einfach wie ein sch\u00f6ner Spaziergang, zu den anspruchsvollen wie von Valbona durch den Valbona Pass nach Theth oder Klettern Mt. Jezereca.[\/vc_column_text][\/vc_column_inner][\/vc_row_inner][vc_row_inner][vc_column_inner width=&#8221;1\/2&#8243;][vc_single_image image=&#8221;10707&#8243; img_size=&#8221;full&#8221;][vc_column_text] FIERZA &amp; KOMAN SEE Wenn Sie Zeit haben k\u00f6nnen sie mit der F\u00e4hre auf dem Koman See fahren und genie\u00dfen, was von Bradt Guides als &#8220;Einer der weltgr\u00f6\u00dften Bootsfahrten&#8221; angesehen wird. Der See wurde w\u00e4hrend der &#8217;70 aus dem Kraftwerk von Koman und Fierza geschaffen. Viele vergleichen die umliegenden Berge mit den norwegischen Fjorden.[\/vc_column_text][\/vc_column_inner][vc_column_inner width=&#8221;1\/2&#8243;][vc_single_image image=&#8221;10708&#8243; img_size=&#8221;full&#8221;][vc_column_text] ALBANISCHE ALPINEN Wenn Sie mehr aktiv sind und lange Wanderungen machen wollen, dann sind die Alpen Almweiden Ihr n\u00e4chstes Ziel von unserem Hotel. Wanderung f\u00fcr ca. 6-7 Stunden auf dem so genannten &#8220;Peaks of the Balkan&#8221; Trail, oder nutzen sie ein Offroad 4 \u00d7 4 Fahrzeug und machen ein Abenteuer in den Bergen.[\/vc_column_text][\/vc_column_inner][\/vc_row_inner][\/vc_column][\/vc_row][vc_row][vc_column width=&#8221;1\/3&#8243;][\/vc_column][vc_column width=&#8221;1\/3&#8243;][vc_widget_sidebar sidebar_id=&#8221;footer-section-3&#8243; title=&#8221;Wetter&#8221;][\/vc_column][vc_column width=&#8221;1\/3&#8243;][\/vc_column][\/vc_row]\" \/>\n<meta property=\"og:url\" content=\"https:\/\/hotelshkelzeni.com\/local\/\" \/>\n<meta property=\"og:site_name\" content=\"Hotel Shkelzeni\" \/>\n<meta name=\"twitter:card\" content=\"summary_large_image\" \/>\n<meta name=\"twitter:label1\" content=\"Est. reading time\" \/>\n\t<meta name=\"twitter:data1\" content=\"2 minutes\" \/>\n<script type=\"application\/ld+json\" class=\"yoast-schema-graph\">{\"@context\":\"https:\/\/schema.org\",\"@graph\":[{\"@type\":\"WebPage\",\"@id\":\"https:\/\/hotelshkelzeni.com\/local\/\",\"url\":\"https:\/\/hotelshkelzeni.com\/local\/\",\"name\":\"Lokal - Hotel Shkelzeni\",\"isPartOf\":{\"@id\":\"https:\/\/hotelshkelzeni.com\/#website\"},\"datePublished\":\"2017-08-27T16:46:39+00:00\",\"breadcrumb\":{\"@id\":\"https:\/\/hotelshkelzeni.com\/local\/#breadcrumb\"},\"inLanguage\":\"de-DE\",\"potentialAction\":[{\"@type\":\"ReadAction\",\"target\":[\"https:\/\/hotelshkelzeni.com\/local\/\"]}]},{\"@type\":\"BreadcrumbList\",\"@id\":\"https:\/\/hotelshkelzeni.com\/local\/#breadcrumb\",\"itemListElement\":[{\"@type\":\"ListItem\",\"position\":1,\"name\":\"Home\",\"item\":\"https:\/\/hotelshkelzeni.com\/\"},{\"@type\":\"ListItem\",\"position\":2,\"name\":\"Lokal\"}]},{\"@type\":\"WebSite\",\"@id\":\"https:\/\/hotelshkelzeni.com\/#website\",\"url\":\"https:\/\/hotelshkelzeni.com\/\",\"name\":\"Hotel Shkelzeni\",\"description\":\"Hotel in Bajram Curri, Tropoje\",\"potentialAction\":[{\"@type\":\"SearchAction\",\"target\":{\"@type\":\"EntryPoint\",\"urlTemplate\":\"https:\/\/hotelshkelzeni.com\/?s={search_term_string}\"},\"query-input\":{\"@type\":\"PropertyValueSpecification\",\"valueRequired\":true,\"valueName\":\"search_term_string\"}}],\"inLanguage\":\"de-DE\"}]}<\/script>\n<!-- \/ Yoast SEO plugin. -->","yoast_head_json":{"title":"Lokal - Hotel Shkelzeni","robots":{"index":"index","follow":"follow","max-snippet":"max-snippet:-1","max-image-preview":"max-image-preview:large","max-video-preview":"max-video-preview:-1"},"canonical":"https:\/\/hotelshkelzeni.com\/local\/","og_locale":"de_DE","og_type":"article","og_title":"Lokal - Hotel Shkelzeni","og_description":"[vc_row row_type=&#8221;3&#8243; blox_height=&#8221;493&#8243; blox_image=&#8221;10709&#8243; page_title=&#8221;page-title-x&#8221; blox_dark=&#8221;true&#8221; blox_class=&#8221;w-top-se&#8221; parallax_speed=&#8221;8&#8243;][vc_column][vc_column_text][\/vc_column_text][\/vc_column][\/vc_row][vc_row blox_class=&#8221;aligincenter&#8221;][vc_column][vc_row_inner][vc_column_inner width=&#8221;1\/6&#8243;][\/vc_column_inner][vc_column_inner width=&#8221;2\/3&#8243;][\/vc_column_inner][vc_column_inner width=&#8221;1\/6&#8243;][\/vc_column_inner][\/vc_row_inner][vc_row_inner el_class=&#8221;w-local-blog-more&#8221; css=&#8221;.vc_custom_1477294841669{margin-top: -9px !important;}&#8221;][vc_column_inner width=&#8221;1\/2&#8243;][vc_single_image image=&#8221;10706&#8243; img_size=&#8221;full&#8221;][vc_column_text] BAJRAM CURRI Wurde w\u00e4hrend der kommunistischen Zeit im Jahre 1957 gegr\u00fcndet und gebaut. Die Stadt hei\u00dft nach dem Nationalen Helden Bajram Curri, der im Gebiet von Tropoja gek\u00e4mpft hat. In Bajram Curri k\u00f6nnen Sie die besondere Architektur des alten Museums sehen oder eine 10-min\u00fctige Fahrt zum Dorf Bujan nehmen und den Turm von Mic Sokoli besuchen, einem typisch nordalbanischen Turm \/ Haus.[\/vc_column_text][\/vc_column_inner][vc_column_inner width=&#8221;1\/2&#8243;][vc_single_image image=&#8221;10705&#8243; img_size=&#8221;full&#8221;][vc_column_text] VAlbona National Park Valbona Tal ist einer der sch\u00f6nsten Orte in Albanien und eine gro\u00dfe touristische Attraktion mit einer L\u00e4nge von 27 km. Es ist reich an Flora und Fauna und es ist ein perfekter Ort zum Wandern. Es gibt verschiedene Routen von einfach wie ein sch\u00f6ner Spaziergang, zu den anspruchsvollen wie von Valbona durch den Valbona Pass nach Theth oder Klettern Mt. Jezereca.[\/vc_column_text][\/vc_column_inner][\/vc_row_inner][vc_row_inner][vc_column_inner width=&#8221;1\/2&#8243;][vc_single_image image=&#8221;10707&#8243; img_size=&#8221;full&#8221;][vc_column_text] FIERZA &amp; KOMAN SEE Wenn Sie Zeit haben k\u00f6nnen sie mit der F\u00e4hre auf dem Koman See fahren und genie\u00dfen, was von Bradt Guides als &#8220;Einer der weltgr\u00f6\u00dften Bootsfahrten&#8221; angesehen wird. Der See wurde w\u00e4hrend der &#8217;70 aus dem Kraftwerk von Koman und Fierza geschaffen. Viele vergleichen die umliegenden Berge mit den norwegischen Fjorden.[\/vc_column_text][\/vc_column_inner][vc_column_inner width=&#8221;1\/2&#8243;][vc_single_image image=&#8221;10708&#8243; img_size=&#8221;full&#8221;][vc_column_text] ALBANISCHE ALPINEN Wenn Sie mehr aktiv sind und lange Wanderungen machen wollen, dann sind die Alpen Almweiden Ihr n\u00e4chstes Ziel von unserem Hotel. Wanderung f\u00fcr ca. 6-7 Stunden auf dem so genannten &#8220;Peaks of the Balkan&#8221; Trail, oder nutzen sie ein Offroad 4 \u00d7 4 Fahrzeug und machen ein Abenteuer in den Bergen.[\/vc_column_text][\/vc_column_inner][\/vc_row_inner][\/vc_column][\/vc_row][vc_row][vc_column width=&#8221;1\/3&#8243;][\/vc_column][vc_column width=&#8221;1\/3&#8243;][vc_widget_sidebar sidebar_id=&#8221;footer-section-3&#8243; title=&#8221;Wetter&#8221;][\/vc_column][vc_column width=&#8221;1\/3&#8243;][\/vc_column][\/vc_row]","og_url":"https:\/\/hotelshkelzeni.com\/local\/","og_site_name":"Hotel Shkelzeni","twitter_card":"summary_large_image","twitter_misc":{"Est. reading time":"2 minutes"},"schema":{"@context":"https:\/\/schema.org","@graph":[{"@type":"WebPage","@id":"https:\/\/hotelshkelzeni.com\/local\/","url":"https:\/\/hotelshkelzeni.com\/local\/","name":"Lokal - Hotel Shkelzeni","isPartOf":{"@id":"https:\/\/hotelshkelzeni.com\/#website"},"datePublished":"2017-08-27T16:46:39+00:00","breadcrumb":{"@id":"https:\/\/hotelshkelzeni.com\/local\/#breadcrumb"},"inLanguage":"de-DE","potentialAction":[{"@type":"ReadAction","target":["https:\/\/hotelshkelzeni.com\/local\/"]}]},{"@type":"BreadcrumbList","@id":"https:\/\/hotelshkelzeni.com\/local\/#breadcrumb","itemListElement":[{"@type":"ListItem","position":1,"name":"Home","item":"https:\/\/hotelshkelzeni.com\/"},{"@type":"ListItem","position":2,"name":"Lokal"}]},{"@type":"WebSite","@id":"https:\/\/hotelshkelzeni.com\/#website","url":"https:\/\/hotelshkelzeni.com\/","name":"Hotel Shkelzeni","description":"Hotel in Bajram Curri, Tropoje","potentialAction":[{"@type":"SearchAction","target":{"@type":"EntryPoint","urlTemplate":"https:\/\/hotelshkelzeni.com\/?s={search_term_string}"},"query-input":{"@type":"PropertyValueSpecification","valueRequired":true,"valueName":"search_term_string"}}],"inLanguage":"de-DE"}]}},"_links":{"self":[{"href":"https:\/\/hotelshkelzeni.com\/de\/wp-json\/wp\/v2\/pages\/10756","targetHints":{"allow":["GET"]}}],"collection":[{"href":"https:\/\/hotelshkelzeni.com\/de\/wp-json\/wp\/v2\/pages"}],"about":[{"href":"https:\/\/hotelshkelzeni.com\/de\/wp-json\/wp\/v2\/types\/page"}],"author":[{"embeddable":true,"href":"https:\/\/hotelshkelzeni.com\/de\/wp-json\/wp\/v2\/users\/1"}],"replies":[{"embeddable":true,"href":"https:\/\/hotelshkelzeni.com\/de\/wp-json\/wp\/v2\/comments?post=10756"}],"version-history":[{"count":0,"href":"https:\/\/hotelshkelzeni.com\/de\/wp-json\/wp\/v2\/pages\/10756\/revisions"}],"wp:attachment":[{"href":"https:\/\/hotelshkelzeni.com\/de\/wp-json\/wp\/v2\/media?parent=10756"}],"curies":[{"name":"wp","href":"https:\/\/api.w.org\/{rel}","templated":true}]}}