{"id":10752,"date":"2017-08-27T17:11:26","date_gmt":"2017-08-27T16:11:26","guid":{"rendered":"http:\/\/hotelshkelzeni.com\/?page_id=10752\/"},"modified":"2017-08-27T17:11:26","modified_gmt":"2017-08-27T16:11:26","slug":"restaurant-bar","status":"publish","type":"page","link":"https:\/\/hotelshkelzeni.com\/de\/restaurant-bar\/","title":{"rendered":"Restaurant &#038; Bar"},"content":{"rendered":"<div class=\"wpb-content-wrapper\">[vc_row row_type=&#8221;3&#8243; animate=&#8221;&#8221; blox_height=&#8221;493&#8243; blox_image=&#8221;10570&#8243; page_title=&#8221;page-title-x&#8221; blox_dark=&#8221;true&#8221; blox_class=&#8221;w-top-se&#8221; parallax_speed=&#8221;8&#8243;][vc_column]<hr class=\"vertical-space5\"><hr class=\"vertical-space5\"><hr class=\"vertical-space1\"><h2 class=\"big-title1\">Restaurant &amp; Bar<\/h2><hr class=\"vertical-space5\">[\/vc_column][\/vc_row][vc_row][vc_column]<hr class=\"vertical-space5\"><hr class=\"vertical-space2\">[vc_row_inner][vc_column_inner width=&#8221;1\/6&#8243;][\/vc_column_inner][vc_column_inner width=&#8221;2\/3&#8243;]<article class=\"title-plus-text type-1 center \" style=\"text-align:center\" ><h2 class=\"part-1\" style=\"color:#31312c\">Genie\u00dfen Sie das Men\u00fc des <\/h2><h2 class=\"part-2\" style=\"color:#5aa300\">Restaurants<\/h2><p>Das Restaurant im Hotel Shkelzeni ist zum Fr\u00fchst\u00fcck, Mittag- und Abendessen f\u00fcr G\u00e4ste und auch f\u00fcr alle anderen Besucher ge\u00f6ffnet.<\/p><\/article>[\/vc_column_inner][vc_column_inner width=&#8221;1\/6&#8243;][\/vc_column_inner][\/vc_row_inner][\/vc_column][\/vc_row][vc_row][vc_column css=&#8221;.vc_custom_1476344765291{margin-bottom: 4px !important;}&#8221;][vc_row_inner][vc_column_inner width=&#8221;1\/2&#8243;][vc_single_image image=&#8221;10721&#8243; img_size=&#8221;full&#8221; alignment=&#8221;center&#8221;][\/vc_column_inner][vc_column_inner width=&#8221;1\/2&#8243;]<hr class=\"vertical-space1\">[vc_column_text]\n<h4 style=\"letter-spacing: -1px; font-weight: 600; font-size: 18px;\">Traditionell oder modern<\/h4>\n<p>Willkommen in unserem Restaurant. Hier versuchen wir unsere Vision \u00fcber die Lebensmittelqualit\u00e4t zu teilen, unsere Mission \u00fcber die Zufriedenheit des Kunden und die Einf\u00fchrung von Dienstleistungen, die wir f\u00fcr jeden von Ihnen zur Verf\u00fcgung stellen. W\u00e4hlen Sie aus der traditionellen albanischen K\u00fcche bis zu den italienischen und mediterranen Speisen und auch was in der Region nicht \u00fcblich ist, servieren wir frische Meeresfr\u00fcchte.[\/vc_column_text][\/vc_column_inner][\/vc_row_inner][vc_row_inner][vc_column_inner width=&#8221;1\/2&#8243;]<hr class=\"vertical-space3\">[vc_column_text]\n<h4 style=\"letter-spacing: -1px; font-weight: 600; font-size: 18px;\">Was wir in unserem Restaurant machen<\/h4>\n<p style=\"font-size: 15px; font-weight: 300;\">Alle Lebensmittelzutaten werden vom t\u00e4glichen Markt kommen. Wir konzentrieren uns auf frische und gesunde Lebensmittel f\u00fcr unsere G\u00e4ste, so dass Sie einen echten Geschmack genie\u00dfen werden. Es wird immer eine entspannte Atmosph\u00e4re geben, freundlicher Service und leckeres Essen! Wir hoffen es gef\u00e4llt dir\u2026<\/p>\n[\/vc_column_text][vc_empty_space height=&#8221;10px&#8221;][vc_column_text]<strong>Fr\u00fchst\u00fcck<\/strong>: 8:00 Uhr bis 10:30 Uhr<\/p>\n<p><strong>Mittagessen<\/strong>: 11:30 Uhr bis 14:30 Uhr<\/p>\n<p><strong>Abendessen<\/strong>: 18.00 bis 22.00 Uhr[\/vc_column_text]<hr class=\"vertical-space3\">[\/vc_column_inner][vc_column_inner width=&#8221;1\/2&#8243; css=&#8221;.vc_custom_1476345153379{margin-bottom: 6px !important;}&#8221;]<hr class=\"vertical-space1\">[vc_single_image image=&#8221;10720&#8243; img_size=&#8221;full&#8221; alignment=&#8221;center&#8221;]<hr class=\"vertical-space4\">[\/vc_column_inner][\/vc_row_inner][\/vc_column][\/vc_row][vc_row row_type=&#8221;2&#8243; blox_height=&#8221;500&#8243; blox_image=&#8221;9536&#8243; blox_dark=&#8221;true&#8221; blox_class=&#8221;aligncenter w-information-se w-local-ba-ne&#8221;][vc_column]<hr class=\"vertical-space4\"><hr class=\"vertical-space2\">[vc_row_inner][vc_column_inner width=&#8221;1\/12&#8243;][\/vc_column_inner][vc_column_inner width=&#8221;10\/12&#8243;][vc_column_text]\n<p style=\"text-align: center;\"><strong>Rufen Sie +355 67 50 000 93 F\u00fcr Reservierung<\/strong><\/p>\n<p style=\"text-align: center;\">Wir organisieren f\u00fcr Sie verschiedene Veranstaltungen wie Gesch\u00e4ftstreffen, Bankette oder sogar Familienveranstaltungen. Rufen Sie uns an und wir garantieren Ihnen, dass Sie zufrieden sind.<\/p>\n[\/vc_column_text][\/vc_column_inner][vc_column_inner width=&#8221;1\/12&#8243;][\/vc_column_inner][\/vc_row_inner][\/vc_column][\/vc_row]\n<\/div>","protected":false},"excerpt":{"rendered":"<p>[vc_row row_type=&#8221;3&#8243; animate=&#8221;&#8221; blox_height=&#8221;493&#8243; blox_image=&#8221;10570&#8243; page_title=&#8221;page-title-x&#8221; blox_dark=&#8221;true&#8221; blox_class=&#8221;w-top-se&#8221; parallax_speed=&#8221;8&#8243;][vc_column][\/vc_column][\/vc_row][vc_row][vc_column][vc_row_inner][vc_column_inner width=&#8221;1\/6&#8243;][\/vc_column_inner][vc_column_inner width=&#8221;2\/3&#8243;][\/vc_column_inner][vc_column_inner width=&#8221;1\/6&#8243;][\/vc_column_inner][\/vc_row_inner][\/vc_column][\/vc_row][vc_row][vc_column css=&#8221;.vc_custom_1476344765291{margin-bottom: 4px !important;}&#8221;][vc_row_inner][vc_column_inner width=&#8221;1\/2&#8243;][vc_single_image image=&#8221;10721&#8243; img_size=&#8221;full&#8221; alignment=&#8221;center&#8221;][\/vc_column_inner][vc_column_inner width=&#8221;1\/2&#8243;][vc_column_text] Traditionell oder modern Willkommen in unserem Restaurant. Hier versuchen wir unsere Vision \u00fcber die Lebensmittelqualit\u00e4t zu teilen, unsere Mission \u00fcber die Zufriedenheit des Kunden und die Einf\u00fchrung von Dienstleistungen, die wir f\u00fcr jeden von Ihnen zur Verf\u00fcgung stellen. W\u00e4hlen Sie aus der traditionellen albanischen K\u00fcche bis zu den italienischen und mediterranen Speisen und auch was in der Region nicht \u00fcblich ist, servieren wir frische Meeresfr\u00fcchte.[\/vc_column_text][\/vc_column_inner][\/vc_row_inner][vc_row_inner][vc_column_inner width=&#8221;1\/2&#8243;][vc_column_text] Was wir in unserem Restaurant machen Alle Lebensmittelzutaten werden vom t\u00e4glichen Markt kommen. Wir konzentrieren uns auf frische und gesunde Lebensmittel f\u00fcr unsere G\u00e4ste, so dass Sie einen echten Geschmack genie\u00dfen werden. Es wird immer eine entspannte Atmosph\u00e4re geben, freundlicher Service und leckeres Essen! Wir hoffen es gef\u00e4llt dir\u2026 [\/vc_column_text][vc_empty_space height=&#8221;10px&#8221;][vc_column_text]Fr\u00fchst\u00fcck: 8:00 Uhr bis 10:30 Uhr Mittagessen: 11:30 Uhr bis 14:30 Uhr Abendessen: 18.00 bis 22.00 Uhr[\/vc_column_text][\/vc_column_inner][vc_column_inner width=&#8221;1\/2&#8243; css=&#8221;.vc_custom_1476345153379{margin-bottom: 6px !important;}&#8221;][vc_single_image image=&#8221;10720&#8243; img_size=&#8221;full&#8221; alignment=&#8221;center&#8221;][\/vc_column_inner][\/vc_row_inner][\/vc_column][\/vc_row][vc_row row_type=&#8221;2&#8243; blox_height=&#8221;500&#8243; blox_image=&#8221;9536&#8243; blox_dark=&#8221;true&#8221; blox_class=&#8221;aligncenter w-information-se w-local-ba-ne&#8221;][vc_column][vc_row_inner][vc_column_inner width=&#8221;1\/12&#8243;][\/vc_column_inner][vc_column_inner width=&#8221;10\/12&#8243;][vc_column_text] Rufen Sie +355 67 50 000 93 F\u00fcr Reservierung Wir organisieren f\u00fcr Sie verschiedene Veranstaltungen wie Gesch\u00e4ftstreffen, Bankette oder sogar Familienveranstaltungen. Rufen Sie uns an und wir garantieren Ihnen, dass Sie zufrieden sind. [\/vc_column_text][\/vc_column_inner][vc_column_inner width=&#8221;1\/12&#8243;][\/vc_column_inner][\/vc_row_inner][\/vc_column][\/vc_row]<\/p>\n","protected":false},"author":1,"featured_media":0,"parent":0,"menu_order":0,"comment_status":"closed","ping_status":"closed","template":"","meta":{"footnotes":""},"class_list":["post-10752","page","type-page","status-publish","hentry"],"yoast_head":"<!-- This site is optimized with the Yoast SEO plugin v25.3.1 - https:\/\/yoast.com\/wordpress\/plugins\/seo\/ -->\n<title>Restaurant &amp; Bar - Hotel Shkelzeni<\/title>\n<meta name=\"robots\" content=\"index, follow, max-snippet:-1, max-image-preview:large, max-video-preview:-1\" \/>\n<link rel=\"canonical\" href=\"https:\/\/hotelshkelzeni.com\/restaurant-bar-2\/\" \/>\n<meta property=\"og:locale\" content=\"de_DE\" \/>\n<meta property=\"og:type\" content=\"article\" \/>\n<meta property=\"og:title\" content=\"Restaurant &amp; Bar - Hotel Shkelzeni\" \/>\n<meta property=\"og:description\" content=\"[vc_row row_type=&#8221;3&#8243; animate=&#8221;&#8221; blox_height=&#8221;493&#8243; blox_image=&#8221;10570&#8243; page_title=&#8221;page-title-x&#8221; blox_dark=&#8221;true&#8221; blox_class=&#8221;w-top-se&#8221; parallax_speed=&#8221;8&#8243;][vc_column][\/vc_column][\/vc_row][vc_row][vc_column][vc_row_inner][vc_column_inner width=&#8221;1\/6&#8243;][\/vc_column_inner][vc_column_inner width=&#8221;2\/3&#8243;][\/vc_column_inner][vc_column_inner width=&#8221;1\/6&#8243;][\/vc_column_inner][\/vc_row_inner][\/vc_column][\/vc_row][vc_row][vc_column css=&#8221;.vc_custom_1476344765291{margin-bottom: 4px !important;}&#8221;][vc_row_inner][vc_column_inner width=&#8221;1\/2&#8243;][vc_single_image image=&#8221;10721&#8243; img_size=&#8221;full&#8221; alignment=&#8221;center&#8221;][\/vc_column_inner][vc_column_inner width=&#8221;1\/2&#8243;][vc_column_text] Traditionell oder modern Willkommen in unserem Restaurant. Hier versuchen wir unsere Vision \u00fcber die Lebensmittelqualit\u00e4t zu teilen, unsere Mission \u00fcber die Zufriedenheit des Kunden und die Einf\u00fchrung von Dienstleistungen, die wir f\u00fcr jeden von Ihnen zur Verf\u00fcgung stellen. W\u00e4hlen Sie aus der traditionellen albanischen K\u00fcche bis zu den italienischen und mediterranen Speisen und auch was in der Region nicht \u00fcblich ist, servieren wir frische Meeresfr\u00fcchte.[\/vc_column_text][\/vc_column_inner][\/vc_row_inner][vc_row_inner][vc_column_inner width=&#8221;1\/2&#8243;][vc_column_text] Was wir in unserem Restaurant machen Alle Lebensmittelzutaten werden vom t\u00e4glichen Markt kommen. Wir konzentrieren uns auf frische und gesunde Lebensmittel f\u00fcr unsere G\u00e4ste, so dass Sie einen echten Geschmack genie\u00dfen werden. Es wird immer eine entspannte Atmosph\u00e4re geben, freundlicher Service und leckeres Essen! Wir hoffen es gef\u00e4llt dir\u2026 [\/vc_column_text][vc_empty_space height=&#8221;10px&#8221;][vc_column_text]Fr\u00fchst\u00fcck: 8:00 Uhr bis 10:30 Uhr Mittagessen: 11:30 Uhr bis 14:30 Uhr Abendessen: 18.00 bis 22.00 Uhr[\/vc_column_text][\/vc_column_inner][vc_column_inner width=&#8221;1\/2&#8243; css=&#8221;.vc_custom_1476345153379{margin-bottom: 6px !important;}&#8221;][vc_single_image image=&#8221;10720&#8243; img_size=&#8221;full&#8221; alignment=&#8221;center&#8221;][\/vc_column_inner][\/vc_row_inner][\/vc_column][\/vc_row][vc_row row_type=&#8221;2&#8243; blox_height=&#8221;500&#8243; blox_image=&#8221;9536&#8243; blox_dark=&#8221;true&#8221; blox_class=&#8221;aligncenter w-information-se w-local-ba-ne&#8221;][vc_column][vc_row_inner][vc_column_inner width=&#8221;1\/12&#8243;][\/vc_column_inner][vc_column_inner width=&#8221;10\/12&#8243;][vc_column_text] Rufen Sie +355 67 50 000 93 F\u00fcr Reservierung Wir organisieren f\u00fcr Sie verschiedene Veranstaltungen wie Gesch\u00e4ftstreffen, Bankette oder sogar Familienveranstaltungen. Rufen Sie uns an und wir garantieren Ihnen, dass Sie zufrieden sind. [\/vc_column_text][\/vc_column_inner][vc_column_inner width=&#8221;1\/12&#8243;][\/vc_column_inner][\/vc_row_inner][\/vc_column][\/vc_row]\" \/>\n<meta property=\"og:url\" content=\"https:\/\/hotelshkelzeni.com\/restaurant-bar-2\/\" \/>\n<meta property=\"og:site_name\" content=\"Hotel Shkelzeni\" \/>\n<meta name=\"twitter:card\" content=\"summary_large_image\" \/>\n<meta name=\"twitter:label1\" content=\"Est. reading time\" \/>\n\t<meta name=\"twitter:data1\" content=\"2 minutes\" \/>\n<script type=\"application\/ld+json\" class=\"yoast-schema-graph\">{\"@context\":\"https:\/\/schema.org\",\"@graph\":[{\"@type\":\"WebPage\",\"@id\":\"https:\/\/hotelshkelzeni.com\/restaurant-bar-2\/\",\"url\":\"https:\/\/hotelshkelzeni.com\/restaurant-bar-2\/\",\"name\":\"Restaurant & Bar - Hotel Shkelzeni\",\"isPartOf\":{\"@id\":\"https:\/\/hotelshkelzeni.com\/#website\"},\"datePublished\":\"2017-08-27T16:11:26+00:00\",\"breadcrumb\":{\"@id\":\"https:\/\/hotelshkelzeni.com\/restaurant-bar-2\/#breadcrumb\"},\"inLanguage\":\"de-DE\",\"potentialAction\":[{\"@type\":\"ReadAction\",\"target\":[\"https:\/\/hotelshkelzeni.com\/restaurant-bar-2\/\"]}]},{\"@type\":\"BreadcrumbList\",\"@id\":\"https:\/\/hotelshkelzeni.com\/restaurant-bar-2\/#breadcrumb\",\"itemListElement\":[{\"@type\":\"ListItem\",\"position\":1,\"name\":\"Home\",\"item\":\"https:\/\/hotelshkelzeni.com\/\"},{\"@type\":\"ListItem\",\"position\":2,\"name\":\"Restaurant &#038; Bar\"}]},{\"@type\":\"WebSite\",\"@id\":\"https:\/\/hotelshkelzeni.com\/#website\",\"url\":\"https:\/\/hotelshkelzeni.com\/\",\"name\":\"Hotel Shkelzeni\",\"description\":\"Hotel in Bajram Curri, Tropoje\",\"potentialAction\":[{\"@type\":\"SearchAction\",\"target\":{\"@type\":\"EntryPoint\",\"urlTemplate\":\"https:\/\/hotelshkelzeni.com\/?s={search_term_string}\"},\"query-input\":{\"@type\":\"PropertyValueSpecification\",\"valueRequired\":true,\"valueName\":\"search_term_string\"}}],\"inLanguage\":\"de-DE\"}]}<\/script>\n<!-- \/ Yoast SEO plugin. -->","yoast_head_json":{"title":"Restaurant & Bar - Hotel Shkelzeni","robots":{"index":"index","follow":"follow","max-snippet":"max-snippet:-1","max-image-preview":"max-image-preview:large","max-video-preview":"max-video-preview:-1"},"canonical":"https:\/\/hotelshkelzeni.com\/restaurant-bar-2\/","og_locale":"de_DE","og_type":"article","og_title":"Restaurant & Bar - Hotel Shkelzeni","og_description":"[vc_row row_type=&#8221;3&#8243; animate=&#8221;&#8221; blox_height=&#8221;493&#8243; blox_image=&#8221;10570&#8243; page_title=&#8221;page-title-x&#8221; blox_dark=&#8221;true&#8221; blox_class=&#8221;w-top-se&#8221; parallax_speed=&#8221;8&#8243;][vc_column][\/vc_column][\/vc_row][vc_row][vc_column][vc_row_inner][vc_column_inner width=&#8221;1\/6&#8243;][\/vc_column_inner][vc_column_inner width=&#8221;2\/3&#8243;][\/vc_column_inner][vc_column_inner width=&#8221;1\/6&#8243;][\/vc_column_inner][\/vc_row_inner][\/vc_column][\/vc_row][vc_row][vc_column css=&#8221;.vc_custom_1476344765291{margin-bottom: 4px !important;}&#8221;][vc_row_inner][vc_column_inner width=&#8221;1\/2&#8243;][vc_single_image image=&#8221;10721&#8243; img_size=&#8221;full&#8221; alignment=&#8221;center&#8221;][\/vc_column_inner][vc_column_inner width=&#8221;1\/2&#8243;][vc_column_text] Traditionell oder modern Willkommen in unserem Restaurant. Hier versuchen wir unsere Vision \u00fcber die Lebensmittelqualit\u00e4t zu teilen, unsere Mission \u00fcber die Zufriedenheit des Kunden und die Einf\u00fchrung von Dienstleistungen, die wir f\u00fcr jeden von Ihnen zur Verf\u00fcgung stellen. W\u00e4hlen Sie aus der traditionellen albanischen K\u00fcche bis zu den italienischen und mediterranen Speisen und auch was in der Region nicht \u00fcblich ist, servieren wir frische Meeresfr\u00fcchte.[\/vc_column_text][\/vc_column_inner][\/vc_row_inner][vc_row_inner][vc_column_inner width=&#8221;1\/2&#8243;][vc_column_text] Was wir in unserem Restaurant machen Alle Lebensmittelzutaten werden vom t\u00e4glichen Markt kommen. Wir konzentrieren uns auf frische und gesunde Lebensmittel f\u00fcr unsere G\u00e4ste, so dass Sie einen echten Geschmack genie\u00dfen werden. Es wird immer eine entspannte Atmosph\u00e4re geben, freundlicher Service und leckeres Essen! Wir hoffen es gef\u00e4llt dir\u2026 [\/vc_column_text][vc_empty_space height=&#8221;10px&#8221;][vc_column_text]Fr\u00fchst\u00fcck: 8:00 Uhr bis 10:30 Uhr Mittagessen: 11:30 Uhr bis 14:30 Uhr Abendessen: 18.00 bis 22.00 Uhr[\/vc_column_text][\/vc_column_inner][vc_column_inner width=&#8221;1\/2&#8243; css=&#8221;.vc_custom_1476345153379{margin-bottom: 6px !important;}&#8221;][vc_single_image image=&#8221;10720&#8243; img_size=&#8221;full&#8221; alignment=&#8221;center&#8221;][\/vc_column_inner][\/vc_row_inner][\/vc_column][\/vc_row][vc_row row_type=&#8221;2&#8243; blox_height=&#8221;500&#8243; blox_image=&#8221;9536&#8243; blox_dark=&#8221;true&#8221; blox_class=&#8221;aligncenter w-information-se w-local-ba-ne&#8221;][vc_column][vc_row_inner][vc_column_inner width=&#8221;1\/12&#8243;][\/vc_column_inner][vc_column_inner width=&#8221;10\/12&#8243;][vc_column_text] Rufen Sie +355 67 50 000 93 F\u00fcr Reservierung Wir organisieren f\u00fcr Sie verschiedene Veranstaltungen wie Gesch\u00e4ftstreffen, Bankette oder sogar Familienveranstaltungen. Rufen Sie uns an und wir garantieren Ihnen, dass Sie zufrieden sind. [\/vc_column_text][\/vc_column_inner][vc_column_inner width=&#8221;1\/12&#8243;][\/vc_column_inner][\/vc_row_inner][\/vc_column][\/vc_row]","og_url":"https:\/\/hotelshkelzeni.com\/restaurant-bar-2\/","og_site_name":"Hotel Shkelzeni","twitter_card":"summary_large_image","twitter_misc":{"Est. reading time":"2 minutes"},"schema":{"@context":"https:\/\/schema.org","@graph":[{"@type":"WebPage","@id":"https:\/\/hotelshkelzeni.com\/restaurant-bar-2\/","url":"https:\/\/hotelshkelzeni.com\/restaurant-bar-2\/","name":"Restaurant & Bar - Hotel Shkelzeni","isPartOf":{"@id":"https:\/\/hotelshkelzeni.com\/#website"},"datePublished":"2017-08-27T16:11:26+00:00","breadcrumb":{"@id":"https:\/\/hotelshkelzeni.com\/restaurant-bar-2\/#breadcrumb"},"inLanguage":"de-DE","potentialAction":[{"@type":"ReadAction","target":["https:\/\/hotelshkelzeni.com\/restaurant-bar-2\/"]}]},{"@type":"BreadcrumbList","@id":"https:\/\/hotelshkelzeni.com\/restaurant-bar-2\/#breadcrumb","itemListElement":[{"@type":"ListItem","position":1,"name":"Home","item":"https:\/\/hotelshkelzeni.com\/"},{"@type":"ListItem","position":2,"name":"Restaurant &#038; Bar"}]},{"@type":"WebSite","@id":"https:\/\/hotelshkelzeni.com\/#website","url":"https:\/\/hotelshkelzeni.com\/","name":"Hotel Shkelzeni","description":"Hotel in Bajram Curri, Tropoje","potentialAction":[{"@type":"SearchAction","target":{"@type":"EntryPoint","urlTemplate":"https:\/\/hotelshkelzeni.com\/?s={search_term_string}"},"query-input":{"@type":"PropertyValueSpecification","valueRequired":true,"valueName":"search_term_string"}}],"inLanguage":"de-DE"}]}},"_links":{"self":[{"href":"https:\/\/hotelshkelzeni.com\/de\/wp-json\/wp\/v2\/pages\/10752","targetHints":{"allow":["GET"]}}],"collection":[{"href":"https:\/\/hotelshkelzeni.com\/de\/wp-json\/wp\/v2\/pages"}],"about":[{"href":"https:\/\/hotelshkelzeni.com\/de\/wp-json\/wp\/v2\/types\/page"}],"author":[{"embeddable":true,"href":"https:\/\/hotelshkelzeni.com\/de\/wp-json\/wp\/v2\/users\/1"}],"replies":[{"embeddable":true,"href":"https:\/\/hotelshkelzeni.com\/de\/wp-json\/wp\/v2\/comments?post=10752"}],"version-history":[{"count":0,"href":"https:\/\/hotelshkelzeni.com\/de\/wp-json\/wp\/v2\/pages\/10752\/revisions"}],"wp:attachment":[{"href":"https:\/\/hotelshkelzeni.com\/de\/wp-json\/wp\/v2\/media?parent=10752"}],"curies":[{"name":"wp","href":"https:\/\/api.w.org\/{rel}","templated":true}]}}