{"id":10749,"date":"2017-08-27T16:48:37","date_gmt":"2017-08-27T15:48:37","guid":{"rendered":"http:\/\/hotelshkelzeni.com\/?page_id=10749\/"},"modified":"2017-08-27T16:48:37","modified_gmt":"2017-08-27T15:48:37","slug":"kontakt","status":"publish","type":"page","link":"https:\/\/hotelshkelzeni.com\/de\/kontakt\/","title":{"rendered":"Kontakt"},"content":{"rendered":"<div class=\"wpb-content-wrapper\">[vc_row row_type=&#8221;3&#8243; blox_height=&#8221;495&#8243; blox_image=&#8221;10693&#8243; page_title=&#8221;page-title-x&#8221; blox_dark=&#8221;true&#8221; blox_class=&#8221;w-top-se&#8221; parallax_speed=&#8221;8&#8243;][vc_column css=&#8221;.vc_custom_1473163800849{margin-bottom: 11px !important;}&#8221;]<hr class=\"vertical-space5\"><hr class=\"vertical-space5\"><hr class=\"vertical-space1\"><h2 class=\"big-title1\">Kontaktiere uns<\/h2>[vc_column_text]Informationen finden<br \/>\nMit Hotel Shkelzeni wenn<br \/>\nSie irgendwelche Fragen haben.[\/vc_column_text]<hr class=\"vertical-space5\"><hr class=\"vertical-space5\">[\/vc_column][\/vc_row][vc_row][vc_column]<hr class=\"vertical-space5\"><hr class=\"vertical-space2\">[vc_row_inner][vc_column_inner width=&#8221;1\/6&#8243;][\/vc_column_inner][vc_column_inner width=&#8221;4\/6&#8243;]<article class=\"title-plus-text type-1 center \" style=\"text-align:center\" ><h3 style=\"color:#73736b\">Sehen Sie sich die folgende Karte an<\/h3><h2 class=\"part-1\" style=\"color:#31312c\">Finden Sie unseren <\/h2><h2 class=\"part-2\" style=\"color:#5aa300\">Standort<\/h2><p>Das gesamte Team im Hotel Shkelzeni steht Ihnen gerne zur Verf\u00fcgung. Wir laden Sie ein, mit uns in einer Weise in Verbindung zu treten, die f\u00fcr Sie am bequemsten ist.<\/p><\/article>[\/vc_column_inner][vc_column_inner width=&#8221;1\/6&#8243;][\/vc_column_inner][\/vc_row_inner]<hr class=\"vertical-space1\">[vc_row_inner][vc_column_inner css=&#8221;.vc_custom_1473243202982{padding-top: 12px !important;padding-bottom: 5px !important;}&#8221;][vc_gmaps link=&#8221;#E-8_JTNDaWZyYW1lJTIwc3JjJTNEJTIyaHR0cHMlM0ElMkYlMkZ3d3cuZ29vZ2xlLmNvbSUyRm1hcHMlMkZlbWJlZCUzRnBiJTNEJTIxMW0xOCUyMTFtMTIlMjExbTMlMjExZDI5NDguMzk0MzQwMzU4NDQ4NSUyMTJkMjAuMDcyNTg2MzUwNjUyMTM0JTIxM2Q0Mi4zNTU0MzQ1ODc2NDkxOCUyMTJtMyUyMTFmMCUyMTJmMCUyMTNmMCUyMTNtMiUyMTFpMTAyNCUyMTJpNzY4JTIxNGYxMy4xJTIxM20zJTIxMW0yJTIxMXMweDAlMjUzQTB4NThhOWQwYmQ2M2E3ZmIyOSUyMTJzSG90ZWwlMkJUdXJpem1pJTIxNWUwJTIxM20yJTIxMXNlbiUyMTJzJTIxNHYxNTAxNjA2MjIxNzgzJTIyJTIwd2lkdGglM0QlMjI4MDAlMjIlMjBoZWlnaHQlM0QlMjI2MDAlMjIlMjBmcmFtZWJvcmRlciUzRCUyMjAlMjIlMjBzdHlsZSUzRCUyMmJvcmRlciUzQTAlMjIlMjBhbGxvd2Z1bGxzY3JlZW4lM0UlM0MlMkZpZnJhbWUlM0U=&#8221;][\/vc_column_inner][\/vc_row_inner][\/vc_column][\/vc_row][vc_row][vc_column]<hr class=\"vertical-space5\">[vc_row_inner][vc_column_inner width=&#8221;1\/6&#8243;][\/vc_column_inner][vc_column_inner width=&#8221;4\/6&#8243;]<article class=\"title-plus-text type-1 center \" style=\"text-align:center\" ><h3 style=\"color:#73736b\">Hast du eine Frage?<\/h3><h2 class=\"part-1\" style=\"color:#31312c\">Verwenden Sie Formular, um uns <\/h2><h2 class=\"part-2\" style=\"color:#5aa300\">zu kontaktieren<\/h2><p>Haben Sie eine Frage, einen Kommentar oder einen Vorschlag? Lassen Sie uns das wissen, Wir lesen und beantworten alle.<\/p><\/article>[\/vc_column_inner][vc_column_inner width=&#8221;1\/6&#8243;][\/vc_column_inner][\/vc_row_inner]<hr class=\"vertical-space3\">[vc_row_inner][vc_column_inner el_class=&#8221;w-contact-info&#8221; width=&#8221;1\/2&#8243; css=&#8221;.vc_custom_1473576674637{margin-top: 15px !important;}&#8221;]<article class=\"icon-box5\" ><i class=\"sl-phone\" style=\" color:#00b1cd;\"><\/i><h4 style=\"color:#353530\">Telephon<\/h4><p style=\"color:#73736b\">+355 21 322 859<br \/>\n+355 67 50 000 93<br \/>\n+355 67 50 000 91<\/p>\n<\/article><article class=\"icon-box5\" ><i class=\"sl-cursor\" style=\" color:#00b1cd;\"><\/i><h4 style=\"color:#353530\">Adresse<\/h4><p style=\"color:#73736b\">Rruga Fatmir Hasadandoci, Bajram Curri, Tropoje<br \/>\n<\/p><\/article><article class=\"icon-box5\" ><a href=\"mailto:info@hotelshkelzeni.com\"><i class=\"li_mail\" style=\" color:#00b1cd;\"><\/i><\/a><h4 style=\"color:#353530\">Email<\/h4><p style=\"color:#73736b\">info@hotelshkelzeni.com<br \/>\n<\/p><\/article>[\/vc_column_inner][vc_column_inner el_class=&#8221;aligncenter&#8221; width=&#8221;1\/2&#8243; css=&#8221;.vc_custom_1473243722623{margin-top: -2px !important;}&#8221;]\n<div class=\"wpcf7 no-js\" id=\"wpcf7-f156-o1\" lang=\"en-US\" dir=\"ltr\" data-wpcf7-id=\"156\">\n<div class=\"screen-reader-response\"><p role=\"status\" aria-live=\"polite\" aria-atomic=\"true\"><\/p> <ul><\/ul><\/div>\n<form action=\"\/de\/wp-json\/wp\/v2\/pages\/10749#wpcf7-f156-o1\" method=\"post\" class=\"wpcf7-form init\" aria-label=\"Kontaktformular\" novalidate=\"novalidate\" data-status=\"init\">\n<fieldset class=\"hidden-fields-container\"><input type=\"hidden\" name=\"_wpcf7\" value=\"156\" \/><input type=\"hidden\" name=\"_wpcf7_version\" value=\"6.1.5\" \/><input type=\"hidden\" name=\"_wpcf7_locale\" value=\"en_US\" \/><input type=\"hidden\" name=\"_wpcf7_unit_tag\" value=\"wpcf7-f156-o1\" \/><input type=\"hidden\" name=\"_wpcf7_container_post\" value=\"0\" \/><input type=\"hidden\" name=\"_wpcf7_posted_data_hash\" value=\"\" \/><input type=\"hidden\" name=\"_wpcf7_recaptcha_response\" value=\"\" \/>\n<\/fieldset>\n<div class=\"hotella-contact\">\n\t<div class=\"row\">\n\t\t<div class=\"col-md-12\">\n\t\t\t<p><label><span class=\"wpcf7-form-control-wrap\" data-name=\"your-name\"><input size=\"40\" maxlength=\"400\" class=\"wpcf7-form-control wpcf7-text wpcf7-validates-as-required\" aria-required=\"true\" aria-invalid=\"false\" placeholder=\"Your name\" value=\"\" type=\"text\" name=\"your-name\" \/><\/span><\/label>\n\t\t\t<\/p>\n\t\t<\/div>\n\t<\/div>\n\t<div class=\"row\">\n\t\t<div class=\"col-md-6\">\n\t\t\t<p><label><span class=\"wpcf7-form-control-wrap\" data-name=\"your-email\"><input size=\"40\" maxlength=\"400\" class=\"wpcf7-form-control wpcf7-email wpcf7-validates-as-required wpcf7-text wpcf7-validates-as-email\" aria-required=\"true\" aria-invalid=\"false\" placeholder=\"Email\" value=\"\" type=\"email\" name=\"your-email\" \/><\/span><\/label>\n\t\t\t<\/p>\n\t\t<\/div>\n\t\t<div class=\"col-md-6\">\n\t\t\t<p><label><span class=\"wpcf7-form-control-wrap\" data-name=\"your-subject\"><input size=\"40\" maxlength=\"400\" class=\"wpcf7-form-control wpcf7-text\" aria-invalid=\"false\" placeholder=\"Subject\" value=\"\" type=\"text\" name=\"your-subject\" \/><\/span><\/label>\n\t\t\t<\/p>\n\t\t<\/div>\n\t<\/div>\n\t<div class=\"row\">\n\t\t<div class=\"w-contact-txt col-md-12\">\n\t\t\t<p><label><span class=\"wpcf7-form-control-wrap\" data-name=\"your-message\"><textarea cols=\"40\" rows=\"10\" maxlength=\"2000\" class=\"wpcf7-form-control wpcf7-textarea\" aria-invalid=\"false\" placeholder=\"Your Message\" name=\"your-message\"><\/textarea><\/span> <\/label>\n\t\t\t<\/p>\n\t\t<\/div>\n\t<\/div>\n\t<div class=\"row\">\n\t\t<div class=\"w-contact-submit\">\n\t\t\t<p><input class=\"wpcf7-form-control wpcf7-submit has-spinner\" type=\"submit\" value=\"SEND MESSAGE\" \/>\n\t\t\t<\/p>\n\t\t<\/div>\n\t<\/div>\n<\/div><div class=\"wpcf7-response-output\" aria-hidden=\"true\"><\/div>\n<\/form>\n<\/div>\n[\/vc_column_inner][\/vc_row_inner][\/vc_column][\/vc_row][vc_row][vc_column css=&#8221;.vc_custom_1473245247959{margin-top: 8px !important;}&#8221;]<hr class=\"vertical-space3\">[vc_row_inner][vc_column_inner width=&#8221;1\/6&#8243;][\/vc_column_inner][vc_column_inner width=&#8221;4\/6&#8243;]<article class=\"title-plus-text type-1 center \" style=\"text-align:center\" ><h2 class=\"part-1\" style=\"color:#31312c\">Wie kommt man an<\/h2><h2 class=\"part-2\" style=\"color:#5aa300\">?<\/h2><p>Wenn Sie nicht sicher sind, was der beste Weg f\u00fcr Sie ist, um zum Hotel Shkelzeni anzukommen, dann schlagen wir diese M\u00f6glichkeiten vor.<\/p><\/article>[\/vc_column_inner][vc_column_inner width=&#8221;1\/6&#8243;][\/vc_column_inner][\/vc_row_inner]<hr class=\"vertical-space2\">[vc_row_inner css=&#8221;.vc_custom_1473246146001{margin-top: -12px !important;margin-bottom: 5px !important;}&#8221;][vc_column_inner width=&#8221;1\/4&#8243;]<div class=\"teaser-box8\"><a href=\"#\"><img decoding=\"async\" class=\"teaser-image \" src=\"https:\/\/hotelshkelzeni.com\/wp-content\/uploads\/2016\/09\/car-to-hotel-tropoje.jpg\" alt=\"\"><h4 class=\"teaser-title has-image\">MIT DEM AUTO<\/h4><div class=\"border-bottom\" style = \"background-color: #00b1cd;\"><\/div><\/a><p>Wenn Sie mit dem Auto von Tirana oder S\u00fcd kommen, ist der beste Weg, um durch Kukes - Prizren (KOS) - Gjakova (KOS) und dann hier zu kommen.<\/p><\/div><hr class=\"vertical-space2\">[\/vc_column_inner][vc_column_inner width=&#8221;1\/4&#8243;]<div class=\"teaser-box8\"><a href=\"#\"><img decoding=\"async\" class=\"teaser-image \" src=\"https:\/\/hotelshkelzeni.com\/wp-content\/uploads\/2016\/09\/ferry-koman.jpg\" alt=\"\"><h4 class=\"teaser-title has-image\">BENUTZEN SIE DIE F\u00c4HRE<\/h4><div class=\"border-bottom\" style = \"background-color: #00b1cd;\"><\/div><\/a><p>Es ist die sch\u00f6nste Art, in Bajram Curri anzukommen. Nehmen Sie die F\u00e4hre in Koman nach Fierza und fahren Sie dann zum Hotel. Die F\u00e4hre nimmt 2 Stunden von Koman.<\/p><\/div><hr class=\"vertical-space2\">[\/vc_column_inner][vc_column_inner width=&#8221;1\/4&#8243;]<div class=\"teaser-box8\"><a href=\"#\"><img decoding=\"async\" class=\"teaser-image \" src=\"https:\/\/hotelshkelzeni.com\/wp-content\/uploads\/2016\/09\/taxi-tirana-airport-albania-merrtaxi.jpg\" alt=\"\"><h4 class=\"teaser-title has-image\">TAXI<\/h4><div class=\"border-bottom\" style = \"background-color: #00b1cd;\"><\/div><\/a><p>Das ist der einfachere Weg zu kommen, aber es ist der teuerste. Nicht empfehlenswert.<\/p><\/div><hr class=\"vertical-space2\">[\/vc_column_inner][vc_column_inner width=&#8221;1\/4&#8243;]<div class=\"teaser-box8\"><a href=\"#\"><img decoding=\"async\" class=\"teaser-image \" src=\"https:\/\/hotelshkelzeni.com\/wp-content\/uploads\/2016\/09\/c002.jpg\" alt=\"\"><h4 class=\"teaser-title has-image\">BUS<\/h4><div class=\"border-bottom\" style = \"background-color: #00b1cd;\"><\/div><\/a><p>Es gibt \u00f6ffentliche Buslinien von \u00fcberall. So k\u00f6nnen Sie kombinieren und von jeder Stadt in Albanien nach Bajram Curri kommen. Am besten ist es, nach Tirana und dann von Tirana zum Hotel zu kommen.<\/p><\/div><hr class=\"vertical-space2\">[\/vc_column_inner][\/vc_row_inner][\/vc_column][\/vc_row]\n<\/div>","protected":false},"excerpt":{"rendered":"<p>[vc_row row_type=&#8221;3&#8243; blox_height=&#8221;495&#8243; blox_image=&#8221;10693&#8243; page_title=&#8221;page-title-x&#8221; blox_dark=&#8221;true&#8221; blox_class=&#8221;w-top-se&#8221; parallax_speed=&#8221;8&#8243;][vc_column css=&#8221;.vc_custom_1473163800849{margin-bottom: 11px !important;}&#8221;][vc_column_text]Informationen finden Mit Hotel Shkelzeni wenn Sie irgendwelche Fragen haben.[\/vc_column_text][\/vc_column][\/vc_row][vc_row][vc_column][vc_row_inner][vc_column_inner width=&#8221;1\/6&#8243;][\/vc_column_inner][vc_column_inner width=&#8221;4\/6&#8243;][\/vc_column_inner][vc_column_inner width=&#8221;1\/6&#8243;][\/vc_column_inner][\/vc_row_inner][vc_row_inner][vc_column_inner css=&#8221;.vc_custom_1473243202982{padding-top: 12px !important;padding-bottom: 5px !important;}&#8221;][vc_gmaps link=&#8221;#E-8_JTNDaWZyYW1lJTIwc3JjJTNEJTIyaHR0cHMlM0ElMkYlMkZ3d3cuZ29vZ2xlLmNvbSUyRm1hcHMlMkZlbWJlZCUzRnBiJTNEJTIxMW0xOCUyMTFtMTIlMjExbTMlMjExZDI5NDguMzk0MzQwMzU4NDQ4NSUyMTJkMjAuMDcyNTg2MzUwNjUyMTM0JTIxM2Q0Mi4zNTU0MzQ1ODc2NDkxOCUyMTJtMyUyMTFmMCUyMTJmMCUyMTNmMCUyMTNtMiUyMTFpMTAyNCUyMTJpNzY4JTIxNGYxMy4xJTIxM20zJTIxMW0yJTIxMXMweDAlMjUzQTB4NThhOWQwYmQ2M2E3ZmIyOSUyMTJzSG90ZWwlMkJUdXJpem1pJTIxNWUwJTIxM20yJTIxMXNlbiUyMTJzJTIxNHYxNTAxNjA2MjIxNzgzJTIyJTIwd2lkdGglM0QlMjI4MDAlMjIlMjBoZWlnaHQlM0QlMjI2MDAlMjIlMjBmcmFtZWJvcmRlciUzRCUyMjAlMjIlMjBzdHlsZSUzRCUyMmJvcmRlciUzQTAlMjIlMjBhbGxvd2Z1bGxzY3JlZW4lM0UlM0MlMkZpZnJhbWUlM0U=&#8221;][\/vc_column_inner][\/vc_row_inner][\/vc_column][\/vc_row][vc_row][vc_column][vc_row_inner][vc_column_inner width=&#8221;1\/6&#8243;][\/vc_column_inner][vc_column_inner width=&#8221;4\/6&#8243;][\/vc_column_inner][vc_column_inner width=&#8221;1\/6&#8243;][\/vc_column_inner][\/vc_row_inner][vc_row_inner][vc_column_inner el_class=&#8221;w-contact-info&#8221; width=&#8221;1\/2&#8243; css=&#8221;.vc_custom_1473576674637{margin-top: 15px !important;}&#8221;][\/vc_column_inner][vc_column_inner el_class=&#8221;aligncenter&#8221; width=&#8221;1\/2&#8243; css=&#8221;.vc_custom_1473243722623{margin-top: -2px !important;}&#8221;][\/vc_column_inner][\/vc_row_inner][\/vc_column][\/vc_row][vc_row][vc_column css=&#8221;.vc_custom_1473245247959{margin-top: 8px !important;}&#8221;][vc_row_inner][vc_column_inner width=&#8221;1\/6&#8243;][\/vc_column_inner][vc_column_inner width=&#8221;4\/6&#8243;][\/vc_column_inner][vc_column_inner width=&#8221;1\/6&#8243;][\/vc_column_inner][\/vc_row_inner][vc_row_inner css=&#8221;.vc_custom_1473246146001{margin-top: -12px !important;margin-bottom: 5px !important;}&#8221;][vc_column_inner width=&#8221;1\/4&#8243;][\/vc_column_inner][vc_column_inner width=&#8221;1\/4&#8243;][\/vc_column_inner][vc_column_inner width=&#8221;1\/4&#8243;][\/vc_column_inner][vc_column_inner width=&#8221;1\/4&#8243;][\/vc_column_inner][\/vc_row_inner][\/vc_column][\/vc_row]<\/p>\n","protected":false},"author":1,"featured_media":0,"parent":0,"menu_order":0,"comment_status":"closed","ping_status":"closed","template":"","meta":{"footnotes":""},"class_list":["post-10749","page","type-page","status-publish","hentry"],"yoast_head":"<!-- This site is optimized with the Yoast SEO plugin v25.3.1 - https:\/\/yoast.com\/wordpress\/plugins\/seo\/ -->\n<title>Kontakt - Hotel Shkelzeni<\/title>\n<meta name=\"robots\" content=\"index, follow, max-snippet:-1, max-image-preview:large, max-video-preview:-1\" \/>\n<link rel=\"canonical\" href=\"https:\/\/hotelshkelzeni.com\/contact\/\" \/>\n<meta property=\"og:locale\" content=\"de_DE\" \/>\n<meta property=\"og:type\" content=\"article\" \/>\n<meta property=\"og:title\" content=\"Kontakt - Hotel Shkelzeni\" \/>\n<meta property=\"og:description\" content=\"[vc_row row_type=&#8221;3&#8243; blox_height=&#8221;495&#8243; blox_image=&#8221;10693&#8243; page_title=&#8221;page-title-x&#8221; blox_dark=&#8221;true&#8221; blox_class=&#8221;w-top-se&#8221; parallax_speed=&#8221;8&#8243;][vc_column css=&#8221;.vc_custom_1473163800849{margin-bottom: 11px !important;}&#8221;][vc_column_text]Informationen finden Mit Hotel Shkelzeni wenn Sie irgendwelche Fragen haben.[\/vc_column_text][\/vc_column][\/vc_row][vc_row][vc_column][vc_row_inner][vc_column_inner width=&#8221;1\/6&#8243;][\/vc_column_inner][vc_column_inner width=&#8221;4\/6&#8243;][\/vc_column_inner][vc_column_inner width=&#8221;1\/6&#8243;][\/vc_column_inner][\/vc_row_inner][vc_row_inner][vc_column_inner css=&#8221;.vc_custom_1473243202982{padding-top: 12px !important;padding-bottom: 5px !important;}&#8221;][vc_gmaps link=&#8221;#E-8_JTNDaWZyYW1lJTIwc3JjJTNEJTIyaHR0cHMlM0ElMkYlMkZ3d3cuZ29vZ2xlLmNvbSUyRm1hcHMlMkZlbWJlZCUzRnBiJTNEJTIxMW0xOCUyMTFtMTIlMjExbTMlMjExZDI5NDguMzk0MzQwMzU4NDQ4NSUyMTJkMjAuMDcyNTg2MzUwNjUyMTM0JTIxM2Q0Mi4zNTU0MzQ1ODc2NDkxOCUyMTJtMyUyMTFmMCUyMTJmMCUyMTNmMCUyMTNtMiUyMTFpMTAyNCUyMTJpNzY4JTIxNGYxMy4xJTIxM20zJTIxMW0yJTIxMXMweDAlMjUzQTB4NThhOWQwYmQ2M2E3ZmIyOSUyMTJzSG90ZWwlMkJUdXJpem1pJTIxNWUwJTIxM20yJTIxMXNlbiUyMTJzJTIxNHYxNTAxNjA2MjIxNzgzJTIyJTIwd2lkdGglM0QlMjI4MDAlMjIlMjBoZWlnaHQlM0QlMjI2MDAlMjIlMjBmcmFtZWJvcmRlciUzRCUyMjAlMjIlMjBzdHlsZSUzRCUyMmJvcmRlciUzQTAlMjIlMjBhbGxvd2Z1bGxzY3JlZW4lM0UlM0MlMkZpZnJhbWUlM0U=&#8221;][\/vc_column_inner][\/vc_row_inner][\/vc_column][\/vc_row][vc_row][vc_column][vc_row_inner][vc_column_inner width=&#8221;1\/6&#8243;][\/vc_column_inner][vc_column_inner width=&#8221;4\/6&#8243;][\/vc_column_inner][vc_column_inner width=&#8221;1\/6&#8243;][\/vc_column_inner][\/vc_row_inner][vc_row_inner][vc_column_inner el_class=&#8221;w-contact-info&#8221; width=&#8221;1\/2&#8243; css=&#8221;.vc_custom_1473576674637{margin-top: 15px !important;}&#8221;][\/vc_column_inner][vc_column_inner el_class=&#8221;aligncenter&#8221; width=&#8221;1\/2&#8243; css=&#8221;.vc_custom_1473243722623{margin-top: -2px !important;}&#8221;][\/vc_column_inner][\/vc_row_inner][\/vc_column][\/vc_row][vc_row][vc_column css=&#8221;.vc_custom_1473245247959{margin-top: 8px !important;}&#8221;][vc_row_inner][vc_column_inner width=&#8221;1\/6&#8243;][\/vc_column_inner][vc_column_inner width=&#8221;4\/6&#8243;][\/vc_column_inner][vc_column_inner width=&#8221;1\/6&#8243;][\/vc_column_inner][\/vc_row_inner][vc_row_inner css=&#8221;.vc_custom_1473246146001{margin-top: -12px !important;margin-bottom: 5px !important;}&#8221;][vc_column_inner width=&#8221;1\/4&#8243;][\/vc_column_inner][vc_column_inner width=&#8221;1\/4&#8243;][\/vc_column_inner][vc_column_inner width=&#8221;1\/4&#8243;][\/vc_column_inner][vc_column_inner width=&#8221;1\/4&#8243;][\/vc_column_inner][\/vc_row_inner][\/vc_column][\/vc_row]\" \/>\n<meta property=\"og:url\" content=\"https:\/\/hotelshkelzeni.com\/contact\/\" \/>\n<meta property=\"og:site_name\" content=\"Hotel Shkelzeni\" \/>\n<meta name=\"twitter:card\" content=\"summary_large_image\" \/>\n<meta name=\"twitter:label1\" content=\"Est. reading time\" \/>\n\t<meta name=\"twitter:data1\" content=\"4 minutes\" \/>\n<script type=\"application\/ld+json\" class=\"yoast-schema-graph\">{\"@context\":\"https:\/\/schema.org\",\"@graph\":[{\"@type\":\"WebPage\",\"@id\":\"https:\/\/hotelshkelzeni.com\/contact\/\",\"url\":\"https:\/\/hotelshkelzeni.com\/contact\/\",\"name\":\"Kontakt - Hotel Shkelzeni\",\"isPartOf\":{\"@id\":\"https:\/\/hotelshkelzeni.com\/#website\"},\"datePublished\":\"2017-08-27T15:48:37+00:00\",\"breadcrumb\":{\"@id\":\"https:\/\/hotelshkelzeni.com\/contact\/#breadcrumb\"},\"inLanguage\":\"de-DE\",\"potentialAction\":[{\"@type\":\"ReadAction\",\"target\":[\"https:\/\/hotelshkelzeni.com\/contact\/\"]}]},{\"@type\":\"BreadcrumbList\",\"@id\":\"https:\/\/hotelshkelzeni.com\/contact\/#breadcrumb\",\"itemListElement\":[{\"@type\":\"ListItem\",\"position\":1,\"name\":\"Home\",\"item\":\"https:\/\/hotelshkelzeni.com\/\"},{\"@type\":\"ListItem\",\"position\":2,\"name\":\"Kontakt\"}]},{\"@type\":\"WebSite\",\"@id\":\"https:\/\/hotelshkelzeni.com\/#website\",\"url\":\"https:\/\/hotelshkelzeni.com\/\",\"name\":\"Hotel Shkelzeni\",\"description\":\"Hotel in Bajram Curri, Tropoje\",\"potentialAction\":[{\"@type\":\"SearchAction\",\"target\":{\"@type\":\"EntryPoint\",\"urlTemplate\":\"https:\/\/hotelshkelzeni.com\/?s={search_term_string}\"},\"query-input\":{\"@type\":\"PropertyValueSpecification\",\"valueRequired\":true,\"valueName\":\"search_term_string\"}}],\"inLanguage\":\"de-DE\"}]}<\/script>\n<!-- \/ Yoast SEO plugin. -->","yoast_head_json":{"title":"Kontakt - Hotel Shkelzeni","robots":{"index":"index","follow":"follow","max-snippet":"max-snippet:-1","max-image-preview":"max-image-preview:large","max-video-preview":"max-video-preview:-1"},"canonical":"https:\/\/hotelshkelzeni.com\/contact\/","og_locale":"de_DE","og_type":"article","og_title":"Kontakt - Hotel Shkelzeni","og_description":"[vc_row row_type=&#8221;3&#8243; blox_height=&#8221;495&#8243; blox_image=&#8221;10693&#8243; page_title=&#8221;page-title-x&#8221; blox_dark=&#8221;true&#8221; blox_class=&#8221;w-top-se&#8221; parallax_speed=&#8221;8&#8243;][vc_column css=&#8221;.vc_custom_1473163800849{margin-bottom: 11px !important;}&#8221;][vc_column_text]Informationen finden Mit Hotel Shkelzeni wenn Sie irgendwelche Fragen haben.[\/vc_column_text][\/vc_column][\/vc_row][vc_row][vc_column][vc_row_inner][vc_column_inner width=&#8221;1\/6&#8243;][\/vc_column_inner][vc_column_inner width=&#8221;4\/6&#8243;][\/vc_column_inner][vc_column_inner width=&#8221;1\/6&#8243;][\/vc_column_inner][\/vc_row_inner][vc_row_inner][vc_column_inner css=&#8221;.vc_custom_1473243202982{padding-top: 12px !important;padding-bottom: 5px !important;}&#8221;][vc_gmaps link=&#8221;#E-8_JTNDaWZyYW1lJTIwc3JjJTNEJTIyaHR0cHMlM0ElMkYlMkZ3d3cuZ29vZ2xlLmNvbSUyRm1hcHMlMkZlbWJlZCUzRnBiJTNEJTIxMW0xOCUyMTFtMTIlMjExbTMlMjExZDI5NDguMzk0MzQwMzU4NDQ4NSUyMTJkMjAuMDcyNTg2MzUwNjUyMTM0JTIxM2Q0Mi4zNTU0MzQ1ODc2NDkxOCUyMTJtMyUyMTFmMCUyMTJmMCUyMTNmMCUyMTNtMiUyMTFpMTAyNCUyMTJpNzY4JTIxNGYxMy4xJTIxM20zJTIxMW0yJTIxMXMweDAlMjUzQTB4NThhOWQwYmQ2M2E3ZmIyOSUyMTJzSG90ZWwlMkJUdXJpem1pJTIxNWUwJTIxM20yJTIxMXNlbiUyMTJzJTIxNHYxNTAxNjA2MjIxNzgzJTIyJTIwd2lkdGglM0QlMjI4MDAlMjIlMjBoZWlnaHQlM0QlMjI2MDAlMjIlMjBmcmFtZWJvcmRlciUzRCUyMjAlMjIlMjBzdHlsZSUzRCUyMmJvcmRlciUzQTAlMjIlMjBhbGxvd2Z1bGxzY3JlZW4lM0UlM0MlMkZpZnJhbWUlM0U=&#8221;][\/vc_column_inner][\/vc_row_inner][\/vc_column][\/vc_row][vc_row][vc_column][vc_row_inner][vc_column_inner width=&#8221;1\/6&#8243;][\/vc_column_inner][vc_column_inner width=&#8221;4\/6&#8243;][\/vc_column_inner][vc_column_inner width=&#8221;1\/6&#8243;][\/vc_column_inner][\/vc_row_inner][vc_row_inner][vc_column_inner el_class=&#8221;w-contact-info&#8221; width=&#8221;1\/2&#8243; css=&#8221;.vc_custom_1473576674637{margin-top: 15px !important;}&#8221;][\/vc_column_inner][vc_column_inner el_class=&#8221;aligncenter&#8221; width=&#8221;1\/2&#8243; css=&#8221;.vc_custom_1473243722623{margin-top: -2px !important;}&#8221;][\/vc_column_inner][\/vc_row_inner][\/vc_column][\/vc_row][vc_row][vc_column css=&#8221;.vc_custom_1473245247959{margin-top: 8px !important;}&#8221;][vc_row_inner][vc_column_inner width=&#8221;1\/6&#8243;][\/vc_column_inner][vc_column_inner width=&#8221;4\/6&#8243;][\/vc_column_inner][vc_column_inner width=&#8221;1\/6&#8243;][\/vc_column_inner][\/vc_row_inner][vc_row_inner css=&#8221;.vc_custom_1473246146001{margin-top: -12px !important;margin-bottom: 5px !important;}&#8221;][vc_column_inner width=&#8221;1\/4&#8243;][\/vc_column_inner][vc_column_inner width=&#8221;1\/4&#8243;][\/vc_column_inner][vc_column_inner width=&#8221;1\/4&#8243;][\/vc_column_inner][vc_column_inner width=&#8221;1\/4&#8243;][\/vc_column_inner][\/vc_row_inner][\/vc_column][\/vc_row]","og_url":"https:\/\/hotelshkelzeni.com\/contact\/","og_site_name":"Hotel Shkelzeni","twitter_card":"summary_large_image","twitter_misc":{"Est. reading time":"4 minutes"},"schema":{"@context":"https:\/\/schema.org","@graph":[{"@type":"WebPage","@id":"https:\/\/hotelshkelzeni.com\/contact\/","url":"https:\/\/hotelshkelzeni.com\/contact\/","name":"Kontakt - Hotel Shkelzeni","isPartOf":{"@id":"https:\/\/hotelshkelzeni.com\/#website"},"datePublished":"2017-08-27T15:48:37+00:00","breadcrumb":{"@id":"https:\/\/hotelshkelzeni.com\/contact\/#breadcrumb"},"inLanguage":"de-DE","potentialAction":[{"@type":"ReadAction","target":["https:\/\/hotelshkelzeni.com\/contact\/"]}]},{"@type":"BreadcrumbList","@id":"https:\/\/hotelshkelzeni.com\/contact\/#breadcrumb","itemListElement":[{"@type":"ListItem","position":1,"name":"Home","item":"https:\/\/hotelshkelzeni.com\/"},{"@type":"ListItem","position":2,"name":"Kontakt"}]},{"@type":"WebSite","@id":"https:\/\/hotelshkelzeni.com\/#website","url":"https:\/\/hotelshkelzeni.com\/","name":"Hotel Shkelzeni","description":"Hotel in Bajram Curri, Tropoje","potentialAction":[{"@type":"SearchAction","target":{"@type":"EntryPoint","urlTemplate":"https:\/\/hotelshkelzeni.com\/?s={search_term_string}"},"query-input":{"@type":"PropertyValueSpecification","valueRequired":true,"valueName":"search_term_string"}}],"inLanguage":"de-DE"}]}},"_links":{"self":[{"href":"https:\/\/hotelshkelzeni.com\/de\/wp-json\/wp\/v2\/pages\/10749","targetHints":{"allow":["GET"]}}],"collection":[{"href":"https:\/\/hotelshkelzeni.com\/de\/wp-json\/wp\/v2\/pages"}],"about":[{"href":"https:\/\/hotelshkelzeni.com\/de\/wp-json\/wp\/v2\/types\/page"}],"author":[{"embeddable":true,"href":"https:\/\/hotelshkelzeni.com\/de\/wp-json\/wp\/v2\/users\/1"}],"replies":[{"embeddable":true,"href":"https:\/\/hotelshkelzeni.com\/de\/wp-json\/wp\/v2\/comments?post=10749"}],"version-history":[{"count":0,"href":"https:\/\/hotelshkelzeni.com\/de\/wp-json\/wp\/v2\/pages\/10749\/revisions"}],"wp:attachment":[{"href":"https:\/\/hotelshkelzeni.com\/de\/wp-json\/wp\/v2\/media?parent=10749"}],"curies":[{"name":"wp","href":"https:\/\/api.w.org\/{rel}","templated":true}]}}